{"id":3269,"date":"2025-07-08T06:25:20","date_gmt":"2025-07-08T04:25:20","guid":{"rendered":"https:\/\/twistedtales.tv\/privacy-policy\/"},"modified":"2026-02-25T10:42:29","modified_gmt":"2026-02-25T09:42:29","slug":"politika-privatnosti","status":"publish","type":"page","link":"https:\/\/twistedtales.tv\/sr\/politika-privatnosti\/","title":{"rendered":"Politika privatnosti"},"content":{"rendered":"\t\t\t\t<article\n\t\t\tclass=\"container about-article mb-10.75\">\n\t\t\t\t\t\t\t<header class=\"border-t-2 italic text-[40px] pt-1 mb-8 md:mb-12.5 md:border-t-[3px] md:text-[50px] lg:text-[40px]\">\n\t\t\t\t\t<strong class=\"font-semibold\">Twisted Tales<\/strong>\n\t\t\t\t<\/header>\n\t\t\t\t\t\t<div class=\"lg:grid lg:grid-cols-6 lg:gap-6.25\">\n\t\t\t\t<div class=\"space-y-5 lg:space-y-6.25 lg:col-span-4 lg:col-start-2\">\n\t\t\t\t\t\t\t\t\t\t\t<h1>Politika privatnosti<\/h1>\n\t\t\t\t\t\t\t\t\t\t\t\t\t\t\t\t\t\t\t\t\t\t\t\t\t\t\t\t\t\t\t\t\t\t\t\t\t<p><span style=\"font-weight: 400;\">Politika privatnosti<\/span><\/p>\n<p><strong>O NAMA<br \/>\n<\/strong><span style=\"font-weight: 400;\">Twisted Tales TV po\u0161tuje va\u0161u privatnost i posve\u0107en je za\u0161titi li\u010dnih podataka. Ova politika obja\u0161njava kako prikupljamo, koristimo i \u010duvamo informacije koje nam dostavite kada posetite na\u0161u veb-stranicu, koristite mobilnu aplikaciju ili stupite u interakciju sa na\u0161im uslugama.<\/span><\/p>\n<p><strong>PODACI KOJE PRIKUPLJAMO<br \/>\n<\/strong><span style=\"font-weight: 400;\">Mo\u017eemo prikupljati slede\u0107e vrste informacija:<\/span><\/p>\n<p><b>\u2192 <\/b><span style=\"font-weight: 400;\">Li\u010dni podaci koje nam dostavite \u2013 ime, adresa elektronske po\u0161te i drugi podaci koje nam pru\u017eite prilikom prijave na biltene, kontaktiranja ili registracije za radionice i doga\u0111aje.<br \/>\n<\/span><span style=\"font-weight: 400;\">\u2192 Podaci o kori\u0161\u0107enju \u2013 neidentifikovani podaci o na\u010dinu na koji koristite na\u0161u veb-stranicu ili mobilnu aplikaciju (npr. pose\u0107ene stranice, kori\u0161\u0107ene funkcije, klikovi).<br \/>\n<\/span><span style=\"font-weight: 400;\">\u2192 Kola\u010di\u0107i i sli\u010dne tehnologije \u2013 koristimo ih radi unapre\u0111enja korisni\u010dkog iskustva, pam\u0107enja va\u0161ih postavki i analize kori\u0161\u0107enja sajta (pogledajte na\u0161u Politiku kola\u010di\u0107a).<\/span><\/p>\n<p><strong>KAKO KORISTIMO INFORMACIJE<br \/>\n<\/strong><span style=\"font-weight: 400;\">Va\u0161e podatke koristimo da bismo:<\/span><\/p>\n<p><span style=\"font-weight: 400;\">\u2192 <\/span><span style=\"font-weight: 400;\">odgovorili na va\u0161a pitanja i pru\u017eili tra\u017eene usluge<\/span><span style=\"font-weight: 400;\"><br \/>\n<\/span><span style=\"font-weight: 400;\">\u2192 slali biltene i obave\u0161tenja, ukoliko ste se prijavili<\/span><span style=\"font-weight: 400;\"><br \/>\n<\/span><span style=\"font-weight: 400;\">\u2192 unapredili na\u0161u veb-stranicu, sadr\u017eaj i mobilnu aplikaciju<\/span><span style=\"font-weight: 400;\"><br \/>\n<\/span><span style=\"font-weight: 400;\">\u2192 bolje razumeli kako se na\u0161 sadr\u017eaj koristi<\/span><span style=\"font-weight: 400;\"><br \/>\n<\/span><span style=\"font-weight: 400;\">\u2192 obezbedili sigurnost i ispunili zakonske obaveze<\/span><\/p>\n<p><span style=\"font-weight: 400;\"><strong>DELJENJE VA\u0160IH PODATAKA<\/strong><br \/>\n<\/span><span style=\"font-weight: 400;\">Ne prodajemo Va\u0161e li\u010dne podatke. Va\u0161e podatke mo\u017eemo deliti samo sa pouzdanim partnerima koji nam poma\u017eu u funkcionisanju veb-sajta, mobilne aplikacije ili na\u0161ih obrazovnih programa, i to uz obavezne sporazume o poverljivosti.<\/span><\/p>\n<p><strong>VA\u0160A PRAVA<br \/>\n<\/strong><span style=\"font-weight: 400;\">Imate pravo da:<\/span><\/p>\n<p><span style=\"font-weight: 400;\">\u2192 pristupite svojim li\u010dnim podacima, da ih ispravite ili zatra\u017eite njihovo brisanje<\/span><span style=\"font-weight: 400;\"><br \/>\n<\/span><span style=\"font-weight: 400;\">\u2192 se odjavite sa biltena ili marketin\u0161kih obave\u0161tenja u bilo kom trenutku<\/span><span style=\"font-weight: 400;\"><br \/>\n<\/span><span style=\"font-weight: 400;\">\u2192 dobijete informacije o tome kako koristimo va\u0161e podatke<\/span><\/p>\n<p><strong>BEZBEDNOST PODATAKA<br \/>\n<\/strong><span style=\"font-weight: 400;\">Preduzimamo razumne mere kako bismo za\u0161titili va\u0161e podatke od neovla\u0161\u0107enog pristupa, izmene, otkrivanja ili zloupotrebe.<\/span><\/p>\n<p><strong>KONTAKTIRAJTE NAS<br \/>\n<\/strong>Ako imate pitanja ili nedoumice u vezi sa ovom politikom privatnosti, pi\u0161ite nam na: <a href=\"mailto:twisted@transmedia-design.me\">twisted@transmedia-design.me <b>\u2192<\/b><\/a><\/p>\n\t\t\t\t\t\t\t\t\t\t\t\t\t\t\t\t\t\t\t\t\t\t<\/div>\n\t\t\t<\/div>\n\t\t<\/article>\n\t","protected":false},"excerpt":{"rendered":"","protected":false},"author":2,"featured_media":0,"parent":0,"menu_order":0,"comment_status":"closed","ping_status":"open","template":"","meta":{"_acf_changed":false,"footnotes":""},"class_list":["post-3269","page","type-page","status-publish","hentry"],"acf":[],"_links":{"self":[{"href":"https:\/\/twistedtales.tv\/sr\/wp-json\/wp\/v2\/pages\/3269","targetHints":{"allow":["GET"]}}],"collection":[{"href":"https:\/\/twistedtales.tv\/sr\/wp-json\/wp\/v2\/pages"}],"about":[{"href":"https:\/\/twistedtales.tv\/sr\/wp-json\/wp\/v2\/types\/page"}],"author":[{"embeddable":true,"href":"https:\/\/twistedtales.tv\/sr\/wp-json\/wp\/v2\/users\/2"}],"replies":[{"embeddable":true,"href":"https:\/\/twistedtales.tv\/sr\/wp-json\/wp\/v2\/comments?post=3269"}],"version-history":[{"count":1,"href":"https:\/\/twistedtales.tv\/sr\/wp-json\/wp\/v2\/pages\/3269\/revisions"}],"predecessor-version":[{"id":4040,"href":"https:\/\/twistedtales.tv\/sr\/wp-json\/wp\/v2\/pages\/3269\/revisions\/4040"}],"wp:attachment":[{"href":"https:\/\/twistedtales.tv\/sr\/wp-json\/wp\/v2\/media?parent=3269"}],"curies":[{"name":"wp","href":"https:\/\/api.w.org\/{rel}","templated":true}]}}