{"id":3268,"date":"2025-09-24T19:03:26","date_gmt":"2025-09-24T17:03:26","guid":{"rendered":"https:\/\/twistedtales.tv\/press-centre\/"},"modified":"2026-03-04T17:41:16","modified_gmt":"2026-03-04T16:41:16","slug":"press-centar","status":"publish","type":"page","link":"https:\/\/twistedtales.tv\/sr\/press-centar\/","title":{"rendered":"Press\u2008centar"},"content":{"rendered":"\t\t\t\t<article\n\t\t\tclass=\"container about-article mb-10.75\">\n\t\t\t\t\t\t\t<header class=\"border-t-2 italic text-[40px] pt-1 mb-8 md:mb-12.5 md:border-t-[3px] md:text-[50px] lg:text-[40px]\">\n\t\t\t\t\t<strong class=\"font-semibold\">Press\u2008centar<\/strong>\n\t\t\t\t<\/header>\n\t\t\t\t\t\t<div class=\"lg:grid lg:grid-cols-6 lg:gap-6.25\">\n\t\t\t\t<div class=\"space-y-5 lg:space-y-6.25 lg:col-span-4 lg:col-start-2\">\n\t\t\t\t\t\t\t\t\t\t\t<h1>Press\u2008centar<\/h1>\n\t\t\t\t\t\t\t\t\t\t\t\t\t\t\t\t\t\t\t\t\t\t\t\t\t\t\t\t\t\t\t\t\t\t\t\t\t<p style=\"padding-left: 40px;\"><strong>Da li ste novinar, bloger ili kreator sadr\u017eaja koji \u017eeli da sazna vi\u0161e o <em>Twisted Tales<\/em> pri\u010dama?<\/strong><\/p>\n<p>Za sve medijske upite kontaktirajte nas na: <strong><a href=\"mailto:twisted@transmedia-design.me\">twisted@transmedia-design.me <b>\u2192<\/b><\/a><\/strong><\/p>\n<p>&nbsp;<\/p>\n\t\t\t\t\t\t\t\t\t\t\t\t\t\t\t\t\t\t\t\t\t\t<\/div>\n\t\t\t<\/div>\n\t\t<\/article>\n\t","protected":false},"excerpt":{"rendered":"","protected":false},"author":2,"featured_media":0,"parent":0,"menu_order":0,"comment_status":"closed","ping_status":"closed","template":"","meta":{"_acf_changed":false,"footnotes":""},"class_list":["post-3268","page","type-page","status-publish","hentry"],"acf":[],"_links":{"self":[{"href":"https:\/\/twistedtales.tv\/sr\/wp-json\/wp\/v2\/pages\/3268","targetHints":{"allow":["GET"]}}],"collection":[{"href":"https:\/\/twistedtales.tv\/sr\/wp-json\/wp\/v2\/pages"}],"about":[{"href":"https:\/\/twistedtales.tv\/sr\/wp-json\/wp\/v2\/types\/page"}],"author":[{"embeddable":true,"href":"https:\/\/twistedtales.tv\/sr\/wp-json\/wp\/v2\/users\/2"}],"replies":[{"embeddable":true,"href":"https:\/\/twistedtales.tv\/sr\/wp-json\/wp\/v2\/comments?post=3268"}],"version-history":[{"count":3,"href":"https:\/\/twistedtales.tv\/sr\/wp-json\/wp\/v2\/pages\/3268\/revisions"}],"predecessor-version":[{"id":4157,"href":"https:\/\/twistedtales.tv\/sr\/wp-json\/wp\/v2\/pages\/3268\/revisions\/4157"}],"wp:attachment":[{"href":"https:\/\/twistedtales.tv\/sr\/wp-json\/wp\/v2\/media?parent=3268"}],"curies":[{"name":"wp","href":"https:\/\/api.w.org\/{rel}","templated":true}]}}