{"id":3266,"date":"2025-07-08T08:16:09","date_gmt":"2025-07-08T06:16:09","guid":{"rendered":"https:\/\/twistedtales.tv\/home\/"},"modified":"2026-03-12T17:08:37","modified_gmt":"2026-03-12T16:08:37","slug":"home","status":"publish","type":"page","link":"https:\/\/twistedtales.tv\/sr\/","title":{"rendered":"Home"},"content":{"rendered":"\t\t\t<figure class=\"container mb-10 lg:mb-16 lg:-mt-3.5\">\n\t\t\t<video loop muted playsinline autoplay class=\"block w-full h-auto md:rounded-lg lg:aspect-[1230\/837] lg:object-cover 2xl:aspect-auto\">\n\t\t\t\t<source src=\"https:\/\/twistedtales.tv\/wp-content\/uploads\/2026\/03\/Edu-SRPSKI.mp4\" type=\"video\/mp4\">\n\t\t\t<\/video>\n\t\t<\/figure>\n\t\n\n\t<div class=\"container\">\r\n\t\t<div class=\"posts-grid\">\r\n\t\t\t<div class=\"grid-sizer\"><\/div>\r\n\t\t\t\t\t\t\t\t\n\t\n<div class=\"post-item post-item-el  post-item-long theme-teal block border-t-2 border-b-2 border-current py-1 md:py-1.5 md:border-t-[3px] md:border-b-[3px] lg:py-3.5\">\n\t<a href=\"https:\/\/twistedtales.tv\/sr\/u-univerzumu-twisted-tales-nema-niceg-uvrnutog\/\" class=\"block\">\n\t\t\t\t\t\t\t<strong class=\"italic text-[40px] leading-none md:text-[50px] block mb-3.5 md:mb-0.75 lg:text-[40px]\">Edukacija<\/strong>\n\t\t\t\t\n\t\t<figure class=\"h-30 relative mb-1.25 md:h-45.5 md:mb-3 rounded-xl overflow-hidden\">\n\t\t\t\t\t\t\t<div class=\"grid h-full grid-cols-2 gap-x-5\">\n\t\t\t\t\t\t\t\t\t\t\t\t\t\t\t\t\t\t\t\t\t\n\t\t\t\t\t\t<div class=\"relative\">\n\t\t\t\t\t\t\t<img decoding=\"async\" src=\"https:\/\/twistedtales.tv\/wp-content\/themes\/twistedtales\/images\/img-home-post-2.svg\" alt=\"grid image 2\" loading=\"lazy\" class=\"lazyload absolute inset-0 w-full h-full mx-auto object-contain\">\n\t\t\t\t\t\t<\/div>\n\t\t\t\t\t\t\t\t\t\t\t\t\t\t\t\t<div class=\"relative\">\n\t\t\t\t\t\t\t<img decoding=\"async\" src=\"https:\/\/twistedtales.tv\/wp-content\/themes\/twistedtales\/images\/img-home-post-8.svg\" alt=\"grid image 8\" loading=\"lazy\" class=\"lazyload absolute inset-0 w-full h-full mx-auto object-contain\">\n\t\t\t\t\t\t<\/div>\n\t\t\t\t\t\t\t\t\t<\/div>\n\t\t\t\t\t\t\t\t\t\t\n\t\t<\/figure>\n\t\t<h2 class=\"text-[42.66px] leading-[1.1851851852] mb-4 md:text-[54px] md:mb-6\">U univerzumu Twisted Tales nema ni\u010deg uvrnutog<\/h2>\n\t\t<div class=\"relative mb-14 md:mb-9.75 lg:mb-7.75\">\n\t\t\t<div class=\"text-section\">\n\t\t\t\t<p>Napisala Kristina Te\u0161ija<\/p>\n\t\t\t<\/div>\n\t\t<\/div>\n\t<\/a>\n<\/div>\t\t\t\t\r\n\t\t\t\t\t\t\t\t\n\t\n<div class=\"post-item post-item-el  theme-red block border-t-2 border-b-2 border-current py-1 md:py-1.5 md:border-t-[3px] md:border-b-[3px] lg:py-3.5\">\n\t<a href=\"https:\/\/twistedtales.tv\/sr\/zeljka-i-snezna-kraljica-2\/\" class=\"block\">\n\t\t\t\t\t\t\t<strong class=\"italic text-[40px] leading-none md:text-[50px] block mb-3.5 md:mb-0.75 lg:text-[40px]\">Pozori\u0161te<\/strong>\n\t\t\t\t\n\t\t<figure class=\"h-30 relative mb-1.25 md:h-45.5 md:mb-3 rounded-xl overflow-hidden\">\n\t\t\t\t\t\t\t\n\t\t\t\t\t\t\n\t\t\t\t\t\t\t\t\t\t\t\t\t\t\n\t\t\t\t\t<img decoding=\"async\" src=\"https:\/\/twistedtales.tv\/wp-content\/themes\/twistedtales\/images\/img-home-post-1.svg\" alt=\"grid image 1\" loading=\"lazy\" class=\"lazyload absolute inset-0 w-full h-full object-contain\">\n\t\t\t\t\t\t\t\t\t\t\t\t\t\t\t\t\t\t\n\t\t\t\t<img decoding=\"async\" src=\"https:\/\/twistedtales.tv\/wp-content\/uploads\/2025\/09\/jovana-semiz-16-of-30-1024x683.jpg\" alt=\"\u017deljka i sne\u017ena kraljica\" loading=\"lazy\" class=\"lazyload absolute inset-0 w-full h-full object-cover\">\n\t\t\t\t\t\t\t\n\t\t<\/figure>\n\t\t<h2 class=\"text-[42.66px] leading-[1.1851851852] mb-4 md:text-[54px] md:mb-6\">\u017deljka i sne\u017ena kraljica<\/h2>\n\t\t<div class=\"relative mb-14 md:mb-9.75 lg:mb-7.75\">\n\t\t\t<div class=\"text-section\">\n\t\t\t\t<p>Zasnovana na novoj interpretaciji Sne\u017ene kraljice, ova predstava slavi toplinu prijateljstva, inkluziju i emocionalnu hrabrost.<\/p>\n\t\t\t<\/div>\n\t\t<\/div>\n\t<\/a>\n<\/div>\t\t\t\t\r\n\t\t\t\t\t\t\t\t\n\t\n<div class=\"post-item post-item-el  theme-orange block border-t-2 border-b-2 border-current py-1 md:py-1.5 md:border-t-[3px] md:border-b-[3px] lg:py-3.5\">\n\t<a href=\"https:\/\/twistedtales.tv\/sr\/prava-pepeljuga-3\/\" class=\"block\">\n\t\t\t\t\t\t\t<strong class=\"italic text-[40px] leading-none md:text-[50px] block mb-3.5 md:mb-0.75 lg:text-[40px]\">Pozori\u0161te<\/strong>\n\t\t\t\t\n\t\t<figure class=\"h-30 relative mb-1.25 md:h-45.5 md:mb-3 rounded-xl overflow-hidden\">\n\t\t\t\t\t\t\t\n\t\t\t\t\t\t\n\t\t\t\t\t\t\t\t\t\t\t\t\t\t\n\t\t\t\t\t<img decoding=\"async\" src=\"https:\/\/twistedtales.tv\/wp-content\/themes\/twistedtales\/images\/img-home-post-9.svg\" alt=\"grid image 9\" loading=\"lazy\" class=\"lazyload absolute inset-0 w-full h-full object-contain\">\n\t\t\t\t\t\t\t\t\t\t\t\t\t\t\t\t\t\t\n\t\t\t\t<img decoding=\"async\" src=\"https:\/\/twistedtales.tv\/wp-content\/uploads\/2025\/07\/Foto-Sara-Kecman-1-1024x683.jpg\" alt=\"Prava Pepeljuga\" loading=\"lazy\" class=\"lazyload absolute inset-0 w-full h-full object-cover\">\n\t\t\t\t\t\t\t\n\t\t<\/figure>\n\t\t<h2 class=\"text-[42.66px] leading-[1.1851851852] mb-4 md:text-[54px] md:mb-6\">Prava Pepeljuga<\/h2>\n\t\t<div class=\"relative mb-14 md:mb-9.75 lg:mb-7.75\">\n\t\t\t<div class=\"text-section\">\n\t\t\t\t<p>Pozori\u0161na adaptacija Prave Pepeljuge donosi razigrano iskustvo u kojem publika aktivno u\u010destvuje.<\/p>\n\t\t\t<\/div>\n\t\t<\/div>\n\t<\/a>\n<\/div>\t\t\t\t\r\n\t\t\t\t\t\t\t\t\n\t\n<div class=\"post-item post-item-el  theme-red block border-t-2 border-b-2 border-current py-1 md:py-1.5 md:border-t-[3px] md:border-b-[3px] lg:py-3.5\">\n\t<a href=\"https:\/\/twistedtales.tv\/sr\/crvenkapa\/\" class=\"block\">\n\t\t\t\t\t\t\t<strong class=\"italic text-[40px] leading-none md:text-[50px] block mb-3.5 md:mb-0.75 lg:text-[40px]\">Pozori\u0161te<\/strong>\n\t\t\t\t\n\t\t<figure class=\"h-30 relative mb-1.25 md:h-45.5 md:mb-3 rounded-xl overflow-hidden\">\n\t\t\t\t\t\t\t\n\t\t\t\t\t\t\n\t\t\t\t\t\t\t\t\t\t\t\t\t\t\n\t\t\t\t\t<img decoding=\"async\" src=\"https:\/\/twistedtales.tv\/wp-content\/themes\/twistedtales\/images\/img-home-post-1.svg\" alt=\"grid image 1\" loading=\"lazy\" class=\"lazyload absolute inset-0 w-full h-full object-contain\">\n\t\t\t\t\t\t\t\t\t\t\t\t\t\t\t\t\t\t\n\t\t\t\t<img decoding=\"async\" src=\"https:\/\/twistedtales.tv\/wp-content\/uploads\/2025\/09\/jovana_semiz-8-1024x683.jpg\" alt=\"Crvenkapa\" loading=\"lazy\" class=\"lazyload absolute inset-0 w-full h-full object-cover\">\n\t\t\t\t\t\t\t\n\t\t<\/figure>\n\t\t<h2 class=\"text-[42.66px] leading-[1.1851851852] mb-4 md:text-[54px] md:mb-6\">Crvenkapa<\/h2>\n\t\t<div class=\"relative mb-14 md:mb-9.75 lg:mb-7.75\">\n\t\t\t<div class=\"text-section\">\n\t\t\t\t<p>Nova verzija Crvenkape daje glavnoj junakinji Bjanki hrabrost da se suo\u010di sa vukom, ali i sa sopstvenim strahovima.<\/p>\n\t\t\t<\/div>\n\t\t<\/div>\n\t<\/a>\n<\/div>\t\t\t\t\r\n\t\t\t\t\t\t\t\t\n\t\n<div class=\"post-item post-item-el  theme-red block border-t-2 border-b-2 border-current py-1 md:py-1.5 md:border-t-[3px] md:border-b-[3px] lg:py-3.5\">\n\t<a href=\"https:\/\/twistedtales.tv\/sr\/alen-i-carobna-lampa-2\/\" class=\"block\">\n\t\t\t\t\t\t\t<strong class=\"italic text-[40px] leading-none md:text-[50px] block mb-3.5 md:mb-0.75 lg:text-[40px]\">Pozori\u0161te<\/strong>\n\t\t\t\t\n\t\t<figure class=\"h-30 relative mb-1.25 md:h-45.5 md:mb-3 rounded-xl overflow-hidden\">\n\t\t\t\t\t\t\t\n\t\t\t\t\t\t\n\t\t\t\t\t\t\t\t\t\t\t\t\t\t\n\t\t\t\t\t<img decoding=\"async\" src=\"https:\/\/twistedtales.tv\/wp-content\/themes\/twistedtales\/images\/img-home-post-1.svg\" alt=\"grid image 1\" loading=\"lazy\" class=\"lazyload absolute inset-0 w-full h-full object-contain\">\n\t\t\t\t\t\t\t\t\t\t\t\t\t\t\t\t\t\t\n\t\t\t\t<img decoding=\"async\" src=\"https:\/\/twistedtales.tv\/wp-content\/uploads\/2025\/09\/jovana-semiz-3-of-30-1024x683.jpg\" alt=\"Alen i \u010darobna lampa\" loading=\"lazy\" class=\"lazyload absolute inset-0 w-full h-full object-cover\">\n\t\t\t\t\t\t\t\n\t\t<\/figure>\n\t\t<h2 class=\"text-[42.66px] leading-[1.1851851852] mb-4 md:text-[54px] md:mb-6\">Alen i \u010darobna lampa<\/h2>\n\t\t<div class=\"relative mb-14 md:mb-9.75 lg:mb-7.75\">\n\t\t\t<div class=\"text-section\">\n\t\t\t\t<p>Predstava Alen i \u010darobna lampa poziva publiku u svet ma\u0161te, kreativnosti i snova.<\/p>\n\t\t\t<\/div>\n\t\t<\/div>\n\t<\/a>\n<\/div>\t\t\t\t\r\n\t\t\t\t\t\t\t\t\n\t\n<div class=\"post-item post-item-el  theme-green block border-t-2 border-b-2 border-current py-1 md:py-1.5 md:border-t-[3px] md:border-b-[3px] lg:py-3.5\">\n\t<a href=\"https:\/\/twistedtales.tv\/sr\/prava-pepeljuga\/\" class=\"block\">\n\t\t\t\t\t\t\t<strong class=\"italic text-[40px] leading-none md:text-[50px] block mb-3.5 md:mb-0.75 lg:text-[40px]\">Knjige<\/strong>\n\t\t\t\t\n\t\t<figure class=\"h-30 relative mb-1.25 md:h-45.5 md:mb-3 rounded-xl overflow-hidden\">\n\t\t\t\t\t\t\t\n\t\t\t\t\t\t\n\t\t\t\t\t\t\t\t\t\t\t\t\t\t\n\t\t\t\t\t<img decoding=\"async\" src=\"https:\/\/twistedtales.tv\/wp-content\/themes\/twistedtales\/images\/img-home-post-9.svg\" alt=\"grid image 9\" loading=\"lazy\" class=\"lazyload absolute inset-0 w-full h-full object-contain\">\n\t\t\t\t\t\t\t\t\t\t\t\t\t\t\t\t\t\t\n\t\t\t\t<img decoding=\"async\" src=\"https:\/\/twistedtales.tv\/wp-content\/uploads\/2025\/07\/IMG_5992-1024x683.jpg\" alt=\"Prava Pepeljuga\" loading=\"lazy\" class=\"lazyload absolute inset-0 w-full h-full object-cover\">\n\t\t\t\t\t\t\t\n\t\t<\/figure>\n\t\t<h2 class=\"text-[42.66px] leading-[1.1851851852] mb-4 md:text-[54px] md:mb-6\">Prava Pepeljuga<\/h2>\n\t\t<div class=\"relative mb-14 md:mb-9.75 lg:mb-7.75\">\n\t\t\t<div class=\"text-section\">\n\t\t\t\t<p>Prava Pepeljuga je bajka o hrabrosti, ma\u0161ti i slobodi ispri\u010dana na nov, moderan na\u010din. Pepa ple\u0161e kroz izazove i otkriva svoju snagu, pokazuju\u0107i deci da su vera u sebe i istrajnost mo\u0107nije od svake magije.<\/p>\n\t\t\t<\/div>\n\t\t<\/div>\n\t<\/a>\n<\/div>\t\t\t\t\r\n\t\t\t\t\t\t\t\t\n\t\n<div class=\"post-item post-item-el  theme-red block border-t-2 border-b-2 border-current py-1 md:py-1.5 md:border-t-[3px] md:border-b-[3px] lg:py-3.5\">\n\t<a href=\"https:\/\/twistedtales.tv\/sr\/princeza-i-njen-prijatelj-zaba\/\" class=\"block\">\n\t\t\t\t\t\t\t<strong class=\"italic text-[40px] leading-none md:text-[50px] block mb-3.5 md:mb-0.75 lg:text-[40px]\">Knjige<\/strong>\n\t\t\t\t\n\t\t<figure class=\"h-30 relative mb-1.25 md:h-45.5 md:mb-3 rounded-xl overflow-hidden\">\n\t\t\t\t\t\t\t\n\t\t\t\t\t\t\n\t\t\t\t\t\t\t\t\t\t\t\t\t\t\n\t\t\t\t\t<img decoding=\"async\" src=\"https:\/\/twistedtales.tv\/wp-content\/themes\/twistedtales\/images\/img-home-post-1.svg\" alt=\"grid image 1\" loading=\"lazy\" class=\"lazyload absolute inset-0 w-full h-full object-contain\">\n\t\t\t\t\t\t\t\t\t\t\t\t\t\t\n\t\t<\/figure>\n\t\t<h2 class=\"text-[42.66px] leading-[1.1851851852] mb-4 md:text-[54px] md:mb-6\">Princeza i njen prijatelj \u017eaba<\/h2>\n\t\t<div class=\"relative mb-14 md:mb-9.75 lg:mb-7.75\">\n\t\t\t<div class=\"text-section\">\n\t\t\t\t<p>\u2192 \u00a0Uskoro!<\/p>\n\t\t\t<\/div>\n\t\t<\/div>\n\t<\/a>\n<\/div>\t\t\t\t\r\n\t\t\t\t\t\t\t\t\n\t\n<div class=\"post-item post-item-el  theme-red block border-t-2 border-b-2 border-current py-1 md:py-1.5 md:border-t-[3px] md:border-b-[3px] lg:py-3.5\">\n\t<a href=\"https:\/\/twistedtales.tv\/sr\/alen-i-carobna-lampa\/\" class=\"block\">\n\t\t\t\t\t\t\t<strong class=\"italic text-[40px] leading-none md:text-[50px] block mb-3.5 md:mb-0.75 lg:text-[40px]\">Knjige<\/strong>\n\t\t\t\t\n\t\t<figure class=\"h-30 relative mb-1.25 md:h-45.5 md:mb-3 rounded-xl overflow-hidden\">\n\t\t\t\t\t\t\t\n\t\t\t\t\t\t\n\t\t\t\t\t\t\t\t\t\t\t\t\t\t\n\t\t\t\t\t<img decoding=\"async\" src=\"https:\/\/twistedtales.tv\/wp-content\/themes\/twistedtales\/images\/img-home-post-1.svg\" alt=\"grid image 1\" loading=\"lazy\" class=\"lazyload absolute inset-0 w-full h-full object-contain\">\n\t\t\t\t\t\t\t\t\t\t\t\t\t\t\n\t\t<\/figure>\n\t\t<h2 class=\"text-[42.66px] leading-[1.1851851852] mb-4 md:text-[54px] md:mb-6\">Alen i \u010darobna lampa<\/h2>\n\t\t<div class=\"relative mb-14 md:mb-9.75 lg:mb-7.75\">\n\t\t\t<div class=\"text-section\">\n\t\t\t\t<p>\u2192 \u00a0Uskoro!<\/p>\n\t\t\t<\/div>\n\t\t<\/div>\n\t<\/a>\n<\/div>\t\t\t\t\r\n\t\t\t\t\t\t\t\t\n\t\n<div class=\"post-item post-item-el  theme-red block border-t-2 border-b-2 border-current py-1 md:py-1.5 md:border-t-[3px] md:border-b-[3px] lg:py-3.5\">\n\t<a href=\"https:\/\/twistedtales.tv\/sr\/zeljka-i-snezna-kraljica\/\" class=\"block\">\n\t\t\t\t\t\t\t<strong class=\"italic text-[40px] leading-none md:text-[50px] block mb-3.5 md:mb-0.75 lg:text-[40px]\">Knjige<\/strong>\n\t\t\t\t\n\t\t<figure class=\"h-30 relative mb-1.25 md:h-45.5 md:mb-3 rounded-xl overflow-hidden\">\n\t\t\t\t\t\t\t\n\t\t\t\t\t\t\n\t\t\t\t\t\t\t\t\t\t\t\t\t\t\n\t\t\t\t\t<img decoding=\"async\" src=\"https:\/\/twistedtales.tv\/wp-content\/themes\/twistedtales\/images\/img-home-post-1.svg\" alt=\"grid image 1\" loading=\"lazy\" class=\"lazyload absolute inset-0 w-full h-full object-contain\">\n\t\t\t\t\t\t\t\t\t\t\t\t\t\t\n\t\t<\/figure>\n\t\t<h2 class=\"text-[42.66px] leading-[1.1851851852] mb-4 md:text-[54px] md:mb-6\">\u017deljka i sne\u017ena kraljica<\/h2>\n\t\t<div class=\"relative mb-14 md:mb-9.75 lg:mb-7.75\">\n\t\t\t<div class=\"text-section\">\n\t\t\t\t<p>\u2192 Uskoro!<\/p>\n\t\t\t<\/div>\n\t\t<\/div>\n\t<\/a>\n<\/div>\t\t\t\t\r\n\t\t\t\t\t\t\t\t\n\t\n<div class=\"post-item post-item-el  theme-green block border-t-2 border-b-2 border-current py-1 md:py-1.5 md:border-t-[3px] md:border-b-[3px] lg:py-3.5\">\n\t<a href=\"https:\/\/twistedtales.tv\/sr\/prava-pepeljuga-2\/\" class=\"block\">\n\t\t\t\t\t\t\t<strong class=\"italic text-[40px] leading-none md:text-[50px] block mb-3.5 md:mb-0.75 lg:text-[40px]\">Animirani film<\/strong>\n\t\t\t\t\n\t\t<figure class=\"h-30 relative mb-1.25 md:h-45.5 md:mb-3 rounded-xl overflow-hidden\">\n\t\t\t\t\t\t\t\n\t\t\t\t\t\t\n\t\t\t\t\t\t\t\t\t\t\t\t\t\t\n\t\t\t\t\t<img decoding=\"async\" src=\"https:\/\/twistedtales.tv\/wp-content\/themes\/twistedtales\/images\/img-home-post-10.svg\" alt=\"grid image 10\" loading=\"lazy\" class=\"lazyload absolute inset-0 w-full h-full object-contain\">\n\t\t\t\t\t\t\t\t\t\t\t\t\t\t\t\t\t\t\n\t\t\t\t<img decoding=\"async\" src=\"https:\/\/twistedtales.tv\/wp-content\/uploads\/2025\/07\/img-tales-1-1024x467.webp\" alt=\"Prava Pepeljuga\" loading=\"lazy\" class=\"lazyload absolute inset-0 w-full h-full object-cover\">\n\t\t\t\t\t\t\t\n\t\t<\/figure>\n\t\t<h2 class=\"text-[42.66px] leading-[1.1851851852] mb-4 md:text-[54px] md:mb-6\">Prava Pepeljuga<\/h2>\n\t\t<div class=\"relative mb-14 md:mb-9.75 lg:mb-7.75\">\n\t\t\t<div class=\"text-section\">\n\t\t\t\t<p>Prava Pepeljuga je pri\u010da o hrabroj devojci koja kora\u010da kroz \u017eivot hrabro, uz osmeh i ma\u0161tu. \u010cak i kada je svet isku\u0161ava, ona otkriva da prava snaga ne dolazi iz magije ili od prin\u010deva, ve\u0107 iz vere u sebe i hrabrosti da sledi\u0161 svoje snove.<\/p>\n\t\t\t<\/div>\n\t\t<\/div>\n\t<\/a>\n<\/div>\t\t\t\t\r\n\t\t\t\t\t\t\t\t\n\t\n<div class=\"post-item post-item-el  post-item-long theme-teal block border-t-2 border-b-2 border-current py-1 md:py-1.5 md:border-t-[3px] md:border-b-[3px] lg:py-3.5\">\n\t<a href=\"https:\/\/twistedtales.tv\/sr\/rec-psihologa-kako-slusanje-bajki-oblikuje-nas-unutrasnji-svet\/\" class=\"block\">\n\t\t\t\t\t\t\n\t\t<figure class=\"h-30 relative mb-1.25 md:h-45.5 md:mb-3 rounded-xl overflow-hidden\">\n\t\t\t\t\t\t\t<div class=\"grid h-full grid-cols-2 gap-x-5\">\n\t\t\t\t\t\t\t\t\t\t\t\t\t\t\t\t\t\t\t\t\t\n\t\t\t\t\t\t<div class=\"relative\">\n\t\t\t\t\t\t\t<img decoding=\"async\" src=\"https:\/\/twistedtales.tv\/wp-content\/themes\/twistedtales\/images\/img-home-post-2.svg\" alt=\"grid image 2\" loading=\"lazy\" class=\"lazyload absolute inset-0 w-full h-full mx-auto object-contain\">\n\t\t\t\t\t\t<\/div>\n\t\t\t\t\t\t\t\t\t\t\t\t\t\t\t\t<div class=\"relative\">\n\t\t\t\t\t\t\t<img decoding=\"async\" src=\"https:\/\/twistedtales.tv\/wp-content\/themes\/twistedtales\/images\/img-home-post-8.svg\" alt=\"grid image 8\" loading=\"lazy\" class=\"lazyload absolute inset-0 w-full h-full mx-auto object-contain\">\n\t\t\t\t\t\t<\/div>\n\t\t\t\t\t\t\t\t\t<\/div>\n\t\t\t\t\t\t\t\t\t\t\n\t\t<\/figure>\n\t\t<h2 class=\"text-[42.66px] leading-[1.1851851852] mb-4 md:text-[54px] md:mb-6\">Re\u010d psihologa: Kako slu\u0161anje bajki oblikuje na\u0161 unutra\u0161nji svet<\/h2>\n\t\t<div class=\"relative mb-14 md:mb-9.75 lg:mb-7.75\">\n\t\t\t<div class=\"text-section\">\n\t\t\t\t<p>Napisala Suzana Krsti\u0107, psiholo\u0161kinja, ge\u0161talt terapeutkinja i frilenser trenerica<\/p>\n\t\t\t<\/div>\n\t\t<\/div>\n\t<\/a>\n<\/div>\t\t\t\t\r\n\t\t\t\t\t\t\t\t<\/div>\r\n\t<\/div>\r\n\n\n<section>\r\n\t<div class=\"container\">\r\n\t\t<hr class=\"border-t-3\">\r\n\t\t\t\t\t\r\n\t\t\t<header class=\"mb-5.25 md:-mb-2.75 xl:-mb-1 pt-2.75 xl:pt-3.5\">\r\n\t\t\t\t<h2 class=\"font-semibold italic text-[40px]\/none md:text-[50px]\/none xl:text-[40px]\/none\">Heroji<\/h2>\r\n\t\t\t<\/header>\r\n\t\t\t\t\t\t\t\r\n\t\t\t<div class=\"heroes-gallery relative mb-6.25 md:mb-5.5 px-16.25\">\r\n\t\t\t\t<div class=\"swiper max-w-83.5 md:max-w-159 xl:max-w-276 2xl:max-w-277.5 mx-auto\">\r\n\t\t\t\t\t<div class=\"swiper-wrapper\">\r\n\t\t\t\t\t\t\t\r\n\t\t\t\t\t\t\t<div class=\"swiper-slide\">\r\n\t\t\t\t\t\t\t\t<figure>\r\n\t\t\t\t\t\t\t\t\t\t\t\t\t\t\t\t\t\t\t<a href=\"https:\/\/twistedtales.tv\/tales\/bianca\/\" target=\"_self\">\r\n\t\t\t\t\t\t\t\t\t\t\t\t\t\t\t\t\t\t\r\n\t\t\t\t\t\t\t\t\t\t\t\t\t\t\t\t\t\t\t\t\t<img decoding=\"async\" src=\"https:\/\/twistedtales.tv\/wp-content\/uploads\/2025\/07\/img-heroes-gallery-003.webp\" alt=\"\" class=\"lazyload max-w-35.75 md:max-w-none mx-auto\" loading=\"lazy\">\r\n\t\t\t\t\t\t\t\t\t\t\t\t\t\t\t\t\t\t\t\t\t\t\t\t\t\t\t\t\t<\/a>\r\n\t\t\t\t\t\t\t\t\t\t\t\t\t\t\t\t\t\t\r\n\t\t\t\t\t\t\t\t<\/figure>\r\n\t\t\t\t\t\t\t<\/div>\r\n\t\t\t\t\t\t\t\r\n\t\t\t\t\t\t\t<div class=\"swiper-slide\">\r\n\t\t\t\t\t\t\t\t<figure>\r\n\t\t\t\t\t\t\t\t\t\t\t\t\t\t\t\t\t\t\t<a href=\"https:\/\/twistedtales.tv\/tales\/desiree\/\" target=\"_self\">\r\n\t\t\t\t\t\t\t\t\t\t\t\t\t\t\t\t\t\t\r\n\t\t\t\t\t\t\t\t\t\t\t\t\t\t\t\t\t\t\t\t\t<img decoding=\"async\" src=\"https:\/\/twistedtales.tv\/wp-content\/uploads\/2025\/09\/img-heroes-gallery-005.png\" alt=\"\" class=\"lazyload max-w-35.75 md:max-w-none mx-auto\" loading=\"lazy\">\r\n\t\t\t\t\t\t\t\t\t\t\t\t\t\t\t\t\t\t\t\t\t\t\t\t\t\t\t\t\t<\/a>\r\n\t\t\t\t\t\t\t\t\t\t\t\t\t\t\t\t\t\t\r\n\t\t\t\t\t\t\t\t<\/figure>\r\n\t\t\t\t\t\t\t<\/div>\r\n\t\t\t\t\t\t\t\r\n\t\t\t\t\t\t\t<div class=\"swiper-slide\">\r\n\t\t\t\t\t\t\t\t<figure>\r\n\t\t\t\t\t\t\t\t\t\t\t\t\t\t\t\t\t\t\t<a href=\"https:\/\/twistedtales.tv\/tales\/hansel-and-gretel\/\" target=\"_self\">\r\n\t\t\t\t\t\t\t\t\t\t\t\t\t\t\t\t\t\t\r\n\t\t\t\t\t\t\t\t\t\t\t\t\t\t\t\t\t\t\t\t\t<img decoding=\"async\" src=\"https:\/\/twistedtales.tv\/wp-content\/uploads\/2025\/07\/img-heroes-gallery-004.webp\" alt=\"\" class=\"lazyload max-w-35.75 md:max-w-none mx-auto\" loading=\"lazy\">\r\n\t\t\t\t\t\t\t\t\t\t\t\t\t\t\t\t\t\t\t\t\t\t\t\t\t\t\t\t\t<\/a>\r\n\t\t\t\t\t\t\t\t\t\t\t\t\t\t\t\t\t\t\r\n\t\t\t\t\t\t\t\t<\/figure>\r\n\t\t\t\t\t\t\t<\/div>\r\n\t\t\t\t\t\t\t\r\n\t\t\t\t\t\t\t<div class=\"swiper-slide\">\r\n\t\t\t\t\t\t\t\t<figure>\r\n\t\t\t\t\t\t\t\t\t\t\t\t\t\t\t\t\t\t\t<a href=\"https:\/\/twistedtales.tv\/tales\/cinda\/\" target=\"_self\">\r\n\t\t\t\t\t\t\t\t\t\t\t\t\t\t\t\t\t\t\r\n\t\t\t\t\t\t\t\t\t\t\t\t\t\t\t\t\t\t\t\t\t<img decoding=\"async\" src=\"https:\/\/twistedtales.tv\/wp-content\/uploads\/2025\/07\/img-heroes-gallery-001.webp\" alt=\"\" class=\"lazyload max-w-35.75 md:max-w-none mx-auto\" loading=\"lazy\">\r\n\t\t\t\t\t\t\t\t\t\t\t\t\t\t\t\t\t\t\t\t\t\t\t\t\t\t\t\t\t<\/a>\r\n\t\t\t\t\t\t\t\t\t\t\t\t\t\t\t\t\t\t\r\n\t\t\t\t\t\t\t\t<\/figure>\r\n\t\t\t\t\t\t\t<\/div>\r\n\t\t\t\t\t\t\t\r\n\t\t\t\t\t\t\t<div class=\"swiper-slide\">\r\n\t\t\t\t\t\t\t\t<figure>\r\n\t\t\t\t\t\t\t\t\t\t\t\t\t\t\t\t\t\t\t<a href=\"https:\/\/twistedtales.tv\/tales\/allen\/\" target=\"_self\">\r\n\t\t\t\t\t\t\t\t\t\t\t\t\t\t\t\t\t\t\r\n\t\t\t\t\t\t\t\t\t\t\t\t\t\t\t\t\t\t\t\t\t<img decoding=\"async\" src=\"https:\/\/twistedtales.tv\/wp-content\/uploads\/2025\/09\/img-heroes-gallery-004.png\" alt=\"\" class=\"lazyload max-w-35.75 md:max-w-none mx-auto\" loading=\"lazy\">\r\n\t\t\t\t\t\t\t\t\t\t\t\t\t\t\t\t\t\t\t\t\t\t\t\t\t\t\t\t\t<\/a>\r\n\t\t\t\t\t\t\t\t\t\t\t\t\t\t\t\t\t\t\r\n\t\t\t\t\t\t\t\t<\/figure>\r\n\t\t\t\t\t\t\t<\/div>\r\n\t\t\t\t\t\t\t\t\t\t\t<\/div>\r\n\t\t\t\t<\/div>\r\n\t\t\t\t<div class=\"swiper-button-prev\"><\/div>\r\n\t\t\t\t<div class=\"swiper-button-next\"><\/div>\r\n\t\t\t<\/div><!-- \/ heroes-gallery -->\r\n\t\t\t<hr class=\"border-t-3\">\r\n\t\t\t<\/div>\r\n<\/section>\n\n<section class=\"pt-7.75 md:pt-6.5 pb-6.75 md:pb-6.25 xl:pb-8.25 2xl:pb-7\">\n\t<div class=\"container\">\n\t\t<figure class=\"relative min-h-48 group rounded-lg bg-red text-white\">\n\t\t\t\t\t\t\t\t\t\t\n\t\t\t\t<figcaption class=\"pt-5.5 md:pt-7 xl:pt-11 2xl:pt-7 pb-6.75 md:pb-7.5 xl:pb-10.25 2xl:pb-7.75 px-3 sm:px-5 md:px-25 text-center\">\n\t\t\t\t\t\t\t\t\t\t\t<h2 class=\"mb-5.25 xl:mb-5.75 font-bold italic text-[38px]\/none md:text-[48px]\/none\">Istra\u017eite Twisted Tales bilo gde \u2192 Preuzmite aplikaciju!<\/h2>\n\t\t\t\t\t\t\t\t\t\t\t\t\t\t\t\t\n\t\t\t\t\t\t<ul class=\"flex justify-center gap-2.5 md:gap-3.75\">\n\t\t\t\t\t\t\t\t\t\t\t\t\t\t\t\n\t\t\t\t\t\t\t\t<li>\t\t\t\t\t\t\t\t\t\n\t\t\t\t\t\t\t\t\t\t\t\t\t\t\t\t\t\t\t<a href=\"https:\/\/apps.apple.com\/us\/app\/twisted-tales\/id6449082379\" target=\"_blank\">\n\t\t\t\t\t\t\t\t\t\t\t\t\t\t\t\t\t\t\t\t\t\t\t\t\t\t\t\t\t\t<img decoding=\"async\" src=\"https:\/\/twistedtales.tv\/wp-content\/uploads\/2025\/07\/img-app-store-001.webp\" alt=\"\" class=\"lazyload\" loading=\"lazy\">\n\t\t\t\t\t\t\t\t\t\t\t\t\t\t\t\t\t\t\t\t\n\t\t\t\t\t\t\t\t\t\t\t\t\t\t\t\t\t\t\t<\/a>\n\t\t\t\t\t\t\t\t\t\t\t\t\t\t\t\t\t<\/li>\n\t\t\t\t\t\t\t\t\t\t\t\t\t\t\t\n\t\t\t\t\t\t\t\t<li>\t\t\t\t\t\t\t\t\t\n\t\t\t\t\t\t\t\t\t\t\t\t\t\t\t\t\t\t\t<a href=\"https:\/\/play.google.com\/store\/apps\/details?id=com.itd.twistedtales&#038;pli=1\" target=\"_blank\">\n\t\t\t\t\t\t\t\t\t\t\t\t\t\t\t\t\t\t\t\t\t\t\t\t\t\t\t\t\t\t<img decoding=\"async\" src=\"https:\/\/twistedtales.tv\/wp-content\/uploads\/2025\/07\/img-google-play-001.webp\" alt=\"\" class=\"lazyload\" loading=\"lazy\">\n\t\t\t\t\t\t\t\t\t\t\t\t\t\t\t\t\t\t\t\t\n\t\t\t\t\t\t\t\t\t\t\t\t\t\t\t\t\t\t\t<\/a>\n\t\t\t\t\t\t\t\t\t\t\t\t\t\t\t\t\t<\/li>\n\t\t\t\t\t\t\t\t\t\t\t\t\t<\/ul>\n\t\t\t\t\t\t\t\t\t<\/figcaption>\n\t\t\t\t\t<\/figure>\n\t<\/div>\n<\/section>","protected":false},"excerpt":{"rendered":"","protected":false},"author":2,"featured_media":0,"parent":0,"menu_order":0,"comment_status":"closed","ping_status":"closed","template":"","meta":{"_acf_changed":false,"footnotes":""},"class_list":["post-3266","page","type-page","status-publish","hentry"],"acf":[],"_links":{"self":[{"href":"https:\/\/twistedtales.tv\/sr\/wp-json\/wp\/v2\/pages\/3266","targetHints":{"allow":["GET"]}}],"collection":[{"href":"https:\/\/twistedtales.tv\/sr\/wp-json\/wp\/v2\/pages"}],"about":[{"href":"https:\/\/twistedtales.tv\/sr\/wp-json\/wp\/v2\/types\/page"}],"author":[{"embeddable":true,"href":"https:\/\/twistedtales.tv\/sr\/wp-json\/wp\/v2\/users\/2"}],"replies":[{"embeddable":true,"href":"https:\/\/twistedtales.tv\/sr\/wp-json\/wp\/v2\/comments?post=3266"}],"version-history":[{"count":3,"href":"https:\/\/twistedtales.tv\/sr\/wp-json\/wp\/v2\/pages\/3266\/revisions"}],"predecessor-version":[{"id":4240,"href":"https:\/\/twistedtales.tv\/sr\/wp-json\/wp\/v2\/pages\/3266\/revisions\/4240"}],"wp:attachment":[{"href":"https:\/\/twistedtales.tv\/sr\/wp-json\/wp\/v2\/media?parent=3266"}],"curies":[{"name":"wp","href":"https:\/\/api.w.org\/{rel}","templated":true}]}}