{"id":3265,"date":"2025-09-24T19:04:35","date_gmt":"2025-09-24T17:04:35","guid":{"rendered":"https:\/\/twistedtales.tv\/donate\/"},"modified":"2026-03-04T17:42:37","modified_gmt":"2026-03-04T16:42:37","slug":"donirajte","status":"publish","type":"page","link":"https:\/\/twistedtales.tv\/sr\/donirajte\/","title":{"rendered":"Donirajte"},"content":{"rendered":"\t\t\t\t<article\n\t\t\tclass=\"container about-article mb-10.75\">\n\t\t\t\t\t\t\t<header class=\"border-t-2 italic text-[40px] pt-1 mb-8 md:mb-12.5 md:border-t-[3px] md:text-[50px] lg:text-[40px]\">\n\t\t\t\t\t<strong class=\"font-semibold\">Donirajte<\/strong>\n\t\t\t\t<\/header>\n\t\t\t\t\t\t<div class=\"lg:grid lg:grid-cols-6 lg:gap-6.25\">\n\t\t\t\t<div class=\"space-y-5 lg:space-y-6.25 lg:col-span-4 lg:col-start-2\">\n\t\t\t\t\t\t\t\t\t\t\t<h1>Donirajte<\/h1>\n\t\t\t\t\t\t\t\t\t\t\t\t\t\t\t\t\t\t\t\t\t\t\t\t\t\t\t\t\t\t\t\t\t\t\t\t\t<p style=\"padding-left: 40px;\"><strong>Pomozite nam da <em>Twisted Tales<\/em> dopru do jo\u0161 vi\u0161e dece \u0161irom sveta!<\/strong><\/p>\n<p><span style=\"font-weight: 400;\">Va\u0161a podr\u0161ka nam omogu\u0107ava da stvaramo inkluzivne, ma\u0161tovite i inspirativne pri\u010de za knjige, pozori\u0161te, ekrane i \u0161kole<\/span>.<\/p>\n<p style=\"padding-left: 40px;\"><strong>Svaki doprinos \u010dini razliku.<\/strong><\/p>\n<p><span style=\"font-weight: 400;\">Uz donacije razli\u010ditog obima, obezbe\u0111ujemo kontinuirani razvoj <\/span><span style=\"font-weight: 400;\"><em>Twisted Tales<\/em> TV<\/span><span style=\"font-weight: 400;\">: finansiranje novih pri\u010da i edukativnih radionica, razvoj pristupa\u010dnih pozori\u0161nih predstava i pro\u0161irenje audio, AR i transmedijskih iskustava.\u00a0<\/span><\/p>\n<p><strong>KAKO DONIRATI<\/strong><\/p>\n<p><span style=\"font-weight: 400;\">\u2192 Jednokratne ili mese\u010dne donacije<\/span><span style=\"font-weight: 400;\"><br \/>\n<\/span><span style=\"font-weight: 400;\">\u2192 Korporativno ili institucionalno sponzorstvo<\/span><span style=\"font-weight: 400;\"><br \/>\n<\/span><span style=\"font-weight: 400;\">\u2192 Donacije u naturi (usluge, materijali) i partnerska saradnja<\/span><\/p>\n<p style=\"padding-left: 40px;\"><strong>Pokrenimo kreativnost, empatiju i hrabrost u generacijama koje dolaze.<\/strong><\/p>\n<p><span style=\"font-weight: 400;\">Kliknite na srce ispod i podr\u017eite nas donacijom.<\/span><\/p>\n<p><a href=\"https:\/\/www.paypal.com\/donate\/?hosted_button_id=MCL2D35C7WWG6\"><img loading=\"lazy\" decoding=\"async\" class=\"alignnone wp-image-992\" src=\"https:\/\/twistedtales.tv\/wp-content\/uploads\/2025\/09\/src.png\" alt=\"\" width=\"78\" height=\"100\" \/><\/a><\/p>\n\t\t\t\t\t\t\t\t\t\t\t\t\t\t\t\t\t\t\t\t\t\t<\/div>\n\t\t\t<\/div>\n\t\t<\/article>\n\t","protected":false},"excerpt":{"rendered":"","protected":false},"author":2,"featured_media":0,"parent":0,"menu_order":0,"comment_status":"closed","ping_status":"closed","template":"","meta":{"_acf_changed":false,"footnotes":""},"class_list":["post-3265","page","type-page","status-publish","hentry"],"acf":[],"_links":{"self":[{"href":"https:\/\/twistedtales.tv\/sr\/wp-json\/wp\/v2\/pages\/3265","targetHints":{"allow":["GET"]}}],"collection":[{"href":"https:\/\/twistedtales.tv\/sr\/wp-json\/wp\/v2\/pages"}],"about":[{"href":"https:\/\/twistedtales.tv\/sr\/wp-json\/wp\/v2\/types\/page"}],"author":[{"embeddable":true,"href":"https:\/\/twistedtales.tv\/sr\/wp-json\/wp\/v2\/users\/2"}],"replies":[{"embeddable":true,"href":"https:\/\/twistedtales.tv\/sr\/wp-json\/wp\/v2\/comments?post=3265"}],"version-history":[{"count":3,"href":"https:\/\/twistedtales.tv\/sr\/wp-json\/wp\/v2\/pages\/3265\/revisions"}],"predecessor-version":[{"id":4158,"href":"https:\/\/twistedtales.tv\/sr\/wp-json\/wp\/v2\/pages\/3265\/revisions\/4158"}],"wp:attachment":[{"href":"https:\/\/twistedtales.tv\/sr\/wp-json\/wp\/v2\/media?parent=3265"}],"curies":[{"name":"wp","href":"https:\/\/api.w.org\/{rel}","templated":true}]}}