{"id":3264,"date":"2025-09-24T19:03:59","date_gmt":"2025-09-24T17:03:59","guid":{"rendered":"https:\/\/twistedtales.tv\/cookie-policy\/"},"modified":"2026-02-25T10:49:27","modified_gmt":"2026-02-25T09:49:27","slug":"politika-kolacica","status":"publish","type":"page","link":"https:\/\/twistedtales.tv\/sr\/politika-kolacica\/","title":{"rendered":"Politika kola\u010di\u0107a"},"content":{"rendered":"\t\t\t\t<article\n\t\t\tclass=\"container about-article mb-10.75\">\n\t\t\t\t\t\t\t<header class=\"border-t-2 italic text-[40px] pt-1 mb-8 md:mb-12.5 md:border-t-[3px] md:text-[50px] lg:text-[40px]\">\n\t\t\t\t\t<strong class=\"font-semibold\">Politika kola\u010di\u0107a<\/strong>\n\t\t\t\t<\/header>\n\t\t\t\t\t\t<div class=\"lg:grid lg:grid-cols-6 lg:gap-6.25\">\n\t\t\t\t<div class=\"space-y-5 lg:space-y-6.25 lg:col-span-4 lg:col-start-2\">\n\t\t\t\t\t\t\t\t\t\t\t<h1>Politika kola\u010di\u0107a<\/h1>\n\t\t\t\t\t\t\t\t\t\t\t\t\t\t\t\t\t\t\t\t\t\t\t\t\t\t\t\t\t\t\t\t\t\t\t\t\t<p><strong>\u0160TA SU KOLA\u010cI\u0106I?<\/strong><b><br \/>\n<\/b><span style=\"font-weight: 400;\">Kola\u010di\u0107i su male tekstualne datoteke koje se \u010duvaju na va\u0161em ure\u0111aju kada posetite na\u0161 veb-sajt. Oni poma\u017eu da zapamtimo va\u0161a pode\u0161avanja, unapredimo funkcionalnost sajta i omogu\u0107imo bolje i efikasnije korisni\u010dko iskustvo.<\/span><\/p>\n<p><strong>KAKO KORISTIMO KOLA\u010cI\u0106E<\/strong><b><br \/>\n<\/b><span style=\"font-weight: 400;\">Na\u0161a veb-stranica koristi kola\u010di\u0107e u slede\u0107e svrhe:<\/span><\/p>\n<p><b>\u2192 <\/b><span style=\"font-weight: 400;\">Neophodni kola\u010di\u0107i omogu\u0107avaju pravilno funkcionisanje sajta, uklju\u010duju\u0107i navigaciju, formulare i sesije. Ovi kola\u010di\u0107i se bri\u0161u nakon zavr\u0161etka va\u0161e posete. Primer: <\/span> <code data-start=\"610\" data-end=\"629\">ASP.NET_SessionId<\/code>.<br \/>\n<b>\u2192 <\/b>Analiti\u010dki kola\u010di\u0107i poma\u017eu nam da razumemo kako se na\u0161 sajt koristi i da unapredimo korisni\u010dko iskustvo. Ovi kola\u010di\u0107i ne prikupljaju li\u010dne podatke. Primer: <code data-start=\"803\" data-end=\"808\">_ga<\/code>.<br \/>\n<span style=\"font-weight: 400;\">\u2192 Kola\u010di\u0107i za video-sadr\u017eaje mogu se koristiti kada gledate ugra\u0111ene video-zapise sa na\u0161eg zvani\u010dnog YouTube kanala, kako bi se pobolj\u0161alo iskustvo gledanja. Koristimo YouTube re\u017eim za\u0161tite privatnosti radi dodatne za\u0161tite va\u0161ih podataka.<br \/>\n<\/span><span style=\"font-weight: 400;\">\u2192 Kola\u010di\u0107i dru\u0161tvenih mre\u017ea mogu se koristiti kako bi se omogu\u0107ila personalizovanija interakcija sa ugra\u0111enim sadr\u017eajima sa Facebook-a i Instagrama.<br \/>\n<\/span><span style=\"font-weight: 400;\">\u2192 Kola\u010di\u0107i mobilne aplikacije<\/span> <span style=\"font-weight: 400;\">mogu zapamtiti va\u0161a pode\u0161avanja i pobolj\u0161ati funkcionalnost kada pristupate funkcijama aplikacije putem veb-sajta.<\/span><\/p>\n<p><strong>UPRAVLJANJE KOLA\u010cI\u0106IMA<\/strong><br \/>\nKola\u010di\u0107i se ne koriste za prikupljanje podataka koji vas li\u010dno identifikuju. Kori\u0161\u0107enje kola\u010di\u0107a mo\u017eete prihvatiti ili odbiti kroz pode\u0161avanja svog internet pregleda\u010da. Imajte u vidu da isklju\u010divanje kola\u010di\u0107a mo\u017ee uticati na funkcionalnost pojedinih delova sajta. Za uputstvo o pode\u0161avanju kola\u010di\u0107a, posetite <strong><a class=\"decorated-link\" href=\"http:\/\/www.aboutcookies.org\/\" target=\"_new\" rel=\"noopener\" data-start=\"1502\" data-end=\"1549\">aboutcookies.org \u2192<\/a><\/strong><\/p>\n<p>Za vi\u0161e informacija o kola\u010di\u0107ima, pogledajte<strong>\u00a0<a href=\"http:\/\/www.ico.org.uk\/\" target=\"_blank\" rel=\"noreferrer noopener\">Smernice Poverenika za informacije od javnog zna\u010daja \u2192<\/a><\/strong><\/p>\n\t\t\t\t\t\t\t\t\t\t\t\t\t\t\t\t\t\t\t\t\t\t<\/div>\n\t\t\t<\/div>\n\t\t<\/article>\n\t\n\n\t<div class=\"lg:grid lg:grid-cols-6 lg:gap-6.25\">\r\n\t\t<figure class=\"lg:col-span-4 lg:col-start-2\">\r\n\t\t\t\t\t\t\t\r\n\t\t\t\t<img decoding=\"async\" src=\"https:\/\/twistedtales.tv\/wp-content\/uploads\/2025\/07\/img-content-section-003.svg\" alt=\"\" class=\"lazyload w-full block\" loading=\"lazy\">\r\n\t\t\t\t\t\t\t\t\t\r\n\t\t<\/figure>\r\n\t<\/div>\r\n","protected":false},"excerpt":{"rendered":"","protected":false},"author":2,"featured_media":0,"parent":0,"menu_order":0,"comment_status":"closed","ping_status":"closed","template":"","meta":{"_acf_changed":false,"footnotes":""},"class_list":["post-3264","page","type-page","status-publish","hentry"],"acf":[],"_links":{"self":[{"href":"https:\/\/twistedtales.tv\/sr\/wp-json\/wp\/v2\/pages\/3264","targetHints":{"allow":["GET"]}}],"collection":[{"href":"https:\/\/twistedtales.tv\/sr\/wp-json\/wp\/v2\/pages"}],"about":[{"href":"https:\/\/twistedtales.tv\/sr\/wp-json\/wp\/v2\/types\/page"}],"author":[{"embeddable":true,"href":"https:\/\/twistedtales.tv\/sr\/wp-json\/wp\/v2\/users\/2"}],"replies":[{"embeddable":true,"href":"https:\/\/twistedtales.tv\/sr\/wp-json\/wp\/v2\/comments?post=3264"}],"version-history":[{"count":1,"href":"https:\/\/twistedtales.tv\/sr\/wp-json\/wp\/v2\/pages\/3264\/revisions"}],"predecessor-version":[{"id":4042,"href":"https:\/\/twistedtales.tv\/sr\/wp-json\/wp\/v2\/pages\/3264\/revisions\/4042"}],"wp:attachment":[{"href":"https:\/\/twistedtales.tv\/sr\/wp-json\/wp\/v2\/media?parent=3264"}],"curies":[{"name":"wp","href":"https:\/\/api.w.org\/{rel}","templated":true}]}}