{"id":3259,"date":"2025-07-09T08:30:41","date_gmt":"2025-07-09T06:30:41","guid":{"rendered":"https:\/\/twistedtales.tv\/tales\/"},"modified":"2026-03-04T16:32:51","modified_gmt":"2026-03-04T15:32:51","slug":"price","status":"publish","type":"page","link":"https:\/\/twistedtales.tv\/sr\/price\/","title":{"rendered":"Pri\u010de"},"content":{"rendered":"\t\t\t\t<article\n\t\t\tclass=\"container about-article mb-10.75\">\n\t\t\t\t\t\t\t<header class=\"border-t-2 italic text-[40px] pt-1 mb-8 md:mb-12.5 md:border-t-[3px] md:text-[50px] lg:text-[40px]\">\n\t\t\t\t\t<strong class=\"font-semibold\">Pri\u010de<\/strong>\n\t\t\t\t<\/header>\n\t\t\t\t\t\t<div class=\"lg:grid lg:grid-cols-6 lg:gap-6.25\">\n\t\t\t\t<div class=\"space-y-5 lg:space-y-6.25 lg:col-span-4 lg:col-start-2\">\n\t\t\t\t\t\t\t\t\t\t\t\t\t\t\t\t\t\t\t\t\t\t\t\t\t\t\t\t\t\t\t\t\t\t\t\t\t<p><em>Twisted Tales<\/em> bajke ne ostaju zarobljene u pro\u0161losti. Najdra\u017ee pri\u010de iz detinjstva dobijaju novo ruho, ispri\u010dane na na\u010din koji u srcu nosi poruke ljubavi, hrabrosti i empatije.<\/p>\n<p>Ovde poznati likovi sti\u010du nove glasove, suo\u010davaju se sa izazovima i usu\u0111uju se da sanjaju velike snove. Devoj\u010dice same kroje svoje sudbine, a de\u010daci slede svoje srce, umesto o\u010dekivanja i neostvarenih snova svojih o\u010deva. Lepota se ne meri spolja\u0161njim izgledom, a problemi se ne re\u0161avaju \u010darolijom, ve\u0107 dobrotom, hrabro\u0161\u0107u i podr\u0161kom pravih prijatelja.<\/p>\n<p>Upoznajte Pepu, Alena, Bjanku, \u017deljku i mnoge druge nezaboravne junake. Svaka njihova pri\u010da je jedinstvena, ali sve ih povezuje ista ideja: \u0161ta ako bajke uz koje smo odrasli mogu da se ispri\u010daju na nov na\u010din.<\/p>\n\t\t\t\t\t\t\t\t\t\t\t\t\t\t\t\t\t\t\t\t\t\t<\/div>\n\t\t\t<\/div>\n\t\t<\/article>\n\t\n\n\t<div class=\"container mb-15 lg:mb-29.25 grid gap-6.25 md:grid-cols-2 xl:grid-cols-3 lg:gap-x-6.25 lg:gap-y-10.5\">\r\n\t\t\t\t\t<a href=\"https:\/\/twistedtales.tv\/sr\/price\/filip\/\" class=\"block post-item-el border-t-2 border-b-2 lg:border-t-[3px] lg:border-b-[3px] pt-9.25 pb-4\">\r\n\t<figure class=\"mb-8.5\">\r\n\t\t\t\t\t\t\t\t\t\r\n\t\t<img decoding=\"async\" src=\"https:\/\/twistedtales.tv\/wp-content\/uploads\/2025\/07\/tales-1024x448.png\" alt=\"Filip i papirno pozori\u0161te\" loading=\"lazy\" class=\"lazyload object-cover rounded-lg w-full aspect-[393\/202]\">\t\t\r\n\t\t\r\n\t<\/figure>\t\r\n\t<strong class=\"block uppercase font-semibold text-4xl lg:text-[1.9285714286em]\/[1.1851851852]\">Filip i papirno pozori\u0161te<\/strong>\r\n<\/a>\r\n\t\t\t\t\r\n\t\t\t\t\t<a href=\"https:\/\/twistedtales.tv\/sr\/price\/mira-iz-koralnog-mora\/\" class=\"block post-item-el border-t-2 border-b-2 lg:border-t-[3px] lg:border-b-[3px] pt-9.25 pb-4\">\r\n\t<figure class=\"mb-8.5\">\r\n\t\t\t\t\t\t\t\t\t\r\n\t\t<img decoding=\"async\" src=\"https:\/\/twistedtales.tv\/wp-content\/uploads\/2025\/07\/tales-1024x448.png\" alt=\"Mira iz Koralnog mora\" loading=\"lazy\" class=\"lazyload object-cover rounded-lg w-full aspect-[393\/202]\">\t\t\r\n\t\t\r\n\t<\/figure>\t\r\n\t<strong class=\"block uppercase font-semibold text-4xl lg:text-[1.9285714286em]\/[1.1851851852]\">Mira iz Koralnog mora<\/strong>\r\n<\/a>\r\n\t\t\t\t\r\n\t\t\t\t\t<a href=\"https:\/\/twistedtales.tv\/sr\/price\/pocahontas\/\" class=\"block post-item-el border-t-2 border-b-2 lg:border-t-[3px] lg:border-b-[3px] pt-9.25 pb-4\">\r\n\t<figure class=\"mb-8.5\">\r\n\t\t\t\t\t\t\t\t\t\r\n\t\t<img decoding=\"async\" src=\"https:\/\/twistedtales.tv\/wp-content\/uploads\/2025\/07\/tales-1024x448.png\" alt=\"Pokahontas se dosa\u0111uje\" loading=\"lazy\" class=\"lazyload object-cover rounded-lg w-full aspect-[393\/202]\">\t\t\r\n\t\t\r\n\t<\/figure>\t\r\n\t<strong class=\"block uppercase font-semibold text-4xl lg:text-[1.9285714286em]\/[1.1851851852]\">Pokahontas se dosa\u0111uje<\/strong>\r\n<\/a>\r\n\t\t\t\t\r\n\t\t\t\t\t<a href=\"https:\/\/twistedtales.tv\/sr\/price\/prava-pepeljuga\/\" class=\"block post-item-el border-t-2 border-b-2 lg:border-t-[3px] lg:border-b-[3px] pt-9.25 pb-4\">\r\n\t<figure class=\"mb-8.5\">\r\n\t\t\t\t\t\t\t\t\t\r\n\t\t<img decoding=\"async\" src=\"https:\/\/twistedtales.tv\/wp-content\/uploads\/2025\/07\/img-tales-5.webp\" alt=\"Prava Pepeljuga\" loading=\"lazy\" class=\"lazyload object-cover rounded-lg w-full aspect-[393\/202]\">\t\t\r\n\t\t\r\n\t<\/figure>\t\r\n\t<strong class=\"block uppercase font-semibold text-4xl lg:text-[1.9285714286em]\/[1.1851851852]\">Prava Pepeljuga<\/strong>\r\n<\/a>\r\n\t\t\t\t\r\n\t\t\t\t\t<a href=\"https:\/\/twistedtales.tv\/sr\/price\/zeljka-i-snezna-kraljica\/\" class=\"block post-item-el border-t-2 border-b-2 lg:border-t-[3px] lg:border-b-[3px] pt-9.25 pb-4\">\r\n\t<figure class=\"mb-8.5\">\r\n\t\t\t\t\t\t\t\t\t\r\n\t\t<img decoding=\"async\" src=\"https:\/\/twistedtales.tv\/wp-content\/uploads\/2025\/07\/tales-1024x448.png\" alt=\"\u017deljka i sne\u017ena kraljica\" loading=\"lazy\" class=\"lazyload object-cover rounded-lg w-full aspect-[393\/202]\">\t\t\r\n\t\t\r\n\t<\/figure>\t\r\n\t<strong class=\"block uppercase font-semibold text-4xl lg:text-[1.9285714286em]\/[1.1851851852]\">\u017deljka i sne\u017ena kraljica<\/strong>\r\n<\/a>\r\n\t\t\t\t\r\n\t\t\t\t\t<a href=\"https:\/\/twistedtales.tv\/sr\/price\/alen-i-carobna-lampa\/\" class=\"block post-item-el border-t-2 border-b-2 lg:border-t-[3px] lg:border-b-[3px] pt-9.25 pb-4\">\r\n\t<figure class=\"mb-8.5\">\r\n\t\t\t\t\t\t\t\t\t\r\n\t\t<img decoding=\"async\" src=\"https:\/\/twistedtales.tv\/wp-content\/uploads\/2025\/07\/tales-1024x448.png\" alt=\"Alen i \u010darobna lampa\" loading=\"lazy\" class=\"lazyload object-cover rounded-lg w-full aspect-[393\/202]\">\t\t\r\n\t\t\r\n\t<\/figure>\t\r\n\t<strong class=\"block uppercase font-semibold text-4xl lg:text-[1.9285714286em]\/[1.1851851852]\">Alen i \u010darobna lampa<\/strong>\r\n<\/a>\r\n\t\t\t\t\r\n\t\t\t\t\t<a href=\"https:\/\/twistedtales.tv\/sr\/price\/kako-je-crvenkapa-prezivela-vuka-po-drugi-put\/\" class=\"block post-item-el border-t-2 border-b-2 lg:border-t-[3px] lg:border-b-[3px] pt-9.25 pb-4\">\r\n\t<figure class=\"mb-8.5\">\r\n\t\t\t\t\t\t\t\t\t\r\n\t\t<img decoding=\"async\" src=\"https:\/\/twistedtales.tv\/wp-content\/uploads\/2025\/07\/tales2-1024x448.png\" alt=\"Kako je Crvenkapa pre\u017eivela vuka po drugi put\" loading=\"lazy\" class=\"lazyload object-cover rounded-lg w-full aspect-[393\/202]\">\t\t\r\n\t\t\r\n\t<\/figure>\t\r\n\t<strong class=\"block uppercase font-semibold text-4xl lg:text-[1.9285714286em]\/[1.1851851852]\">Kako je Crvenkapa pre\u017eivela vuka po drugi put<\/strong>\r\n<\/a>\r\n\t\t\t\t\r\n\t\t\t\t\t<a href=\"https:\/\/twistedtales.tv\/sr\/price\/novi-ivica-i-marica\/\" class=\"block post-item-el border-t-2 border-b-2 lg:border-t-[3px] lg:border-b-[3px] pt-9.25 pb-4\">\r\n\t<figure class=\"mb-8.5\">\r\n\t\t\t\t\t\t\t\t\t\r\n\t\t<img decoding=\"async\" src=\"https:\/\/twistedtales.tv\/wp-content\/uploads\/2025\/07\/tales2-1024x448.png\" alt=\"Novi Ivica i Marica\" loading=\"lazy\" class=\"lazyload object-cover rounded-lg w-full aspect-[393\/202]\">\t\t\r\n\t\t\r\n\t<\/figure>\t\r\n\t<strong class=\"block uppercase font-semibold text-4xl lg:text-[1.9285714286em]\/[1.1851851852]\">Novi Ivica i Marica<\/strong>\r\n<\/a>\r\n\t\t\t\t\r\n\t\t\t\t\t<\/div>\r\n","protected":false},"excerpt":{"rendered":"","protected":false},"author":2,"featured_media":0,"parent":0,"menu_order":0,"comment_status":"closed","ping_status":"closed","template":"","meta":{"_acf_changed":false,"footnotes":""},"class_list":["post-3259","page","type-page","status-publish","hentry"],"acf":[],"_links":{"self":[{"href":"https:\/\/twistedtales.tv\/sr\/wp-json\/wp\/v2\/pages\/3259","targetHints":{"allow":["GET"]}}],"collection":[{"href":"https:\/\/twistedtales.tv\/sr\/wp-json\/wp\/v2\/pages"}],"about":[{"href":"https:\/\/twistedtales.tv\/sr\/wp-json\/wp\/v2\/types\/page"}],"author":[{"embeddable":true,"href":"https:\/\/twistedtales.tv\/sr\/wp-json\/wp\/v2\/users\/2"}],"replies":[{"embeddable":true,"href":"https:\/\/twistedtales.tv\/sr\/wp-json\/wp\/v2\/comments?post=3259"}],"version-history":[{"count":2,"href":"https:\/\/twistedtales.tv\/sr\/wp-json\/wp\/v2\/pages\/3259\/revisions"}],"predecessor-version":[{"id":4126,"href":"https:\/\/twistedtales.tv\/sr\/wp-json\/wp\/v2\/pages\/3259\/revisions\/4126"}],"wp:attachment":[{"href":"https:\/\/twistedtales.tv\/sr\/wp-json\/wp\/v2\/media?parent=3259"}],"curies":[{"name":"wp","href":"https:\/\/api.w.org\/{rel}","templated":true}]}}