{"id":3257,"date":"2025-07-08T12:29:20","date_gmt":"2025-07-08T10:29:20","guid":{"rendered":"https:\/\/twistedtales.tv\/about\/"},"modified":"2026-03-04T17:41:57","modified_gmt":"2026-03-04T16:41:57","slug":"o-nama","status":"publish","type":"page","link":"https:\/\/twistedtales.tv\/sr\/o-nama\/","title":{"rendered":"O nama"},"content":{"rendered":"\t\t\t\t<article\n\t\t\tclass=\"container about-article mb-10.75\">\n\t\t\t\t\t\t\t<header class=\"border-t-2 italic text-[40px] pt-1 mb-8 md:mb-12.5 md:border-t-[3px] md:text-[50px] lg:text-[40px]\">\n\t\t\t\t\t<strong class=\"font-semibold\">O nama<\/strong>\n\t\t\t\t<\/header>\n\t\t\t\t\t\t<div class=\"lg:grid lg:grid-cols-6 lg:gap-6.25\">\n\t\t\t\t<div class=\"space-y-5 lg:space-y-6.25 lg:col-span-4 lg:col-start-2\">\n\t\t\t\t\t\t\t\t\t\t\t<h1>Twisted Tales TV<\/h1>\n\t\t\t\t\t\t\t\t\t\t\t\t\t\t\t\t\t\t\t\t\t\t\t\t\t\t\t\t\t\t\t\t\t\t\t\t\t<p style=\"padding-left: 40px;\"><em><b>\u201cNije sve bilo izgubljeno. Nadanja je jo\u0161 bilo. Za rast. Za \u017eivot. I za to da i nemogu\u0107i snovi, jednog dana, postanu stvarnost.\u201d <\/b><span style=\"font-weight: 400;\">&#8211; \u00a0iz bajke <i>Mira iz Koralnog mora<\/i><\/span><\/em><\/p>\n<p><span style=\"font-weight: 400;\">U <\/span><i><span style=\"font-weight: 400;\">Twisted Tales<\/span><\/i><span style=\"font-weight: 400;\"> univerzumu verujemo da su pri\u010de mnogo vi\u0161e od re\u010di na papiru. One oblikuju na\u010din na koji vidimo svet i inspiri\u0161u nas da zami\u0161ljamo nove. Ipak, mnoge pri\u010de uz koje smo odrasli vi\u0161e ne odra\u017eavaju \u017eivote dana\u0161nje dece. Prepune su zastarelih kli\u0161ea, prevazi\u0111enih pouka i uskih predstava o tome kako izgleda heroj. Zato smo odlu\u010dili da to promenimo.\u00a0<\/span><\/p>\n<p><b>Starim kli\u0161eima ka\u017eemo zbogom, a \u0161irom otvaramo vrata lekcijama o ljubavi, hrabrosti i empatiji.<\/b><\/p>\n<p><br style=\"font-weight: 400;\" \/><br style=\"font-weight: 400;\" \/><\/p>\n\t\t\t\t\t\t\t\t\t\t\t\t\t\t\t\t\t\t\t\t\t\t\t\t\t\t\t\t<figure class=\"my-10 lg:mt-17.5 lg:mb-14.5 lg:relative\">\n\t\t\t\t\t\t\t\t\t\t\t\t\t\t\t\t\t\t\t<img decoding=\"async\" src=\"https:\/\/twistedtales.tv\/wp-content\/uploads\/2025\/07\/img-about-2.webp\" alt=\"\"\n\t\t\t\t\t\t\t\t\t\t\tloading=\"lazy\" class=\"lazyload rounded-lg block w-full\">\n\t\t\t\t\t\t\t\t\t\t\t\t\t\t\t\t\t\t<figcaption\n\t\t\t\t\t\t\t\t\t\tclass=\"text-[0.5714285714em]\/tight pt-2 xl:pt-0 xl:absolute xl:-top-0.75 xl:-start-52.5 xl:w-50\">\n\t\t\t\t\t\t\t\t\t\t\t\t\t\t\t\t\t\t\t\t\tPremijera Prave Pepeljuge <br \/>\r\nsa saradnicima u Sloveniji<br \/>\r\n\u2192\t\t\t\t\t\t\t\t\t\t\t\t\t\t\t\t\t\t\t<\/figcaption>\n\t\t\t\t\t\t\t\t<\/figure>\n\t\t\t\t\t\t\t\t\t\t\t\t\t\t\t\t\t\t\t\t\t\t\t\t\t\t\t\t<p><strong>UNIVERZUM<\/strong><\/p>\n<p><span style=\"font-weight: 400;\"><em>Twisted Tales<\/em> TV<\/span><span style=\"font-weight: 400;\"> je mnogo vi\u0161e od zbirke pri\u010da. To je \u010ditav univerzum u kome se susre\u0107u pripovedanje, obrazovanje, igra i ma\u0161ta. Kroz knjige, pozori\u0161te, animirane filmove, audio sadr\u017eaje, izlo\u017ebe i radionice, svaka pri\u010da poziva decu ne samo da slu\u0161aju, ve\u0107 i da u\u010destvuju, ma\u0161taju i stvaraju.<\/span><\/p>\n<p><strong>NA\u0160 PRISTUP<\/strong><\/p>\n<p><span style=\"font-weight: 400;\">U srcu <\/span><em>Twisted Tales<\/em><i><span style=\"font-weight: 400;\"> TV<\/span><\/i><span style=\"font-weight: 400;\">-a je zajedni\u010dko stvaranje. Mi smo pripoveda\u010di i kreatori.\u00a0 Na\u0161e pri\u010de oblikuju talentovani pisci, ilustratori, nastavnici, zajedno sa decom \u010diji crte\u017ei, glasovi i ideje inspiri\u0161u likove i svet <\/span><em><span style=\"font-weight: 400;\">Twisted Tales<\/span><\/em><span style=\"font-weight: 400;\"> bajki. <\/span><span style=\"font-weight: 400;\">Ovaj metod razvili su posve\u0107eni psiholozi i predava\u010di sa ciljem da kod dece podstaknu i neguju osnovne ljudske vrednosti.<\/span><\/p>\n<p style=\"padding-left: 40px;\"><u><a href=\"https:\/\/twistedtales.tv\/sr\/kategorija\/edukacija\/\"><b><span style=\"font-weight: 400;\">Saznajte vi\u0161e o na\u0161em pristupu <\/span>\u00a0\u2192\u00a0<\/b><\/a><\/u><\/p>\n<p>&nbsp;<\/p>\n\t\t\t\t\t\t\t\t\t\t\t\t\t\t\t\t\t\t\t\t\t\t\t\t\t\t\t\t<figure class=\"my-10 lg:mt-17.5 lg:mb-14.5 lg:relative\">\n\t\t\t\t\t\t\t\t\t\t\t\t\t\t\t\t\t\t\t<img decoding=\"async\" src=\"https:\/\/twistedtales.tv\/wp-content\/uploads\/2025\/09\/img-content-section-003-scaled.png\" alt=\"\"\n\t\t\t\t\t\t\t\t\t\t\tloading=\"lazy\" class=\"lazyload rounded-lg block w-full\">\n\t\t\t\t\t\t\t\t\t\t\t\t\t\t\t\t\t\t<figcaption\n\t\t\t\t\t\t\t\t\t\tclass=\"text-[0.5714285714em]\/tight pt-2 xl:pt-0 xl:absolute xl:-top-0.75 xl:-start-52.5 xl:w-50\">\n\t\t\t\t\t\t\t\t\t\t\t\t\t\t\t\t\t\t\t\t\tVizuelni elementi nastali u saradnji Olega Morovi\u0107a<br \/>\r\ni dece iz Slovenije<br \/>\r\n\u2192\t\t\t\t\t\t\t\t\t\t\t\t\t\t\t\t\t\t\t<\/figcaption>\n\t\t\t\t\t\t\t\t<\/figure>\n\t\t\t\t\t\t\t\t\t\t\t\t\t\t\t\t\t\t\t\t\t\t\t\t\t\t\t\t<p><strong>TEME<\/strong><\/p>\n<p><span style=\"font-weight: 400;\">Na\u0161i junaci mo\u017eda \u017eive u bajkovitim svetovima, ali njihove borbe su itekako stvarne. Svaka pri\u010da pa\u017eljivo istra\u017euje teme sa kojima se deca susre\u0107u u svakodnevnom \u017eivotu: pripadanje, identitet, razli\u010ditost, prijateljstvo, gubitak i nadu. Kroz pri\u010de pru\u017eamo deci priliku da se prepoznaju u likovima, a porodicama otvaramo prostor za va\u017ene i smislene razgovore.<\/span><\/p>\n<p><strong>NA\u0160 TIM<\/strong><\/p>\n<p><span style=\"font-weight: 400;\">Mi smo tim sanjara, nastavnika, psihologa i umetnika, koji pri\u010de o\u017eivljavaju kroz razli\u010dite formate i iskustva. Ipak, na\u0161i najva\u017eniji saradnici uvek su deca. Njihova kreativnost, iskrenost i pogled na svet oblikuju sve \u0161to stvaramo.<\/span><\/p>\n<p>&nbsp;<\/p>\n\t\t\t\t\t\t\t\t\t\t\t\t\t\t\t\t\t\t\t\t\t\t<\/div>\n\t\t\t<\/div>\n\t\t<\/article>\n\t\n\n<section class=\"container team-block\">\r\n\t<div class=\"lg:px-52.5\">\r\n\t\t\t\t\t<h2 class=\"uppercase text-4xl mb-10 lg:text-[1.9285714286em]\/[1.1851851852] lg:mb-21\">Upoznajte na\u0161 tim<\/h2>\r\n\t\t\t\t\r\n\t\t\t\t\t<div class=\"grid grid-cols-2 gap-x-6.25 gap-y-13.75 mb-20 md:grid-cols-3 lg:grid-cols-4 lg:mb-42 lg:-mx-50.5 xl:grid-cols-6 2xl:grid-cols-7\">\r\n\t\t\t\t\t\t\t\t\t<figure class=\"flex flex-col gap-y-3.25 items-center text-center\">\n\t\t\t\t\n\t\t<img decoding=\"async\" src=\"https:\/\/twistedtales.tv\/wp-content\/uploads\/2025\/07\/img-team-1.webp\" alt=\"Sara Bo\u017eani\u0107\" loading=\"lazy\" class=\"lazyload aspect-square h-auto w-34.25 max-w-full rounded-full object-cover\">\n\t\t<figcaption>\n\t\t<strong class=\"block text-[0.7714285714em]\/tight\">Sara <br>Bo\u017eani\u0107<\/strong>\n\t\t\t\t\t<em class=\"block italic text-[0.6428571429em]\/normal -mt-[0.1666666667em]\">Slovenija<\/em>\n\t\t\t\t\n\t<\/figcaption>\n<\/figure>\n\t\t\t\t\r\n\t\t\t\t\t\t\t\t\t<figure class=\"flex flex-col gap-y-3.25 items-center text-center\">\n\t\t\t\t\n\t\t<img decoding=\"async\" src=\"https:\/\/twistedtales.tv\/wp-content\/uploads\/2025\/07\/img-team-2-2.webp\" alt=\"Miljana Dragi\u010devi\u0107\" loading=\"lazy\" class=\"lazyload aspect-square h-auto w-34.25 max-w-full rounded-full object-cover\">\n\t\t<figcaption>\n\t\t<strong class=\"block text-[0.7714285714em]\/tight\">Miljana <br>Dragi\u010devi\u0107<\/strong>\n\t\t\t\t\t<em class=\"block italic text-[0.6428571429em]\/normal -mt-[0.1666666667em]\">Hrvatska<\/em>\n\t\t\t\t\n\t<\/figcaption>\n<\/figure>\n\t\t\t\t\r\n\t\t\t\t\t\t\t\t\t<figure class=\"flex flex-col gap-y-3.25 items-center text-center\">\n\t\t\t\t\n\t\t<img decoding=\"async\" src=\"https:\/\/twistedtales.tv\/wp-content\/uploads\/2025\/07\/img-team-3.webp\" alt=\"Mateja Filipovi\u0107-Sandalj\" loading=\"lazy\" class=\"lazyload aspect-square h-auto w-34.25 max-w-full rounded-full object-cover\">\n\t\t<figcaption>\n\t\t<strong class=\"block text-[0.7714285714em]\/tight\">Mateja <br>Filipovi\u0107-Sandalj<\/strong>\n\t\t\t\t\t<em class=\"block italic text-[0.6428571429em]\/normal -mt-[0.1666666667em]\">Hrvatska<\/em>\n\t\t\t\t\n\t<\/figcaption>\n<\/figure>\n\t\t\t\t\r\n\t\t\t\t\t\t\t\t\t<figure class=\"flex flex-col gap-y-3.25 items-center text-center\">\n\t\t\t\t\n\t\t<img decoding=\"async\" src=\"https:\/\/twistedtales.tv\/wp-content\/uploads\/2025\/07\/img-team-4.webp\" alt=\"Robert Ferencek\" loading=\"lazy\" class=\"lazyload aspect-square h-auto w-34.25 max-w-full rounded-full object-cover\">\n\t\t<figcaption>\n\t\t<strong class=\"block text-[0.7714285714em]\/tight\">Robert <br>Ferencek<\/strong>\n\t\t\t\t\t<em class=\"block italic text-[0.6428571429em]\/normal -mt-[0.1666666667em]\">Slovenija<\/em>\n\t\t\t\t\n\t<\/figcaption>\n<\/figure>\n\t\t\t\t\r\n\t\t\t\t\t\t\t\t\t<figure class=\"flex flex-col gap-y-3.25 items-center text-center\">\n\t\t\t\t\n\t\t<img decoding=\"async\" src=\"https:\/\/twistedtales.tv\/wp-content\/uploads\/2025\/07\/img-team-5.webp\" alt=\"Oleg Morovi\u0107\" loading=\"lazy\" class=\"lazyload aspect-square h-auto w-34.25 max-w-full rounded-full object-cover\">\n\t\t<figcaption>\n\t\t<strong class=\"block text-[0.7714285714em]\/tight\">Oleg <br>Morovi\u0107<\/strong>\n\t\t\t\t\t<em class=\"block italic text-[0.6428571429em]\/normal -mt-[0.1666666667em]\">Hrvatska<\/em>\n\t\t\t\t\n\t<\/figcaption>\n<\/figure>\n\t\t\t\t\r\n\t\t\t\t\t\t\t\t\t<figure class=\"flex flex-col gap-y-3.25 items-center text-center\">\n\t\t\t\t\n\t\t<img decoding=\"async\" src=\"https:\/\/twistedtales.tv\/wp-content\/uploads\/2025\/07\/img-team-6.webp\" alt=\"Matej Kon\u010dan\" loading=\"lazy\" class=\"lazyload aspect-square h-auto w-34.25 max-w-full rounded-full object-cover\">\n\t\t<figcaption>\n\t\t<strong class=\"block text-[0.7714285714em]\/tight\">Matej <br>Kon\u010dan<\/strong>\n\t\t\t\t\t<em class=\"block italic text-[0.6428571429em]\/normal -mt-[0.1666666667em]\">Slovenija<\/em>\n\t\t\t\t\n\t<\/figcaption>\n<\/figure>\n\t\t\t\t\r\n\t\t\t\t\t\t\t\t\t<figure class=\"flex flex-col gap-y-3.25 items-center text-center\">\n\t\t\t\t\n\t\t<img decoding=\"async\" src=\"https:\/\/twistedtales.tv\/wp-content\/uploads\/2025\/07\/img-team-7.webp\" alt=\"Luis Mata Almeida\" loading=\"lazy\" class=\"lazyload aspect-square h-auto w-34.25 max-w-full rounded-full object-cover\">\n\t\t<figcaption>\n\t\t<strong class=\"block text-[0.7714285714em]\/tight\">Luis <br>Mata Almeida<\/strong>\n\t\t\t\t\t<em class=\"block italic text-[0.6428571429em]\/normal -mt-[0.1666666667em]\">Portugal<\/em>\n\t\t\t\t\n\t<\/figcaption>\n<\/figure>\n\t\t\t\t\r\n\t\t\t\t\t\t\t\t\t<figure class=\"flex flex-col gap-y-3.25 items-center text-center\">\n\t\t\t\t\n\t\t<img decoding=\"async\" src=\"https:\/\/twistedtales.tv\/wp-content\/uploads\/2025\/07\/img-team-8.webp\" alt=\"Bojana Pavi\u0107\" loading=\"lazy\" class=\"lazyload aspect-square h-auto w-34.25 max-w-full rounded-full object-cover\">\n\t\t<figcaption>\n\t\t<strong class=\"block text-[0.7714285714em]\/tight\">Bojana <br>Pavi\u0107<\/strong>\n\t\t\t\t\t<em class=\"block italic text-[0.6428571429em]\/normal -mt-[0.1666666667em]\">Bosna i Hercegovina<\/em>\n\t\t\t\t\n\t<\/figcaption>\n<\/figure>\n\t\t\t\t\r\n\t\t\t\t\t\t\t\t\t<figure class=\"flex flex-col gap-y-3.25 items-center text-center\">\n\t\t\t\t\n\t\t<img decoding=\"async\" src=\"https:\/\/twistedtales.tv\/wp-content\/uploads\/2025\/07\/img-team-9.webp\" alt=\"Mladen Djuki\u0107\" loading=\"lazy\" class=\"lazyload aspect-square h-auto w-34.25 max-w-full rounded-full object-cover\">\n\t\t<figcaption>\n\t\t<strong class=\"block text-[0.7714285714em]\/tight\">Mladen <br>Djuki\u0107<\/strong>\n\t\t\t\t\t<em class=\"block italic text-[0.6428571429em]\/normal -mt-[0.1666666667em]\">Bosna i Hercegovina<\/em>\n\t\t\t\t\n\t<\/figcaption>\n<\/figure>\n\t\t\t\t\r\n\t\t\t\t\t\t\t\t\t<figure class=\"flex flex-col gap-y-3.25 items-center text-center\">\n\t\t\t\t\n\t\t<img decoding=\"async\" src=\"https:\/\/twistedtales.tv\/wp-content\/uploads\/2025\/07\/img-team-10.webp\" alt=\"Marko Pejovi\u0107\" loading=\"lazy\" class=\"lazyload aspect-square h-auto w-34.25 max-w-full rounded-full object-cover\">\n\t\t<figcaption>\n\t\t<strong class=\"block text-[0.7714285714em]\/tight\">Marko <br>Pejovi\u0107<\/strong>\n\t\t\t\t\t<em class=\"block italic text-[0.6428571429em]\/normal -mt-[0.1666666667em]\">Srbija<\/em>\n\t\t\t\t\n\t<\/figcaption>\n<\/figure>\n\t\t\t\t\r\n\t\t\t\t\t\t\t\t\t<figure class=\"flex flex-col gap-y-3.25 items-center text-center\">\n\t\t\t\t\n\t\t<img decoding=\"async\" src=\"https:\/\/twistedtales.tv\/wp-content\/uploads\/2025\/07\/img-team-11.webp\" alt=\"Marie-France Blais\" loading=\"lazy\" class=\"lazyload aspect-square h-auto w-34.25 max-w-full rounded-full object-cover\">\n\t\t<figcaption>\n\t\t<strong class=\"block text-[0.7714285714em]\/tight\">Marie-France <br>Blais<\/strong>\n\t\t\t\t\t<em class=\"block italic text-[0.6428571429em]\/normal -mt-[0.1666666667em]\">Malezija<\/em>\n\t\t\t\t\n\t<\/figcaption>\n<\/figure>\n\t\t\t\t\r\n\t\t\t\t\t\t\t\t\t<figure class=\"flex flex-col gap-y-3.25 items-center text-center\">\n\t\t\t\t\n\t\t<img decoding=\"async\" src=\"https:\/\/twistedtales.tv\/wp-content\/uploads\/2025\/07\/img-team-12.webp\" alt=\"Ana Mati\u0107\" loading=\"lazy\" class=\"lazyload aspect-square h-auto w-34.25 max-w-full rounded-full object-cover\">\n\t\t<figcaption>\n\t\t<strong class=\"block text-[0.7714285714em]\/tight\">Ana <br>Mati\u0107<\/strong>\n\t\t\t\t\t<em class=\"block italic text-[0.6428571429em]\/normal -mt-[0.1666666667em]\">Crna Gora<\/em>\n\t\t\t\t\n\t<\/figcaption>\n<\/figure>\n\t\t\t\t\r\n\t\t\t\t\t\t\t\t\t<figure class=\"flex flex-col gap-y-3.25 items-center text-center\">\n\t\t\t\t\n\t\t<img decoding=\"async\" src=\"https:\/\/twistedtales.tv\/wp-content\/uploads\/2025\/07\/img-team-13.webp\" alt=\"Robert Aleksi\u0107\" loading=\"lazy\" class=\"lazyload aspect-square h-auto w-34.25 max-w-full rounded-full object-cover\">\n\t\t<figcaption>\n\t\t<strong class=\"block text-[0.7714285714em]\/tight\">Robert <br>Aleksi\u0107<\/strong>\n\t\t\t\t\t<em class=\"block italic text-[0.6428571429em]\/normal -mt-[0.1666666667em]\">Crna Gora<\/em>\n\t\t\t\t\n\t<\/figcaption>\n<\/figure>\n\t\t\t\t\r\n\t\t\t\t\t\t\t\t\t<figure class=\"flex flex-col gap-y-3.25 items-center text-center\">\n\t\t\t\t\n\t\t<img decoding=\"async\" src=\"https:\/\/twistedtales.tv\/wp-content\/uploads\/2025\/07\/img-team-7.webp\" alt=\"Kalina Maleska\" loading=\"lazy\" class=\"lazyload aspect-square h-auto w-34.25 max-w-full rounded-full object-cover\">\n\t\t<figcaption>\n\t\t<strong class=\"block text-[0.7714285714em]\/tight\">Kalina <br>Maleska<\/strong>\n\t\t\t\t\t<em class=\"block italic text-[0.6428571429em]\/normal -mt-[0.1666666667em]\">Makedonija<\/em>\n\t\t\t\t\n\t<\/figcaption>\n<\/figure>\n\t\t\t\t\r\n\t\t\t\t\t\t\t\t\t<figure class=\"flex flex-col gap-y-3.25 items-center text-center\">\n\t\t\t\t\n\t\t<img decoding=\"async\" src=\"https:\/\/twistedtales.tv\/wp-content\/uploads\/2025\/07\/img-team-8-1.webp\" alt=\"Alessandra Schmidt\" loading=\"lazy\" class=\"lazyload aspect-square h-auto w-34.25 max-w-full rounded-full object-cover\">\n\t\t<figcaption>\n\t\t<strong class=\"block text-[0.7714285714em]\/tight\">Alessandra <br>Schmidt<\/strong>\n\t\t\t\t\t<em class=\"block italic text-[0.6428571429em]\/normal -mt-[0.1666666667em]\">\u0160panija<\/em>\n\t\t\t\t\n\t<\/figcaption>\n<\/figure>\n\t\t\t\t\r\n\t\t\t\t\t\t\t\t\t<figure class=\"flex flex-col gap-y-3.25 items-center text-center\">\n\t\t\t\t\n\t\t<img decoding=\"async\" src=\"https:\/\/twistedtales.tv\/wp-content\/uploads\/2025\/07\/img-team-6.webp\" alt=\"Guillem Camprodon\" loading=\"lazy\" class=\"lazyload aspect-square h-auto w-34.25 max-w-full rounded-full object-cover\">\n\t\t<figcaption>\n\t\t<strong class=\"block text-[0.7714285714em]\/tight\">Guillem <br>Camprodon<\/strong>\n\t\t\t\t\t<em class=\"block italic text-[0.6428571429em]\/normal -mt-[0.1666666667em]\">\u0160panija<\/em>\n\t\t\t\t\n\t<\/figcaption>\n<\/figure>\n\t\t\t\t\r\n\t\t\t\t\t\t\t\t\t<figure class=\"flex flex-col gap-y-3.25 items-center text-center\">\n\t\t\t\t\n\t\t<img decoding=\"async\" src=\"https:\/\/twistedtales.tv\/wp-content\/uploads\/2025\/07\/img-team-10.webp\" alt=\"Sally Bourdon\" loading=\"lazy\" class=\"lazyload aspect-square h-auto w-34.25 max-w-full rounded-full object-cover\">\n\t\t<figcaption>\n\t\t<strong class=\"block text-[0.7714285714em]\/tight\">Sally <br>Bourdon<\/strong>\n\t\t\t\t\t<em class=\"block italic text-[0.6428571429em]\/normal -mt-[0.1666666667em]\">\u0160panija<\/em>\n\t\t\t\t\n\t<\/figcaption>\n<\/figure>\n\t\t\t\t\r\n\t\t\t\t\t\t\t\t\t<figure class=\"flex flex-col gap-y-3.25 items-center text-center\">\n\t\t\t\t\n\t\t<img decoding=\"async\" src=\"https:\/\/twistedtales.tv\/wp-content\/uploads\/2025\/07\/img-team-5-1.webp\" alt=\"Andreja Lapuh\" loading=\"lazy\" class=\"lazyload aspect-square h-auto w-34.25 max-w-full rounded-full object-cover\">\n\t\t<figcaption>\n\t\t<strong class=\"block text-[0.7714285714em]\/tight\">Andreja <br>Lapuh<\/strong>\n\t\t\t\t\t<em class=\"block italic text-[0.6428571429em]\/normal -mt-[0.1666666667em]\">Slovenija<\/em>\n\t\t\t\t\n\t<\/figcaption>\n<\/figure>\n\t\t\t\t\r\n\t\t\t\t\t\t\t\t\t<figure class=\"flex flex-col gap-y-3.25 items-center text-center\">\n\t\t\t\t\n\t\t<img decoding=\"async\" src=\"https:\/\/twistedtales.tv\/wp-content\/uploads\/2025\/07\/img-team-3.webp\" alt=\"Suzana Krsti\u0107\" loading=\"lazy\" class=\"lazyload aspect-square h-auto w-34.25 max-w-full rounded-full object-cover\">\n\t\t<figcaption>\n\t\t<strong class=\"block text-[0.7714285714em]\/tight\">Suzana <br>Krsti\u0107<\/strong>\n\t\t\t\t\t<em class=\"block italic text-[0.6428571429em]\/normal -mt-[0.1666666667em]\">Srbija<\/em>\n\t\t\t\t\n\t<\/figcaption>\n<\/figure>\n\t\t\t\t\r\n\t\t\t\t\t\t\t\t\t<figure class=\"flex flex-col gap-y-3.25 items-center text-center\">\n\t\t\t\t\n\t\t<img decoding=\"async\" src=\"https:\/\/twistedtales.tv\/wp-content\/uploads\/2025\/07\/img-team-1.webp\" alt=\"Milica Ponjavi\u0107\" loading=\"lazy\" class=\"lazyload aspect-square h-auto w-34.25 max-w-full rounded-full object-cover\">\n\t\t<figcaption>\n\t\t<strong class=\"block text-[0.7714285714em]\/tight\">Milica <br>Ponjavi\u0107<\/strong>\n\t\t\t\t\t<em class=\"block italic text-[0.6428571429em]\/normal -mt-[0.1666666667em]\">Srbija<\/em>\n\t\t\t\t\n\t<\/figcaption>\n<\/figure>\n\t\t\t\t\r\n\t\t\t\t\t\t\t\t\t\t\t<\/div>\r\n\t\t\t<\/div>\r\n<\/section>\r\n\n\n\t\t\t\t<article\n\t\t\tclass=\"container about-article mb-10.75\">\n\t\t\t\t\t\t<div class=\"lg:grid lg:grid-cols-6 lg:gap-6.25\">\n\t\t\t\t<div class=\"space-y-5 lg:space-y-6.25 lg:col-span-4 lg:col-start-2\">\n\t\t\t\t\t\t\t\t\t\t\t<h1>Pridru\u017eite nam se na ovom putovanju!<\/h1>\n\t\t\t\t\t\t\t\t\t\t\t\t\t\t\t\t\t\t\t\t\t\t\t\t\t\t\t\t\t\t\t\t\t\t\t\t\t<p><span style=\"font-weight: 400;\">Bilo da ste roditelj, nastavnik ili jednostavno neko ko voli pri\u010de, pozivamo vas da otkrijete<em> Twisted Tales<\/em> svet. Poslu\u0161ajte pri\u010du sa svojim detetom, do\u017eivite na\u0161u predstavu, organizujte radionicu u svojoj zajednici ili podr\u017eite nastanak slede\u0107e bajke. <\/span><\/p>\n\t\t\t\t\t\t\t\t\t\t\t\t\t\t\t\t\t\t\t\t\t\t<\/div>\n\t\t\t<\/div>\n\t\t<\/article>\n\t","protected":false},"excerpt":{"rendered":"","protected":false},"author":2,"featured_media":0,"parent":0,"menu_order":0,"comment_status":"closed","ping_status":"closed","template":"","meta":{"_acf_changed":false,"footnotes":""},"class_list":["post-3257","page","type-page","status-publish","hentry"],"acf":[],"_links":{"self":[{"href":"https:\/\/twistedtales.tv\/sr\/wp-json\/wp\/v2\/pages\/3257","targetHints":{"allow":["GET"]}}],"collection":[{"href":"https:\/\/twistedtales.tv\/sr\/wp-json\/wp\/v2\/pages"}],"about":[{"href":"https:\/\/twistedtales.tv\/sr\/wp-json\/wp\/v2\/types\/page"}],"author":[{"embeddable":true,"href":"https:\/\/twistedtales.tv\/sr\/wp-json\/wp\/v2\/users\/2"}],"replies":[{"embeddable":true,"href":"https:\/\/twistedtales.tv\/sr\/wp-json\/wp\/v2\/comments?post=3257"}],"version-history":[{"count":3,"href":"https:\/\/twistedtales.tv\/sr\/wp-json\/wp\/v2\/pages\/3257\/revisions"}],"predecessor-version":[{"id":4134,"href":"https:\/\/twistedtales.tv\/sr\/wp-json\/wp\/v2\/pages\/3257\/revisions\/4134"}],"wp:attachment":[{"href":"https:\/\/twistedtales.tv\/sr\/wp-json\/wp\/v2\/media?parent=3257"}],"curies":[{"name":"wp","href":"https:\/\/api.w.org\/{rel}","templated":true}]}}