{"id":2560,"date":"2025-07-08T06:25:20","date_gmt":"2025-07-08T04:25:20","guid":{"rendered":"https:\/\/twistedtales.tv\/privacy-policy\/"},"modified":"2026-01-28T11:55:08","modified_gmt":"2026-01-28T10:55:08","slug":"privacy-policy","status":"publish","type":"page","link":"https:\/\/twistedtales.tv\/fr\/privacy-policy\/","title":{"rendered":"Politique de confidentialit\u00e9"},"content":{"rendered":"\t\t\t\t<article\n\t\t\tclass=\"container about-article mb-10.75\">\n\t\t\t\t\t\t\t<header class=\"border-t-2 italic text-[40px] pt-1 mb-8 md:mb-12.5 md:border-t-[3px] md:text-[50px] lg:text-[40px]\">\n\t\t\t\t\t<strong class=\"font-semibold\">Twisted Tales<\/strong>\n\t\t\t\t<\/header>\n\t\t\t\t\t\t<div class=\"lg:grid lg:grid-cols-6 lg:gap-6.25\">\n\t\t\t\t<div class=\"space-y-5 lg:space-y-6.25 lg:col-span-4 lg:col-start-2\">\n\t\t\t\t\t\t\t\t\t\t\t<h1>Politique de confidentialit\u00e9 <\/h1>\n\t\t\t\t\t\t\t\t\t\t\t\t\t\t\t\t\t\t\t\t\t\t\t\t\t\t\t\t\t\t\t\t\t\t\t\t\t<p><strong>QUI SOMMES-NOUS\u00a0<\/strong><\/p>\n<p><span style=\"font-weight: 400;\">Twisted Tales TV respecte votre vie priv\u00e9e et s&rsquo;engage \u00e0 prot\u00e9ger vos informations personnelles. Cette politique explique comment nous collectons, utilisons et prot\u00e9geons les donn\u00e9es que vous fournissez lorsque vous visitez notre site Web, utilisez notre application mobile ou interagissez avec nos services.<\/span><\/p>\n<p><strong>\u00a0INFORMATIONS QUE NOUS COLLECTONS\u00a0<\/strong><\/p>\n<p><span style=\"font-weight: 400;\">Nous pouvons collecter les types d&rsquo;informations suivants :<br \/>\n<\/span><span style=\"font-weight: 400;\">\u2192 Informations personnelles que vous fournissez \u2013 Nom, adresse e-mail et autres d\u00e9tails lorsque vous vous inscrivez \u00e0 des newsletters, que vous nous contactez ou que vous vous inscrivez \u00e0 des ateliers ou des \u00e9v\u00e9nements.<br \/>\n<\/span><span style=\"font-weight: 400;\">\u2192 Informations d&rsquo;utilisation \u2013Donn\u00e9es non identifiables relatives \u00e0 vos interactions avec notre site Web ou notre application mobile (pages visit\u00e9es, fonctionnalit\u00e9s utilis\u00e9es, clics).<br \/>\n<\/span><span style=\"font-weight: 400;\">\u2192 Cookies et technologies similaires \u2013 Nous utilisons ces technologies pour am\u00e9liorer votre exp\u00e9rience, m\u00e9moriser vos pr\u00e9f\u00e9rences et analyser l&rsquo;utilisation du site Web (voir notre Politique en mati\u00e8re de cookies).<\/span><\/p>\n<p><strong>COMMENT NOUS UTILISONS LES INFORMATIONS\u00a0<\/strong><\/p>\n<p><span style=\"font-weight: 400;\">Vos informations sont utilis\u00e9es pour :<br \/>\n<\/span><span style=\"font-weight: 400;\">\u2192 Traiter les demandes et fournir les services requis<br \/>\n<\/span><span style=\"font-weight: 400;\">\u2192 Vous envoyer des newsletters ou des mises \u00e0 jour, avec votre accord<br \/>\n<\/span><span style=\"font-weight: 400;\">\u2192 Optimiser notre site Web, nos contenus et notre application mobile<br \/>\n<\/span><span style=\"font-weight: 400;\">\u2192 Analyser l&rsquo;engagement des utilisateurs et d\u00e9gager les tendances<br \/>\n<\/span><span style=\"font-weight: 400;\">\u2192 Assurer la s\u00fbret\u00e9 et la s\u00e9curit\u00e9, et respecter nos obligations l\u00e9gales<\/span><\/p>\n<p><strong>PARTAGE DE VOS INFORMATIONS\u00a0<\/strong><\/p>\n<p><span style=\"font-weight: 400;\">Notre engagement est clair : nous ne vendons jamais vos donn\u00e9es personnelles.<\/span><\/p>\n<p><span style=\"font-weight: 400;\">Nous pouvons cependant \u00eatre amen\u00e9s \u00e0 les communiquer \u00e0 des prestataires de services de confiance. Ces partenaires nous aident \u00e0 assurer le bon fonctionnement de notre site Web, de notre application mobile ou de nos programmes \u00e9ducatifs.<\/span><\/p>\n<p><span style=\"font-weight: 400;\">Tout partage est syst\u00e9matiquement encadr\u00e9 par des accords de confidentialit\u00e9 stricts.<\/span><\/p>\n<p><strong>VOS DROITS\u00a0<\/strong><\/p>\n<p><span style=\"font-weight: 400;\">Vous avez le droit de :<br \/>\n<\/span><span style=\"font-weight: 400;\">\u2192 Consulter vos informations personnelles, les faire corriger ou les faire supprimer<br \/>\n<\/span><span style=\"font-weight: 400;\">\u2192 Choisir de ne plus recevoir nos newsletters ou nos communications marketing<br \/>\n<\/span><span style=\"font-weight: 400;\">\u2192 Demander comment et pourquoi vos donn\u00e9es sont utilis\u00e9es<\/span><\/p>\n<p><strong>S\u00c9CURIT\u00c9 DES DONN\u00c9ES\u00a0<\/strong><\/p>\n<p><span style=\"font-weight: 400;\">La s\u00e9curit\u00e9 de vos donn\u00e9es est une priorit\u00e9. Nous mettons en \u0153uvre des mesures raisonnables pour les prot\u00e9ger contre tout acc\u00e8s, modification, divulgation ou destruction non autoris\u00e9(e).<\/span><\/p>\n<p><strong>NOUS CONTACTER\u00a0<\/strong><\/p>\n<p><span style=\"font-weight: 400;\">Pour toute question relative \u00e0 cette politique de confidentialit\u00e9, veuillez nous contacter : <\/span><a href=\"mailto:twisted@transmedia-design.me\">twisted@transmedia-design.me <b>\u2192<\/b><\/a><\/p>\n\t\t\t\t\t\t\t\t\t\t\t\t\t\t\t\t\t\t\t\t\t\t<\/div>\n\t\t\t<\/div>\n\t\t<\/article>\n\t","protected":false},"excerpt":{"rendered":"","protected":false},"author":2,"featured_media":0,"parent":0,"menu_order":0,"comment_status":"closed","ping_status":"open","template":"","meta":{"_acf_changed":false,"footnotes":""},"class_list":["post-2560","page","type-page","status-publish","hentry"],"acf":[],"_links":{"self":[{"href":"https:\/\/twistedtales.tv\/fr\/wp-json\/wp\/v2\/pages\/2560","targetHints":{"allow":["GET"]}}],"collection":[{"href":"https:\/\/twistedtales.tv\/fr\/wp-json\/wp\/v2\/pages"}],"about":[{"href":"https:\/\/twistedtales.tv\/fr\/wp-json\/wp\/v2\/types\/page"}],"author":[{"embeddable":true,"href":"https:\/\/twistedtales.tv\/fr\/wp-json\/wp\/v2\/users\/2"}],"replies":[{"embeddable":true,"href":"https:\/\/twistedtales.tv\/fr\/wp-json\/wp\/v2\/comments?post=2560"}],"version-history":[{"count":1,"href":"https:\/\/twistedtales.tv\/fr\/wp-json\/wp\/v2\/pages\/2560\/revisions"}],"predecessor-version":[{"id":2827,"href":"https:\/\/twistedtales.tv\/fr\/wp-json\/wp\/v2\/pages\/2560\/revisions\/2827"}],"wp:attachment":[{"href":"https:\/\/twistedtales.tv\/fr\/wp-json\/wp\/v2\/media?parent=2560"}],"curies":[{"name":"wp","href":"https:\/\/api.w.org\/{rel}","templated":true}]}}