{"id":2556,"date":"2025-09-24T19:04:35","date_gmt":"2025-09-24T17:04:35","guid":{"rendered":"https:\/\/twistedtales.tv\/donate\/"},"modified":"2026-01-28T12:02:53","modified_gmt":"2026-01-28T11:02:53","slug":"faire-un-don","status":"publish","type":"page","link":"https:\/\/twistedtales.tv\/fr\/faire-un-don\/","title":{"rendered":"Faire un don"},"content":{"rendered":"\t\t\t\t<article\n\t\t\tclass=\"container about-article mb-10.75\">\n\t\t\t\t\t\t\t<header class=\"border-t-2 italic text-[40px] pt-1 mb-8 md:mb-12.5 md:border-t-[3px] md:text-[50px] lg:text-[40px]\">\n\t\t\t\t\t<strong class=\"font-semibold\">Faire un don<\/strong>\n\t\t\t\t<\/header>\n\t\t\t\t\t\t<div class=\"lg:grid lg:grid-cols-6 lg:gap-6.25\">\n\t\t\t\t<div class=\"space-y-5 lg:space-y-6.25 lg:col-span-4 lg:col-start-2\">\n\t\t\t\t\t\t\t\t\t\t\t<h1>Faire un don<\/h1>\n\t\t\t\t\t\t\t\t\t\t\t\t\t\t\t\t\t\t\t\t\t\t\t\t\t\t\t\t\t\t\t\t\t\t\t\t\t<p style=\"padding-left: 40px;\"><strong>Aidez-nous \u00e0 offrir Twisted Tales \u00e0 plus d&rsquo;enfants \u00e0 travers le monde ! <\/strong><\/p>\n<p><span style=\"font-weight: 400;\">Votre soutien nous permet de cr\u00e9er des histoires inclusives, imaginatives et inspirantes sous forme de livres, de pi\u00e8ces de th\u00e9\u00e2tre, d&rsquo;animations et d&rsquo;ateliers. <\/span><\/p>\n<p style=\"padding-left: 40px;\"><strong>Chaque contribution fait la diff\u00e9rence!<\/strong><\/p>\n<p><span style=\"font-weight: 400;\">Gr\u00e2ce \u00e0 des contributions, petites et grandes, nous pouvons assurer que Twisted Tales TV continue d&rsquo;\u00e9voluer. Votre soutien nous aidera \u00e0 financer de nouveaux contes et ateliers \u00e9ducatifs, \u00e0 d\u00e9velopper des spectacles de th\u00e9\u00e2tre accessibles, et \u00e0 \u00e9tendre nos exp\u00e9riences audio, de RA (R\u00e9alit\u00e9 Augment\u00e9e) et transm\u00e9dia.\u00a0<\/span><\/p>\n<p><strong>COMMENT FAIRE UN DON\u00a0<\/strong><\/p>\n<p><span style=\"font-weight: 400;\">\u2192 Dons ponctuels ou r\u00e9currents<br \/>\n<\/span><span style=\"font-weight: 400;\">\u2192 Parrainage d&rsquo;entreprise ou institutionnel<br \/>\n<\/span><span style=\"font-weight: 400;\">\u2192 Soutien en nature et collaboration\u00a0<\/span><\/p>\n<p style=\"padding-left: 40px;\"><strong>Ensemble, stimulons la cr\u00e9ativit\u00e9, l&#8217;empathie et le courage chez la prochaine g\u00e9n\u00e9ration. <\/strong><\/p>\n<p><span style=\"font-weight: 400;\">Cliquez sur le c\u0153ur ci-dessous pour faire un don ponctuel.<\/span><\/p>\n<p><a href=\"https:\/\/www.paypal.com\/donate\/?hosted_button_id=MCL2D35C7WWG6\"><img loading=\"lazy\" decoding=\"async\" class=\"alignnone wp-image-992\" src=\"https:\/\/twistedtales.tv\/wp-content\/uploads\/2025\/09\/src.png\" alt=\"\" width=\"78\" height=\"100\" \/><\/a><\/p>\n\t\t\t\t\t\t\t\t\t\t\t\t\t\t\t\t\t\t\t\t\t\t<\/div>\n\t\t\t<\/div>\n\t\t<\/article>\n\t","protected":false},"excerpt":{"rendered":"","protected":false},"author":2,"featured_media":0,"parent":0,"menu_order":0,"comment_status":"closed","ping_status":"closed","template":"","meta":{"_acf_changed":false,"footnotes":""},"class_list":["post-2556","page","type-page","status-publish","hentry"],"acf":[],"_links":{"self":[{"href":"https:\/\/twistedtales.tv\/fr\/wp-json\/wp\/v2\/pages\/2556","targetHints":{"allow":["GET"]}}],"collection":[{"href":"https:\/\/twistedtales.tv\/fr\/wp-json\/wp\/v2\/pages"}],"about":[{"href":"https:\/\/twistedtales.tv\/fr\/wp-json\/wp\/v2\/types\/page"}],"author":[{"embeddable":true,"href":"https:\/\/twistedtales.tv\/fr\/wp-json\/wp\/v2\/users\/2"}],"replies":[{"embeddable":true,"href":"https:\/\/twistedtales.tv\/fr\/wp-json\/wp\/v2\/comments?post=2556"}],"version-history":[{"count":1,"href":"https:\/\/twistedtales.tv\/fr\/wp-json\/wp\/v2\/pages\/2556\/revisions"}],"predecessor-version":[{"id":2831,"href":"https:\/\/twistedtales.tv\/fr\/wp-json\/wp\/v2\/pages\/2556\/revisions\/2831"}],"wp:attachment":[{"href":"https:\/\/twistedtales.tv\/fr\/wp-json\/wp\/v2\/media?parent=2556"}],"curies":[{"name":"wp","href":"https:\/\/api.w.org\/{rel}","templated":true}]}}