{"id":2548,"date":"2025-07-08T12:29:20","date_gmt":"2025-07-08T10:29:20","guid":{"rendered":"https:\/\/twistedtales.tv\/about\/"},"modified":"2026-02-09T13:01:10","modified_gmt":"2026-02-09T12:01:10","slug":"a-propos","status":"publish","type":"page","link":"https:\/\/twistedtales.tv\/fr\/a-propos\/","title":{"rendered":"\u00c0 propos"},"content":{"rendered":"\n<p id=\"tw-target-text\"><\/p>\n\n\n\t\t\t\t<article\n\t\t\tclass=\"container about-article mb-10.75\">\n\t\t\t\t\t\t\t<header class=\"border-t-2 italic text-[40px] pt-1 mb-8 md:mb-12.5 md:border-t-[3px] md:text-[50px] lg:text-[40px]\">\n\t\t\t\t\t<strong class=\"font-semibold\">\u00c0 propos<\/strong>\n\t\t\t\t<\/header>\n\t\t\t\t\t\t<div class=\"lg:grid lg:grid-cols-6 lg:gap-6.25\">\n\t\t\t\t<div class=\"space-y-5 lg:space-y-6.25 lg:col-span-4 lg:col-start-2\">\n\t\t\t\t\t\t\t\t\t\t\t<h1>Twisted Tales TV<\/h1>\n\t\t\t\t\t\t\t\t\t\t\t\t\t\t\t\t\t\t\t\t\t\t\t\t\t\t\t\t\t\t\t\t\t\t\t\t\t<p style=\"padding-left: 40px;\"><em><b>\u00ab Tout n&rsquo;\u00e9tait pas perdu. Il y avait encore de l&rsquo;espoir. Pour grandir. Pour la vie. Et pour faire des r\u00eaves impossibles une r\u00e9alit\u00e9. \u00bb \u2013 Extrait du\u00a0 <u><a href=\"https:\/\/twistedtales.tv\/fr\/contes\/meera-de-la-mer-de-corail\/\" target=\"_blank\" rel=\"noopener\">Voyage de Meera dans la mer de Corail<\/a><\/u><\/b><\/em><\/p>\n<p><span style=\"font-weight: 400;\">Ce dont nous sommes s\u00fbrs chez Twisted Tales, c\u2019est que les histoires sont bien plus que de simples mots jet\u00e9s sur papier. Elles influencent notre regard sur le monde et stimulent notre imagination pour que de nouvelles puissent \u00eatre cr\u00e9\u00e9es. Mais les histoires avec lesquelles beaucoup d&rsquo;entre nous ont grandi sont d\u00e9cal\u00e9es par rapport \u00e0 la vie des enfants d&rsquo;aujourd&rsquo;hui. Elles sont bourr\u00e9es de clich\u00e9s, de le\u00e7ons d\u00e9pass\u00e9es et proposent une vision tr\u00e8s r\u00e9ductrice de ce qu\u2019est vraiment un h\u00e9ros. Nous avons d\u00e9cid\u00e9 de changer \u00e7a. Adieu les vieux clich\u00e9s, et place aux enseignements sur l&rsquo;amour, le courage et l&#8217;empathie !<\/span><\/p>\n<p><b>Nous avons d\u00e9cid\u00e9 de changer \u00e7a. Adieu les vieux clich\u00e9s, et place aux enseignements sur l&rsquo;amour, le courage et l&#8217;empathie !<\/b><\/p>\n<p><br style=\"font-weight: 400;\" \/><br style=\"font-weight: 400;\" \/><\/p>\n\t\t\t\t\t\t\t\t\t\t\t\t\t\t\t\t\t\t\t\t\t\t\t\t\t\t\t\t<figure class=\"my-10 lg:mt-17.5 lg:mb-14.5 lg:relative\">\n\t\t\t\t\t\t\t\t\t\t\t\t\t\t\t\t\t\t\t<img decoding=\"async\" src=\"https:\/\/twistedtales.tv\/wp-content\/uploads\/2025\/07\/img-about-2.webp\" alt=\"\"\n\t\t\t\t\t\t\t\t\t\t\tloading=\"lazy\" class=\"lazyload rounded-lg block w-full\">\n\t\t\t\t\t\t\t\t\t\t\t\t\t\t\t\t\t\t<figcaption\n\t\t\t\t\t\t\t\t\t\tclass=\"text-[0.5714285714em]\/tight pt-2 xl:pt-0 xl:absolute xl:-top-0.75 xl:-start-52.5 xl:w-50\">\n\t\t\t\t\t\t\t\t\t\t\t\t\t\t\t\t\t\t\t\t\tAvant-Premi\u00e8re <br \/>\r\nde Cendr\u00e9e-Rions en Slov\u00e9nie, en pr\u00e9sence des co-cr\u00e9ateurs <br \/>\r\n\u2192\t\t\t\t\t\t\t\t\t\t\t\t\t\t\t\t\t\t\t<\/figcaption>\n\t\t\t\t\t\t\t\t<\/figure>\n\t\t\t\t\t\t\t\t\t\t\t\t\t\t\t\t\t\t\t\t\t\t\t\t\t\t\t\t<p><strong>L\u2019UNIVERS<\/strong><\/p>\n<p><span style=\"font-weight: 400;\">Twisted Tales TV, c&rsquo;est bien plus qu&rsquo;une simple collection d&rsquo;histoires. C&rsquo;est tout un univers o\u00f9 se rencontrent le conte, l&rsquo;\u00e9ducation, le jeu et l&rsquo;imagination. Transmis au travers de livres, du th\u00e9\u00e2tre, d\u2019animations, de formats audio, d\u2019expositions et d\u2019ateliers, chaque conte invite les enfants non seulement \u00e0 \u00e9couter, mais aussi \u00e0 participer, \u00e0 imaginer, et \u00e0 cr\u00e9er.<\/span><\/p>\n<p><strong>L\u2019APPROCHE<\/strong><\/p>\n<p><span style=\"font-weight: 400;\">Le principe de Twisted Tales, c\u2019est la co-cr\u00e9ation.\u00a0 Nous sommes des conteurs et des co-cr\u00e9ateurs. Nos contes sont le fruit d&rsquo;une collaboration entre \u00e9crivains talentueux, illustrateurs, \u00e9ducateurs et enfants. Ce sont leurs dessins, leurs voix et leurs id\u00e9es qui inspirent les personnages et les univers de Twisted Tales.<\/span><\/p>\n<p><span style=\"font-weight: 400;\">Cette m\u00e9thode, mise au point par des psychologues et des animateurs engag\u00e9s, cherche \u00e0 \u00e9veiller chez les enfants, les principes fondamentaux de l\u2019humanit\u00e9.<\/span><\/p>\n<p style=\"padding-left: 40px;\"><u><a href=\"https:\/\/twistedtales.tv\/category\/education\/\"><strong>En savoir plus sur notre approche <\/strong><b>\u2192\u00a0<\/b><\/a><\/u><\/p>\n<p>&nbsp;<\/p>\n\t\t\t\t\t\t\t\t\t\t\t\t\t\t\t\t\t\t\t\t\t\t\t\t\t\t\t\t<figure class=\"my-10 lg:mt-17.5 lg:mb-14.5 lg:relative\">\n\t\t\t\t\t\t\t\t\t\t\t\t\t\t\t\t\t\t\t<img decoding=\"async\" src=\"https:\/\/twistedtales.tv\/wp-content\/uploads\/2025\/09\/img-content-section-003-scaled.png\" alt=\"\"\n\t\t\t\t\t\t\t\t\t\t\tloading=\"lazy\" class=\"lazyload rounded-lg block w-full\">\n\t\t\t\t\t\t\t\t\t\t\t\t\t\t\t\t\t\t<figcaption\n\t\t\t\t\t\t\t\t\t\tclass=\"text-[0.5714285714em]\/tight pt-2 xl:pt-0 xl:absolute xl:-top-0.75 xl:-start-52.5 xl:w-50\">\n\t\t\t\t\t\t\t\t\t\t\t\t\t\t\t\t\t\t\t\t\tEl\u00e9ments cr\u00e9\u00e9s par Dalibor Kazija<br \/>\r\net des enfants en Slov\u00e9nie<br \/>\r\n\u2192\t\t\t\t\t\t\t\t\t\t\t\t\t\t\t\t\t\t\t<\/figcaption>\n\t\t\t\t\t\t\t\t<\/figure>\n\t\t\t\t\t\t\t\t\t\t\t\t\t\t\t\t\t\t\t\t\t\t\t\t\t\t\t\t<p><strong>LES TH\u00c8MES<\/strong><\/p>\n<p><span style=\"font-weight: 400;\">Nos personnages vivent peut-\u00eatre dans des mondes f\u00e9\u00e9riques, mais leurs difficult\u00e9s sont bien r\u00e9elles. Chaque conte explore avec soin des th\u00e8mes que les enfants rencontrent dans la vraie vie : le sentiment d&rsquo;appartenance, l&rsquo;identit\u00e9, la diff\u00e9rence, l&rsquo;amiti\u00e9, la perte et l&rsquo;espoir. En abordant ces th\u00e8mes au travers de nos histoires, nous donnons aux enfants l&rsquo;occasion de se reconna\u00eetre, et offrons un espace aux familles pour partager des conversations riches et profondes.<\/span><\/p>\n<p><strong>L&rsquo;\u00c9QUIPE<\/strong><\/p>\n<p><span style=\"font-weight: 400;\">Nous sommes une \u00e9quipe de r\u00eaveurs, d&rsquo;\u00e9ducateurs, de psychologues et d&rsquo;artistes, qui donnons vie \u00e0 des histoires sous tout type de formes et d\u2019exp\u00e9riences. Mais nos plus importants collaborateurs resteront toujours les enfants. Leur cr\u00e9ativit\u00e9, leur honn\u00eatet\u00e9 et leur point de vue donnent naissance \u00e0 tout ce que nous cr\u00e9ons.<\/span><\/p>\n<p>&nbsp;<\/p>\n\t\t\t\t\t\t\t\t\t\t\t\t\t\t\t\t\t\t\t\t\t\t<\/div>\n\t\t\t<\/div>\n\t\t<\/article>\n\t\n\n<section class=\"container team-block\">\r\n\t<div class=\"lg:px-52.5\">\r\n\t\t\t\t\t<h2 class=\"uppercase text-4xl mb-10 lg:text-[1.9285714286em]\/[1.1851851852] lg:mb-21\">Rencontrez l\u2019equipe<\/h2>\r\n\t\t\t\t\r\n\t\t\t\t\t<div class=\"grid grid-cols-2 gap-x-6.25 gap-y-13.75 mb-20 md:grid-cols-3 lg:grid-cols-4 lg:mb-42 lg:-mx-50.5 xl:grid-cols-6 2xl:grid-cols-7\">\r\n\t\t\t\t\t\t\t\t\t<figure class=\"flex flex-col gap-y-3.25 items-center text-center\">\n\t\t\t\t\n\t\t<img decoding=\"async\" src=\"https:\/\/twistedtales.tv\/wp-content\/uploads\/2025\/07\/img-team-1.webp\" alt=\"Sara Bo\u017eani\u0107\" loading=\"lazy\" class=\"lazyload aspect-square h-auto w-34.25 max-w-full rounded-full object-cover\">\n\t\t<figcaption>\n\t\t<strong class=\"block text-[0.7714285714em]\/tight\">Sara <br>Bo\u017eani\u0107<\/strong>\n\t\t\t\t\t<em class=\"block italic text-[0.6428571429em]\/normal -mt-[0.1666666667em]\">Slov\u00e9nie<\/em>\n\t\t\t\t\n\t<\/figcaption>\n<\/figure>\n\t\t\t\t\r\n\t\t\t\t\t\t\t\t\t<figure class=\"flex flex-col gap-y-3.25 items-center text-center\">\n\t\t\t\t\n\t\t<img decoding=\"async\" src=\"https:\/\/twistedtales.tv\/wp-content\/uploads\/2025\/07\/img-team-2-2.webp\" alt=\"Miljana Dragi\u010devi\u0107\" loading=\"lazy\" class=\"lazyload aspect-square h-auto w-34.25 max-w-full rounded-full object-cover\">\n\t\t<figcaption>\n\t\t<strong class=\"block text-[0.7714285714em]\/tight\">Miljana <br>Dragi\u010devi\u0107<\/strong>\n\t\t\t\t\t<em class=\"block italic text-[0.6428571429em]\/normal -mt-[0.1666666667em]\">Croatie<\/em>\n\t\t\t\t\n\t<\/figcaption>\n<\/figure>\n\t\t\t\t\r\n\t\t\t\t\t\t\t\t\t<figure class=\"flex flex-col gap-y-3.25 items-center text-center\">\n\t\t\t\t\n\t\t<img decoding=\"async\" src=\"https:\/\/twistedtales.tv\/wp-content\/uploads\/2025\/07\/img-team-3.webp\" alt=\"Mateja Filipovi\u0107-Sandalj\" loading=\"lazy\" class=\"lazyload aspect-square h-auto w-34.25 max-w-full rounded-full object-cover\">\n\t\t<figcaption>\n\t\t<strong class=\"block text-[0.7714285714em]\/tight\">Mateja <br>Filipovi\u0107-Sandalj<\/strong>\n\t\t\t\t\t<em class=\"block italic text-[0.6428571429em]\/normal -mt-[0.1666666667em]\">Croatie<\/em>\n\t\t\t\t\n\t<\/figcaption>\n<\/figure>\n\t\t\t\t\r\n\t\t\t\t\t\t\t\t\t<figure class=\"flex flex-col gap-y-3.25 items-center text-center\">\n\t\t\t\t\n\t\t<img decoding=\"async\" src=\"https:\/\/twistedtales.tv\/wp-content\/uploads\/2025\/07\/img-team-4.webp\" alt=\"Robert Ferencek\" loading=\"lazy\" class=\"lazyload aspect-square h-auto w-34.25 max-w-full rounded-full object-cover\">\n\t\t<figcaption>\n\t\t<strong class=\"block text-[0.7714285714em]\/tight\">Robert <br>Ferencek<\/strong>\n\t\t\t\t\t<em class=\"block italic text-[0.6428571429em]\/normal -mt-[0.1666666667em]\">Slov\u00e9nie<\/em>\n\t\t\t\t\n\t<\/figcaption>\n<\/figure>\n\t\t\t\t\r\n\t\t\t\t\t\t\t\t\t<figure class=\"flex flex-col gap-y-3.25 items-center text-center\">\n\t\t\t\t\n\t\t<img decoding=\"async\" src=\"https:\/\/twistedtales.tv\/wp-content\/uploads\/2025\/07\/img-team-5.webp\" alt=\"Oleg Morovi\u0107\" loading=\"lazy\" class=\"lazyload aspect-square h-auto w-34.25 max-w-full rounded-full object-cover\">\n\t\t<figcaption>\n\t\t<strong class=\"block text-[0.7714285714em]\/tight\">Oleg <br>Morovi\u0107<\/strong>\n\t\t\t\t\t<em class=\"block italic text-[0.6428571429em]\/normal -mt-[0.1666666667em]\">Croatie<\/em>\n\t\t\t\t\n\t<\/figcaption>\n<\/figure>\n\t\t\t\t\r\n\t\t\t\t\t\t\t\t\t<figure class=\"flex flex-col gap-y-3.25 items-center text-center\">\n\t\t\t\t\n\t\t<img decoding=\"async\" src=\"https:\/\/twistedtales.tv\/wp-content\/uploads\/2025\/07\/img-team-6.webp\" alt=\"Matej Kon\u010dan\" loading=\"lazy\" class=\"lazyload aspect-square h-auto w-34.25 max-w-full rounded-full object-cover\">\n\t\t<figcaption>\n\t\t<strong class=\"block text-[0.7714285714em]\/tight\">Matej <br>Kon\u010dan<\/strong>\n\t\t\t\t\t<em class=\"block italic text-[0.6428571429em]\/normal -mt-[0.1666666667em]\">Slov\u00e9nie<\/em>\n\t\t\t\t\n\t<\/figcaption>\n<\/figure>\n\t\t\t\t\r\n\t\t\t\t\t\t\t\t\t<figure class=\"flex flex-col gap-y-3.25 items-center text-center\">\n\t\t\t\t\n\t\t<img decoding=\"async\" src=\"https:\/\/twistedtales.tv\/wp-content\/uploads\/2025\/07\/img-team-7.webp\" alt=\"Luis Mata Almeida\" loading=\"lazy\" class=\"lazyload aspect-square h-auto w-34.25 max-w-full rounded-full object-cover\">\n\t\t<figcaption>\n\t\t<strong class=\"block text-[0.7714285714em]\/tight\">Luis <br>Mata Almeida<\/strong>\n\t\t\t\t\t<em class=\"block italic text-[0.6428571429em]\/normal -mt-[0.1666666667em]\">Portugal<\/em>\n\t\t\t\t\n\t<\/figcaption>\n<\/figure>\n\t\t\t\t\r\n\t\t\t\t\t\t\t\t\t<figure class=\"flex flex-col gap-y-3.25 items-center text-center\">\n\t\t\t\t\n\t\t<img decoding=\"async\" src=\"https:\/\/twistedtales.tv\/wp-content\/uploads\/2025\/07\/img-team-8.webp\" alt=\"Bojana Pavi\u0107\" loading=\"lazy\" class=\"lazyload aspect-square h-auto w-34.25 max-w-full rounded-full object-cover\">\n\t\t<figcaption>\n\t\t<strong class=\"block text-[0.7714285714em]\/tight\">Bojana <br>Pavi\u0107<\/strong>\n\t\t\t\t\t<em class=\"block italic text-[0.6428571429em]\/normal -mt-[0.1666666667em]\">Bosnie-Herz\u00e9govine<\/em>\n\t\t\t\t\n\t<\/figcaption>\n<\/figure>\n\t\t\t\t\r\n\t\t\t\t\t\t\t\t\t<figure class=\"flex flex-col gap-y-3.25 items-center text-center\">\n\t\t\t\t\n\t\t<img decoding=\"async\" src=\"https:\/\/twistedtales.tv\/wp-content\/uploads\/2025\/07\/img-team-9.webp\" alt=\"Mladen Djuki\u0107\" loading=\"lazy\" class=\"lazyload aspect-square h-auto w-34.25 max-w-full rounded-full object-cover\">\n\t\t<figcaption>\n\t\t<strong class=\"block text-[0.7714285714em]\/tight\">Mladen <br>Djuki\u0107<\/strong>\n\t\t\t\t\t<em class=\"block italic text-[0.6428571429em]\/normal -mt-[0.1666666667em]\">Bosnie-Herz\u00e9govine<\/em>\n\t\t\t\t\n\t<\/figcaption>\n<\/figure>\n\t\t\t\t\r\n\t\t\t\t\t\t\t\t\t<figure class=\"flex flex-col gap-y-3.25 items-center text-center\">\n\t\t\t\t\n\t\t<img decoding=\"async\" src=\"https:\/\/twistedtales.tv\/wp-content\/uploads\/2025\/07\/img-team-10.webp\" alt=\"Marko Pejovi\u0107\" loading=\"lazy\" class=\"lazyload aspect-square h-auto w-34.25 max-w-full rounded-full object-cover\">\n\t\t<figcaption>\n\t\t<strong class=\"block text-[0.7714285714em]\/tight\">Marko <br>Pejovi\u0107<\/strong>\n\t\t\t\t\t<em class=\"block italic text-[0.6428571429em]\/normal -mt-[0.1666666667em]\">Serbie<\/em>\n\t\t\t\t\n\t<\/figcaption>\n<\/figure>\n\t\t\t\t\r\n\t\t\t\t\t\t\t\t\t<figure class=\"flex flex-col gap-y-3.25 items-center text-center\">\n\t\t\t\t\n\t\t<img decoding=\"async\" src=\"https:\/\/twistedtales.tv\/wp-content\/uploads\/2025\/07\/img-team-11.webp\" alt=\"Marie-France Blais\" loading=\"lazy\" class=\"lazyload aspect-square h-auto w-34.25 max-w-full rounded-full object-cover\">\n\t\t<figcaption>\n\t\t<strong class=\"block text-[0.7714285714em]\/tight\">Marie-France <br>Blais<\/strong>\n\t\t\t\t\t<em class=\"block italic text-[0.6428571429em]\/normal -mt-[0.1666666667em]\">Malezia<\/em>\n\t\t\t\t\n\t<\/figcaption>\n<\/figure>\n\t\t\t\t\r\n\t\t\t\t\t\t\t\t\t<figure class=\"flex flex-col gap-y-3.25 items-center text-center\">\n\t\t\t\t\n\t\t<img decoding=\"async\" src=\"https:\/\/twistedtales.tv\/wp-content\/uploads\/2025\/07\/img-team-12.webp\" alt=\"Ana Mati\u0107\" loading=\"lazy\" class=\"lazyload aspect-square h-auto w-34.25 max-w-full rounded-full object-cover\">\n\t\t<figcaption>\n\t\t<strong class=\"block text-[0.7714285714em]\/tight\">Ana <br>Mati\u0107<\/strong>\n\t\t\t\t\t<em class=\"block italic text-[0.6428571429em]\/normal -mt-[0.1666666667em]\">Mont\u00e9n\u00e9gro<\/em>\n\t\t\t\t\n\t<\/figcaption>\n<\/figure>\n\t\t\t\t\r\n\t\t\t\t\t\t\t\t\t<figure class=\"flex flex-col gap-y-3.25 items-center text-center\">\n\t\t\t\t\n\t\t<img decoding=\"async\" src=\"https:\/\/twistedtales.tv\/wp-content\/uploads\/2025\/07\/img-team-13.webp\" alt=\"Robert Aleksi\u0107\" loading=\"lazy\" class=\"lazyload aspect-square h-auto w-34.25 max-w-full rounded-full object-cover\">\n\t\t<figcaption>\n\t\t<strong class=\"block text-[0.7714285714em]\/tight\">Robert <br>Aleksi\u0107<\/strong>\n\t\t\t\t\t<em class=\"block italic text-[0.6428571429em]\/normal -mt-[0.1666666667em]\">Mont\u00e9n\u00e9gro<\/em>\n\t\t\t\t\n\t<\/figcaption>\n<\/figure>\n\t\t\t\t\r\n\t\t\t\t\t\t\t\t\t<figure class=\"flex flex-col gap-y-3.25 items-center text-center\">\n\t\t\t\t\n\t\t<img decoding=\"async\" src=\"https:\/\/twistedtales.tv\/wp-content\/uploads\/2025\/07\/img-team-7.webp\" alt=\"Kalina Maleska\" loading=\"lazy\" class=\"lazyload aspect-square h-auto w-34.25 max-w-full rounded-full object-cover\">\n\t\t<figcaption>\n\t\t<strong class=\"block text-[0.7714285714em]\/tight\">Kalina <br>Maleska<\/strong>\n\t\t\t\t\t<em class=\"block italic text-[0.6428571429em]\/normal -mt-[0.1666666667em]\">Mac\u00e9doine<\/em>\n\t\t\t\t\n\t<\/figcaption>\n<\/figure>\n\t\t\t\t\r\n\t\t\t\t\t\t\t\t\t<figure class=\"flex flex-col gap-y-3.25 items-center text-center\">\n\t\t\t\t\n\t\t<img decoding=\"async\" src=\"https:\/\/twistedtales.tv\/wp-content\/uploads\/2025\/07\/img-team-8-1.webp\" alt=\"Alessandra Schmidt\" loading=\"lazy\" class=\"lazyload aspect-square h-auto w-34.25 max-w-full rounded-full object-cover\">\n\t\t<figcaption>\n\t\t<strong class=\"block text-[0.7714285714em]\/tight\">Alessandra <br>Schmidt<\/strong>\n\t\t\t\t\t<em class=\"block italic text-[0.6428571429em]\/normal -mt-[0.1666666667em]\">Espagne<\/em>\n\t\t\t\t\n\t<\/figcaption>\n<\/figure>\n\t\t\t\t\r\n\t\t\t\t\t\t\t\t\t<figure class=\"flex flex-col gap-y-3.25 items-center text-center\">\n\t\t\t\t\n\t\t<img decoding=\"async\" src=\"https:\/\/twistedtales.tv\/wp-content\/uploads\/2025\/07\/img-team-6.webp\" alt=\"Guillem Camprodon\" loading=\"lazy\" class=\"lazyload aspect-square h-auto w-34.25 max-w-full rounded-full object-cover\">\n\t\t<figcaption>\n\t\t<strong class=\"block text-[0.7714285714em]\/tight\">Guillem <br>Camprodon<\/strong>\n\t\t\t\t\t<em class=\"block italic text-[0.6428571429em]\/normal -mt-[0.1666666667em]\">Espagne<\/em>\n\t\t\t\t\n\t<\/figcaption>\n<\/figure>\n\t\t\t\t\r\n\t\t\t\t\t\t\t\t\t<figure class=\"flex flex-col gap-y-3.25 items-center text-center\">\n\t\t\t\t\n\t\t<img decoding=\"async\" src=\"https:\/\/twistedtales.tv\/wp-content\/uploads\/2025\/07\/img-team-10.webp\" alt=\"Sally Bourdon\" loading=\"lazy\" class=\"lazyload aspect-square h-auto w-34.25 max-w-full rounded-full object-cover\">\n\t\t<figcaption>\n\t\t<strong class=\"block text-[0.7714285714em]\/tight\">Sally <br>Bourdon<\/strong>\n\t\t\t\t\t<em class=\"block italic text-[0.6428571429em]\/normal -mt-[0.1666666667em]\">Espagne<\/em>\n\t\t\t\t\n\t<\/figcaption>\n<\/figure>\n\t\t\t\t\r\n\t\t\t\t\t\t\t\t\t<figure class=\"flex flex-col gap-y-3.25 items-center text-center\">\n\t\t\t\t\n\t\t<img decoding=\"async\" src=\"https:\/\/twistedtales.tv\/wp-content\/uploads\/2025\/07\/img-team-5-1.webp\" alt=\"Andreja Lapuh\" loading=\"lazy\" class=\"lazyload aspect-square h-auto w-34.25 max-w-full rounded-full object-cover\">\n\t\t<figcaption>\n\t\t<strong class=\"block text-[0.7714285714em]\/tight\">Andreja <br>Lapuh<\/strong>\n\t\t\t\t\t<em class=\"block italic text-[0.6428571429em]\/normal -mt-[0.1666666667em]\">Slov\u00e9nie<\/em>\n\t\t\t\t\n\t<\/figcaption>\n<\/figure>\n\t\t\t\t\r\n\t\t\t\t\t\t\t\t\t<figure class=\"flex flex-col gap-y-3.25 items-center text-center\">\n\t\t\t\t\n\t\t<img decoding=\"async\" src=\"https:\/\/twistedtales.tv\/wp-content\/uploads\/2025\/07\/img-team-3.webp\" alt=\"Suzana Krsti\u0107\" loading=\"lazy\" class=\"lazyload aspect-square h-auto w-34.25 max-w-full rounded-full object-cover\">\n\t\t<figcaption>\n\t\t<strong class=\"block text-[0.7714285714em]\/tight\">Suzana <br>Krsti\u0107<\/strong>\n\t\t\t\t\t<em class=\"block italic text-[0.6428571429em]\/normal -mt-[0.1666666667em]\">Serbie<\/em>\n\t\t\t\t\n\t<\/figcaption>\n<\/figure>\n\t\t\t\t\r\n\t\t\t\t\t\t\t\t\t<figure class=\"flex flex-col gap-y-3.25 items-center text-center\">\n\t\t\t\t\n\t\t<img decoding=\"async\" src=\"https:\/\/twistedtales.tv\/wp-content\/uploads\/2025\/07\/img-team-1.webp\" alt=\"Milica Ponjavi\u0107\" loading=\"lazy\" class=\"lazyload aspect-square h-auto w-34.25 max-w-full rounded-full object-cover\">\n\t\t<figcaption>\n\t\t<strong class=\"block text-[0.7714285714em]\/tight\">Milica <br>Ponjavi\u0107<\/strong>\n\t\t\t\t\t<em class=\"block italic text-[0.6428571429em]\/normal -mt-[0.1666666667em]\">Serbie<\/em>\n\t\t\t\t\n\t<\/figcaption>\n<\/figure>\n\t\t\t\t\r\n\t\t\t\t\t\t\t\t\t\t\t<\/div>\r\n\t\t\t<\/div>\r\n<\/section>\r\n\n\n\t\t\t\t<article\n\t\t\tclass=\"container about-article mb-10.75\">\n\t\t\t\t\t\t<div class=\"lg:grid lg:grid-cols-6 lg:gap-6.25\">\n\t\t\t\t<div class=\"space-y-5 lg:space-y-6.25 lg:col-span-4 lg:col-start-2\">\n\t\t\t\t\t\t\t\t\t\t\t<h1>Rejoignez-nous dans cette aventure !<\/h1>\n\t\t\t\t\t\t\t\t\t\t\t\t\t\t\t\t\t\t\t\t\t\t\t\t\t\t\t\t\t\t\t\t\t\t\t\t\t<p><span style=\"font-weight: 400;\">Que vous soyez parent, enseignant ou simplement amateur d&rsquo;histoires, nous vous invitons \u00e0 d\u00e9couvrir Twisted Tales. \u00c9coutez une histoire avec vos enfants, assistez \u00e0 un spectacle, organisez un atelier dans notre communaut\u00e9 ou soutenez la cr\u00e9ation de notre prochain conte.<\/span><\/p>\n\t\t\t\t\t\t\t\t\t\t\t\t\t\t\t\t\t\t\t\t\t\t<\/div>\n\t\t\t<\/div>\n\t\t<\/article>\n\t","protected":false},"excerpt":{"rendered":"","protected":false},"author":2,"featured_media":0,"parent":0,"menu_order":0,"comment_status":"closed","ping_status":"closed","template":"","meta":{"_acf_changed":false,"footnotes":""},"class_list":["post-2548","page","type-page","status-publish","hentry"],"acf":[],"_links":{"self":[{"href":"https:\/\/twistedtales.tv\/fr\/wp-json\/wp\/v2\/pages\/2548","targetHints":{"allow":["GET"]}}],"collection":[{"href":"https:\/\/twistedtales.tv\/fr\/wp-json\/wp\/v2\/pages"}],"about":[{"href":"https:\/\/twistedtales.tv\/fr\/wp-json\/wp\/v2\/types\/page"}],"author":[{"embeddable":true,"href":"https:\/\/twistedtales.tv\/fr\/wp-json\/wp\/v2\/users\/2"}],"replies":[{"embeddable":true,"href":"https:\/\/twistedtales.tv\/fr\/wp-json\/wp\/v2\/comments?post=2548"}],"version-history":[{"count":3,"href":"https:\/\/twistedtales.tv\/fr\/wp-json\/wp\/v2\/pages\/2548\/revisions"}],"predecessor-version":[{"id":3123,"href":"https:\/\/twistedtales.tv\/fr\/wp-json\/wp\/v2\/pages\/2548\/revisions\/3123"}],"wp:attachment":[{"href":"https:\/\/twistedtales.tv\/fr\/wp-json\/wp\/v2\/media?parent=2548"}],"curies":[{"name":"wp","href":"https:\/\/api.w.org\/{rel}","templated":true}]}}