{"id":2189,"date":"2025-07-08T06:25:20","date_gmt":"2025-07-08T04:25:20","guid":{"rendered":"https:\/\/twistedtales.tv\/privacy-policy\/"},"modified":"2026-01-23T14:11:19","modified_gmt":"2026-01-23T13:11:19","slug":"politica-de-privacidad","status":"publish","type":"page","link":"https:\/\/twistedtales.tv\/es\/politica-de-privacidad\/","title":{"rendered":"Pol\u00edtica de privacidad"},"content":{"rendered":"\t\t\t\t<article\n\t\t\tclass=\"container about-article mb-10.75\">\n\t\t\t\t\t\t\t<header class=\"border-t-2 italic text-[40px] pt-1 mb-8 md:mb-12.5 md:border-t-[3px] md:text-[50px] lg:text-[40px]\">\n\t\t\t\t\t<strong class=\"font-semibold\">Twisted Tales<\/strong>\n\t\t\t\t<\/header>\n\t\t\t\t\t\t<div class=\"lg:grid lg:grid-cols-6 lg:gap-6.25\">\n\t\t\t\t<div class=\"space-y-5 lg:space-y-6.25 lg:col-span-4 lg:col-start-2\">\n\t\t\t\t\t\t\t\t\t\t\t<h1>Pol\u00edtica de privacidad<\/h1>\n\t\t\t\t\t\t\t\t\t\t\t\t\t\t\t\t\t\t\t\t\t\t\t\t\t\t\t\t\t\t\t\t\t\t\t\t\t<p>Privacy Policy<\/p>\n<p><strong>QUI\u00c9NES SOMOS<\/strong><\/p>\n<p><span style=\"font-weight: 400;\">Twisted Tales TV respeta tu privacidad y se compromete a proteger tu informaci\u00f3n personal. Esta pol\u00edtica expresa el modo en que recogemos, utilizamos y guardamos la informaci\u00f3n que nos proporcionas al visitar nuestro sitio web, al utilizar nuestra app m\u00f3vil o al interactuar con nuestros servicios.<\/span><\/p>\n<p><strong>QU\u00c9 INFORMACI\u00d3N RECOGEMOS<\/strong><\/p>\n<p><span style=\"font-weight: 400;\">Podemos recoger estos tipos de informaci\u00f3n:<\/span><\/p>\n<p><span style=\"font-weight: 400;\">\u2192 Informaci\u00f3n personal que nos proporcionas: nombre, direcci\u00f3n de correo electr\u00f3nico al darte de alta en nuestra newsletter, al contactar con nosotros o al registrarte en talleres o eventos.<br \/>\n<\/span><span style=\"font-weight: 400;\">\u2192 Uso de la informaci\u00f3n: datos no identificables sobre c\u00f3mo interact\u00faas con nuestro sitio web o app m\u00f3vil (p\u00e1ginas visitadas, caracter\u00edsticas empleadas, clics).<br \/>\n<\/span><span style=\"font-weight: 400;\">\u2192 Cookies y tecnolog\u00edas similares: con el objetivo de mejorar la experiencia, recordar preferencias y analizar el uso del sitio web (consulta nuestra pol\u00edtica de cookies).<\/span><\/p>\n<p><strong>C\u00d3MO EMPLEAMOS LA INFORMACI\u00d3N<\/strong><\/p>\n<p><span style=\"font-weight: 400;\">Tu informaci\u00f3n se usa para:<br \/>\n<\/span><span style=\"font-weight: 400;\">\u2192 Responder a consultas y ofrecer servicios requeridos<br \/>\n<\/span><span style=\"font-weight: 400;\">\u2192 Enviar newsletters o actualizaciones si as\u00ed lo has solicitado<br \/>\n<\/span><span style=\"font-weight: 400;\">\u2192 Mejorar nuestro sitio web, contenido y app m\u00f3vil<br \/>\n<\/span><span style=\"font-weight: 400;\">\u2192 Entender la participaci\u00f3n y el comportamiento de los usuarios<br \/>\n<\/span><span style=\"font-weight: 400;\">\u2192 Garantizar la seguridad y el cumplimiento con los requerimientos legales<\/span><\/p>\n<p><strong>COMPARTICI\u00d3N DE LA INFORMACI\u00d3N<\/strong><\/p>\n<p><span style=\"font-weight: 400;\">Nunca venderemos tu informaci\u00f3n personal. Podemos compartir informaci\u00f3n con proveedores de servicios de confianza que nos ayudan a operar el sitio web, app m\u00f3vil o los programas educativos, siempre bajo estrictos acuerdos de confidencialidad.<\/span><\/p>\n<p><strong>TUS DERECHOS<\/strong><\/p>\n<p><span style=\"font-weight: 400;\">Tienes derecho a:<br \/>\n<\/span><span style=\"font-weight: 400;\">\u2192 Acceder, corregir o eliminar tu informaci\u00f3n personal<br \/>\n<\/span><span style=\"font-weight: 400;\">\u2192 Darte de baja de newsletters o comunicaciones de marketing<br \/>\n<\/span><span style=\"font-weight: 400;\">\u2192 Pedir los detalles sobre c\u00f3mo usamos tu informaci\u00f3n personal<\/span><\/p>\n<p><strong>SEGURIDAD DE LOS DATOS<\/strong><\/p>\n<p><span style=\"font-weight: 400;\">Tomamos medidas para proteger tu informaci\u00f3n y evitar que se acceda a ella de forma no autorizada, se altere, se publique o se destruya.<\/span><\/p>\n<p><strong>CONTACTA CON NOSOTROS<br \/>\n<\/strong><span style=\"font-weight: 400;\">Si tienes alguna pregunta o alguna duda sobre esta pol\u00edtica de privacidad, puedes contactar con nosotros en:<\/span> <a href=\"mailto:twisted@transmedia-design.me\">twisted@transmedia-design.me <b>\u2192<\/b><\/a><\/p>\n\t\t\t\t\t\t\t\t\t\t\t\t\t\t\t\t\t\t\t\t\t\t<\/div>\n\t\t\t<\/div>\n\t\t<\/article>\n\t","protected":false},"excerpt":{"rendered":"","protected":false},"author":2,"featured_media":0,"parent":0,"menu_order":0,"comment_status":"closed","ping_status":"open","template":"","meta":{"_acf_changed":false,"footnotes":""},"class_list":["post-2189","page","type-page","status-publish","hentry"],"acf":[],"_links":{"self":[{"href":"https:\/\/twistedtales.tv\/es\/wp-json\/wp\/v2\/pages\/2189","targetHints":{"allow":["GET"]}}],"collection":[{"href":"https:\/\/twistedtales.tv\/es\/wp-json\/wp\/v2\/pages"}],"about":[{"href":"https:\/\/twistedtales.tv\/es\/wp-json\/wp\/v2\/types\/page"}],"author":[{"embeddable":true,"href":"https:\/\/twistedtales.tv\/es\/wp-json\/wp\/v2\/users\/2"}],"replies":[{"embeddable":true,"href":"https:\/\/twistedtales.tv\/es\/wp-json\/wp\/v2\/comments?post=2189"}],"version-history":[{"count":3,"href":"https:\/\/twistedtales.tv\/es\/wp-json\/wp\/v2\/pages\/2189\/revisions"}],"predecessor-version":[{"id":3131,"href":"https:\/\/twistedtales.tv\/es\/wp-json\/wp\/v2\/pages\/2189\/revisions\/3131"}],"wp:attachment":[{"href":"https:\/\/twistedtales.tv\/es\/wp-json\/wp\/v2\/media?parent=2189"}],"curies":[{"name":"wp","href":"https:\/\/api.w.org\/{rel}","templated":true}]}}