{"id":2180,"date":"2025-07-08T08:16:09","date_gmt":"2025-07-08T06:16:09","guid":{"rendered":"https:\/\/twistedtales.tv\/home\/"},"modified":"2026-03-12T17:07:05","modified_gmt":"2026-03-12T16:07:05","slug":"home","status":"publish","type":"page","link":"https:\/\/twistedtales.tv\/es\/","title":{"rendered":"Home"},"content":{"rendered":"\t\t\t<figure class=\"container mb-10 lg:mb-16 lg:-mt-3.5\">\n\t\t\t<video loop muted playsinline autoplay class=\"block w-full h-auto md:rounded-lg lg:aspect-[1230\/837] lg:object-cover 2xl:aspect-auto\">\n\t\t\t\t<source src=\"https:\/\/twistedtales.tv\/wp-content\/uploads\/2026\/03\/Edu-SPANISH.mp4\" type=\"video\/mp4\">\n\t\t\t<\/video>\n\t\t<\/figure>\n\t\n\n\t<div class=\"container\">\r\n\t\t<div class=\"posts-grid\">\r\n\t\t\t<div class=\"grid-sizer\"><\/div>\r\n\t\t\t\t\t\t\t\t\n\t\n<div class=\"post-item post-item-el  post-item-long theme-teal block border-t-2 border-b-2 border-current py-1 md:py-1.5 md:border-t-[3px] md:border-b-[3px] lg:py-3.5\">\n\t<a href=\"https:\/\/twistedtales.tv\/es\/cuentos-recontados-distorsionados-deformados-para-bien\/\" class=\"block\">\n\t\t\t\t\t\t\t<strong class=\"italic text-[40px] leading-none md:text-[50px] block mb-3.5 md:mb-0.75 lg:text-[40px]\">Educaci\u00f3n<\/strong>\n\t\t\t\t\n\t\t<figure class=\"h-30 relative mb-1.25 md:h-45.5 md:mb-3 rounded-xl overflow-hidden\">\n\t\t\t\t\t\t\t<div class=\"grid h-full grid-cols-2 gap-x-5\">\n\t\t\t\t\t\t\t\t\t\t\t\t\t\t\t\t\t\t\t\t\t\n\t\t\t\t\t\t<div class=\"relative\">\n\t\t\t\t\t\t\t<img decoding=\"async\" src=\"https:\/\/twistedtales.tv\/wp-content\/themes\/twistedtales\/images\/img-home-post-2.svg\" alt=\"grid image 2\" loading=\"lazy\" class=\"lazyload absolute inset-0 w-full h-full mx-auto object-contain\">\n\t\t\t\t\t\t<\/div>\n\t\t\t\t\t\t\t\t\t\t\t\t\t\t\t\t<div class=\"relative\">\n\t\t\t\t\t\t\t<img decoding=\"async\" src=\"https:\/\/twistedtales.tv\/wp-content\/themes\/twistedtales\/images\/img-home-post-8.svg\" alt=\"grid image 8\" loading=\"lazy\" class=\"lazyload absolute inset-0 w-full h-full mx-auto object-contain\">\n\t\t\t\t\t\t<\/div>\n\t\t\t\t\t\t\t\t\t<\/div>\n\t\t\t\t\t\t\t\t\t\t\n\t\t<\/figure>\n\t\t<h2 class=\"text-[42.66px] leading-[1.1851851852] mb-4 md:text-[54px] md:mb-6\">Cuentos recontados, distorsionados, deformados\u2026 para bien.<\/h2>\n\t\t<div class=\"relative mb-14 md:mb-9.75 lg:mb-7.75\">\n\t\t\t<div class=\"text-section\">\n\t\t\t\t<p>Escrito por Kristina Te\u0161ija<\/p>\n\t\t\t<\/div>\n\t\t<\/div>\n\t<\/a>\n<\/div>\t\t\t\t\r\n\t\t\t\t\t\t\t\t\n\t\n<div class=\"post-item post-item-el  theme-red block border-t-2 border-b-2 border-current py-1 md:py-1.5 md:border-t-[3px] md:border-b-[3px] lg:py-3.5\">\n\t<a href=\"https:\/\/twistedtales.tv\/es\/desiree-y-la-reina-de-las-nieves-obra-teatral\/\" class=\"block\">\n\t\t\t\t\t\t\t<strong class=\"italic text-[40px] leading-none md:text-[50px] block mb-3.5 md:mb-0.75 lg:text-[40px]\">Teatro<\/strong>\n\t\t\t\t\n\t\t<figure class=\"h-30 relative mb-1.25 md:h-45.5 md:mb-3 rounded-xl overflow-hidden\">\n\t\t\t\t\t\t\t\n\t\t\t\t\t\t\n\t\t\t\t\t\t\t\t\t\t\t\t\t\t\n\t\t\t\t\t<img decoding=\"async\" src=\"https:\/\/twistedtales.tv\/wp-content\/themes\/twistedtales\/images\/img-home-post-1.svg\" alt=\"grid image 1\" loading=\"lazy\" class=\"lazyload absolute inset-0 w-full h-full object-contain\">\n\t\t\t\t\t\t\t\t\t\t\t\t\t\t\t\t\t\t\n\t\t\t\t<img decoding=\"async\" src=\"https:\/\/twistedtales.tv\/wp-content\/uploads\/2025\/09\/jovana-semiz-16-of-30-1024x683.jpg\" alt=\"Desir\u00e9e y la Reina de las Nieves \u2013 obra teatral\" loading=\"lazy\" class=\"lazyload absolute inset-0 w-full h-full object-cover\">\n\t\t\t\t\t\t\t\n\t\t<\/figure>\n\t\t<h2 class=\"text-[42.66px] leading-[1.1851851852] mb-4 md:text-[54px] md:mb-6\">Desir\u00e9e y la Reina de las Nieves \u2013 obra teatral<\/h2>\n\t\t<div class=\"relative mb-14 md:mb-9.75 lg:mb-7.75\">\n\t\t\t<div class=\"text-section\">\n\t\t\t\t<p>Basada en el cuento reimaginado de la Reina de las Nieves, esta obra de teatro celebra la calidez de la amistad, la inclusi\u00f3n y la valent\u00eda emocional.<\/p>\n\t\t\t<\/div>\n\t\t<\/div>\n\t<\/a>\n<\/div>\t\t\t\t\r\n\t\t\t\t\t\t\t\t\n\t\n<div class=\"post-item post-item-el  theme-orange block border-t-2 border-b-2 border-current py-1 md:py-1.5 md:border-t-[3px] md:border-b-[3px] lg:py-3.5\">\n\t<a href=\"https:\/\/twistedtales.tv\/es\/cinda-real-obra-teatral\/\" class=\"block\">\n\t\t\t\t\t\t\t<strong class=\"italic text-[40px] leading-none md:text-[50px] block mb-3.5 md:mb-0.75 lg:text-[40px]\">Teatro<\/strong>\n\t\t\t\t\n\t\t<figure class=\"h-30 relative mb-1.25 md:h-45.5 md:mb-3 rounded-xl overflow-hidden\">\n\t\t\t\t\t\t\t\n\t\t\t\t\t\t\n\t\t\t\t\t\t\t\t\t\t\t\t\t\t\n\t\t\t\t\t<img decoding=\"async\" src=\"https:\/\/twistedtales.tv\/wp-content\/themes\/twistedtales\/images\/img-home-post-9.svg\" alt=\"grid image 9\" loading=\"lazy\" class=\"lazyload absolute inset-0 w-full h-full object-contain\">\n\t\t\t\t\t\t\t\t\t\t\t\t\t\t\t\t\t\t\n\t\t\t\t<img decoding=\"async\" src=\"https:\/\/twistedtales.tv\/wp-content\/uploads\/2025\/07\/Foto-Sara-Kecman-1-1024x683.jpg\" alt=\"Cinda Real \u2013 obra teatral\" loading=\"lazy\" class=\"lazyload absolute inset-0 w-full h-full object-cover\">\n\t\t\t\t\t\t\t\n\t\t<\/figure>\n\t\t<h2 class=\"text-[42.66px] leading-[1.1851851852] mb-4 md:text-[54px] md:mb-6\">Cinda Real \u2013 obra teatral<\/h2>\n\t\t<div class=\"relative mb-14 md:mb-9.75 lg:mb-7.75\">\n\t\t\t<div class=\"text-section\">\n\t\t\t\t<p>La adaptaci\u00f3n teatral de Cinda Real es una experiencia divertida y participativa.<\/p>\n\t\t\t<\/div>\n\t\t<\/div>\n\t<\/a>\n<\/div>\t\t\t\t\r\n\t\t\t\t\t\t\t\t\n\t\n<div class=\"post-item post-item-el  theme-red block border-t-2 border-b-2 border-current py-1 md:py-1.5 md:border-t-[3px] md:border-b-[3px] lg:py-3.5\">\n\t<a href=\"https:\/\/twistedtales.tv\/es\/caperucita-obra-teatral\/\" class=\"block\">\n\t\t\t\t\t\t\t<strong class=\"italic text-[40px] leading-none md:text-[50px] block mb-3.5 md:mb-0.75 lg:text-[40px]\">Teatro<\/strong>\n\t\t\t\t\n\t\t<figure class=\"h-30 relative mb-1.25 md:h-45.5 md:mb-3 rounded-xl overflow-hidden\">\n\t\t\t\t\t\t\t\n\t\t\t\t\t\t\n\t\t\t\t\t\t\t\t\t\t\t\t\t\t\n\t\t\t\t\t<img decoding=\"async\" src=\"https:\/\/twistedtales.tv\/wp-content\/themes\/twistedtales\/images\/img-home-post-1.svg\" alt=\"grid image 1\" loading=\"lazy\" class=\"lazyload absolute inset-0 w-full h-full object-contain\">\n\t\t\t\t\t\t\t\t\t\t\t\t\t\t\t\t\t\t\n\t\t\t\t<img decoding=\"async\" src=\"https:\/\/twistedtales.tv\/wp-content\/uploads\/2025\/09\/jovana_semiz-8-1024x683.jpg\" alt=\"Caperucita \u2013 obra teatral\" loading=\"lazy\" class=\"lazyload absolute inset-0 w-full h-full object-cover\">\n\t\t\t\t\t\t\t\n\t\t<\/figure>\n\t\t<h2 class=\"text-[42.66px] leading-[1.1851851852] mb-4 md:text-[54px] md:mb-6\">Caperucita \u2013 obra teatral<\/h2>\n\t\t<div class=\"relative mb-14 md:mb-9.75 lg:mb-7.75\">\n\t\t\t<div class=\"text-section\">\n\t\t\t\t<p>En esta versi\u00f3n transformada de Caperucita Roja, Bianca, la protagonista, se arma de valor para enfrentarse al lobo y a sus propios miedos.<\/p>\n\t\t\t<\/div>\n\t\t<\/div>\n\t<\/a>\n<\/div>\t\t\t\t\r\n\t\t\t\t\t\t\t\t\n\t\n<div class=\"post-item post-item-el  theme-red block border-t-2 border-b-2 border-current py-1 md:py-1.5 md:border-t-[3px] md:border-b-[3px] lg:py-3.5\">\n\t<a href=\"https:\/\/twistedtales.tv\/es\/alen-y-la-lampara-magica-obra-teatral\/\" class=\"block\">\n\t\t\t\t\t\t\t<strong class=\"italic text-[40px] leading-none md:text-[50px] block mb-3.5 md:mb-0.75 lg:text-[40px]\">Teatro<\/strong>\n\t\t\t\t\n\t\t<figure class=\"h-30 relative mb-1.25 md:h-45.5 md:mb-3 rounded-xl overflow-hidden\">\n\t\t\t\t\t\t\t\n\t\t\t\t\t\t\n\t\t\t\t\t\t\t\t\t\t\t\t\t\t\n\t\t\t\t\t<img decoding=\"async\" src=\"https:\/\/twistedtales.tv\/wp-content\/themes\/twistedtales\/images\/img-home-post-1.svg\" alt=\"grid image 1\" loading=\"lazy\" class=\"lazyload absolute inset-0 w-full h-full object-contain\">\n\t\t\t\t\t\t\t\t\t\t\t\t\t\t\t\t\t\t\n\t\t\t\t<img decoding=\"async\" src=\"https:\/\/twistedtales.tv\/wp-content\/uploads\/2025\/09\/jovana-semiz-3-of-30-1024x683.jpg\" alt=\"Alen y la l\u00e1mpara m\u00e1gica \u2013 obra teatral\" loading=\"lazy\" class=\"lazyload absolute inset-0 w-full h-full object-cover\">\n\t\t\t\t\t\t\t\n\t\t<\/figure>\n\t\t<h2 class=\"text-[42.66px] leading-[1.1851851852] mb-4 md:text-[54px] md:mb-6\">Alen y la l\u00e1mpara m\u00e1gica \u2013 obra teatral<\/h2>\n\t\t<div class=\"relative mb-14 md:mb-9.75 lg:mb-7.75\">\n\t\t\t<div class=\"text-section\">\n\t\t\t\t<p>Alen y la l\u00e1mpara m\u00e1gica invita al p\u00fablico a entrar en un mundo de imaginaci\u00f3n, de creatividad y de sue\u00f1os. Los ni\u00f1os ayudan a Alen a comprender que el verdadero valor no consiste en correr muy r\u00e1pido ni ganar muchos partidos, sino en atreverse a perseguir los sue\u00f1os que vienen del coraz\u00f3n. La actuaci\u00f3n est\u00e1 llena de sorpresas, humor y momentos de autodescubrimiento, y hace que la magia del cuento suba al escenario.<\/p>\n\t\t\t<\/div>\n\t\t<\/div>\n\t<\/a>\n<\/div>\t\t\t\t\r\n\t\t\t\t\t\t\t\t\n\t\n<div class=\"post-item post-item-el  theme-green block border-t-2 border-b-2 border-current py-1 md:py-1.5 md:border-t-[3px] md:border-b-[3px] lg:py-3.5\">\n\t<a href=\"https:\/\/twistedtales.tv\/es\/cinda-real\/\" class=\"block\">\n\t\t\t\t\t\t\t<strong class=\"italic text-[40px] leading-none md:text-[50px] block mb-3.5 md:mb-0.75 lg:text-[40px]\">Libros<\/strong>\n\t\t\t\t\n\t\t<figure class=\"h-30 relative mb-1.25 md:h-45.5 md:mb-3 rounded-xl overflow-hidden\">\n\t\t\t\t\t\t\t\n\t\t\t\t\t\t\n\t\t\t\t\t\t\t\t\t\t\t\t\t\t\n\t\t\t\t\t<img decoding=\"async\" src=\"https:\/\/twistedtales.tv\/wp-content\/themes\/twistedtales\/images\/img-home-post-9.svg\" alt=\"grid image 9\" loading=\"lazy\" class=\"lazyload absolute inset-0 w-full h-full object-contain\">\n\t\t\t\t\t\t\t\t\t\t\t\t\t\t\t\t\t\t\n\t\t\t\t<img decoding=\"async\" src=\"https:\/\/twistedtales.tv\/wp-content\/uploads\/2025\/07\/IMG_5992-1024x683.jpg\" alt=\"Cinda Real\" loading=\"lazy\" class=\"lazyload absolute inset-0 w-full h-full object-cover\">\n\t\t\t\t\t\t\t\n\t\t<\/figure>\n\t\t<h2 class=\"text-[42.66px] leading-[1.1851851852] mb-4 md:text-[54px] md:mb-6\">Cinda Real<\/h2>\n\t\t<div class=\"relative mb-14 md:mb-9.75 lg:mb-7.75\">\n\t\t\t<div class=\"text-section\">\n\t\t\t\t<p>Cinda Real es un cuento reimaginado sobre valent\u00eda, imaginaci\u00f3n y libertad. Cinda se enfrenta a las dificultades bailando y descubre su propia fuerza, mostrando a los peque\u00f1os lectores que la autoconfianza y la resiliencia son m\u00e1s poderosas que la magia.<\/p>\n\t\t\t<\/div>\n\t\t<\/div>\n\t<\/a>\n<\/div>\t\t\t\t\r\n\t\t\t\t\t\t\t\t\n\t\n<div class=\"post-item post-item-el  theme-red block border-t-2 border-b-2 border-current py-1 md:py-1.5 md:border-t-[3px] md:border-b-[3px] lg:py-3.5\">\n\t<a href=\"https:\/\/twistedtales.tv\/es\/la-princesa-y-su-amigo-el-sapo\/\" class=\"block\">\n\t\t\t\t\t\t\t<strong class=\"italic text-[40px] leading-none md:text-[50px] block mb-3.5 md:mb-0.75 lg:text-[40px]\">Libros<\/strong>\n\t\t\t\t\n\t\t<figure class=\"h-30 relative mb-1.25 md:h-45.5 md:mb-3 rounded-xl overflow-hidden\">\n\t\t\t\t\t\t\t\n\t\t\t\t\t\t\n\t\t\t\t\t\t\t\t\t\t\t\t\t\t\n\t\t\t\t\t<img decoding=\"async\" src=\"https:\/\/twistedtales.tv\/wp-content\/themes\/twistedtales\/images\/img-home-post-1.svg\" alt=\"grid image 1\" loading=\"lazy\" class=\"lazyload absolute inset-0 w-full h-full object-contain\">\n\t\t\t\t\t\t\t\t\t\t\t\t\t\t\n\t\t<\/figure>\n\t\t<h2 class=\"text-[42.66px] leading-[1.1851851852] mb-4 md:text-[54px] md:mb-6\">La princesa y su amigo el sapo<\/h2>\n\t\t<div class=\"relative mb-14 md:mb-9.75 lg:mb-7.75\">\n\t\t\t<div class=\"text-section\">\n\t\t\t\t<p>\u2192 \u00a1Pr\u00f3ximamente!<\/p>\n\t\t\t<\/div>\n\t\t<\/div>\n\t<\/a>\n<\/div>\t\t\t\t\r\n\t\t\t\t\t\t\t\t\n\t\n<div class=\"post-item post-item-el  theme-red block border-t-2 border-b-2 border-current py-1 md:py-1.5 md:border-t-[3px] md:border-b-[3px] lg:py-3.5\">\n\t<a href=\"https:\/\/twistedtales.tv\/es\/alen-y-la-lampara-magica\/\" class=\"block\">\n\t\t\t\t\t\t\t<strong class=\"italic text-[40px] leading-none md:text-[50px] block mb-3.5 md:mb-0.75 lg:text-[40px]\">Libros<\/strong>\n\t\t\t\t\n\t\t<figure class=\"h-30 relative mb-1.25 md:h-45.5 md:mb-3 rounded-xl overflow-hidden\">\n\t\t\t\t\t\t\t\n\t\t\t\t\t\t\n\t\t\t\t\t\t\t\t\t\t\t\t\t\t\n\t\t\t\t\t<img decoding=\"async\" src=\"https:\/\/twistedtales.tv\/wp-content\/themes\/twistedtales\/images\/img-home-post-1.svg\" alt=\"grid image 1\" loading=\"lazy\" class=\"lazyload absolute inset-0 w-full h-full object-contain\">\n\t\t\t\t\t\t\t\t\t\t\t\t\t\t\n\t\t<\/figure>\n\t\t<h2 class=\"text-[42.66px] leading-[1.1851851852] mb-4 md:text-[54px] md:mb-6\">Alen y la l\u00e1mpara m\u00e1gica<\/h2>\n\t\t<div class=\"relative mb-14 md:mb-9.75 lg:mb-7.75\">\n\t\t\t<div class=\"text-section\">\n\t\t\t\t<p>\u2192 \u00a1Pr\u00f3ximamente!<\/p>\n\t\t\t<\/div>\n\t\t<\/div>\n\t<\/a>\n<\/div>\t\t\t\t\r\n\t\t\t\t\t\t\t\t\n\t\n<div class=\"post-item post-item-el  theme-red block border-t-2 border-b-2 border-current py-1 md:py-1.5 md:border-t-[3px] md:border-b-[3px] lg:py-3.5\">\n\t<a href=\"https:\/\/twistedtales.tv\/es\/desiree-y-la-reina-de-las-nieves\/\" class=\"block\">\n\t\t\t\t\t\t\t<strong class=\"italic text-[40px] leading-none md:text-[50px] block mb-3.5 md:mb-0.75 lg:text-[40px]\">Libros<\/strong>\n\t\t\t\t\n\t\t<figure class=\"h-30 relative mb-1.25 md:h-45.5 md:mb-3 rounded-xl overflow-hidden\">\n\t\t\t\t\t\t\t\n\t\t\t\t\t\t\n\t\t\t\t\t\t\t\t\t\t\t\t\t\t\n\t\t\t\t\t<img decoding=\"async\" src=\"https:\/\/twistedtales.tv\/wp-content\/themes\/twistedtales\/images\/img-home-post-1.svg\" alt=\"grid image 1\" loading=\"lazy\" class=\"lazyload absolute inset-0 w-full h-full object-contain\">\n\t\t\t\t\t\t\t\t\t\t\t\t\t\t\n\t\t<\/figure>\n\t\t<h2 class=\"text-[42.66px] leading-[1.1851851852] mb-4 md:text-[54px] md:mb-6\">Desir\u00e9e y la Reina de las Nieves<\/h2>\n\t\t<div class=\"relative mb-14 md:mb-9.75 lg:mb-7.75\">\n\t\t\t<div class=\"text-section\">\n\t\t\t\t<p>\u2192 \u00a1Pr\u00f3ximamente!<\/p>\n\t\t\t<\/div>\n\t\t<\/div>\n\t<\/a>\n<\/div>\t\t\t\t\r\n\t\t\t\t\t\t\t\t\n\t\n<div class=\"post-item post-item-el  theme-green block border-t-2 border-b-2 border-current py-1 md:py-1.5 md:border-t-[3px] md:border-b-[3px] lg:py-3.5\">\n\t<a href=\"https:\/\/twistedtales.tv\/es\/cinda-real-2\/\" class=\"block\">\n\t\t\t\t\t\t\t<strong class=\"italic text-[40px] leading-none md:text-[50px] block mb-3.5 md:mb-0.75 lg:text-[40px]\">Pel\u00edcula de animaci\u00f3n<\/strong>\n\t\t\t\t\n\t\t<figure class=\"h-30 relative mb-1.25 md:h-45.5 md:mb-3 rounded-xl overflow-hidden\">\n\t\t\t\t\t\t\t\n\t\t\t\t\t\t\n\t\t\t\t\t\t\t\t\t\t\t\t\t\t\n\t\t\t\t\t<img decoding=\"async\" src=\"https:\/\/twistedtales.tv\/wp-content\/themes\/twistedtales\/images\/img-home-post-10.svg\" alt=\"grid image 10\" loading=\"lazy\" class=\"lazyload absolute inset-0 w-full h-full object-contain\">\n\t\t\t\t\t\t\t\t\t\t\t\t\t\t\t\t\t\t\n\t\t\t\t<img decoding=\"async\" src=\"https:\/\/twistedtales.tv\/wp-content\/uploads\/2025\/07\/img-tales-1-1024x467.webp\" alt=\"Cinda Real\" loading=\"lazy\" class=\"lazyload absolute inset-0 w-full h-full object-cover\">\n\t\t\t\t\t\t\t\n\t\t<\/figure>\n\t\t<h2 class=\"text-[42.66px] leading-[1.1851851852] mb-4 md:text-[54px] md:mb-6\">Cinda Real<\/h2>\n\t\t<div class=\"relative mb-14 md:mb-9.75 lg:mb-7.75\">\n\t\t\t<div class=\"text-section\">\n\t\t\t\t<p>Cinda Real cuenta la historia de una ni\u00f1a muy valiente que se abre paso por la vida a ritmo de baile, con valent\u00eda, alegr\u00eda e imaginaci\u00f3n. Al enfrentarse a grandes desaf\u00edos, descubre que la fuerza aut\u00e9ntica no es cosa de magia o de pr\u00edncipes, sino que surge al tener el valor de sentirse orgullosa y atreverse a perseguir sus sue\u00f1os.<\/p>\n\t\t\t<\/div>\n\t\t<\/div>\n\t<\/a>\n<\/div>\t\t\t\t\r\n\t\t\t\t\t\t\t\t\n\t\n<div class=\"post-item post-item-el  post-item-long theme-teal block border-t-2 border-b-2 border-current py-1 md:py-1.5 md:border-t-[3px] md:border-b-[3px] lg:py-3.5\">\n\t<a href=\"https:\/\/twistedtales.tv\/es\/palabra-de-psicologa-o-tejerse-a-si-mismo-a-traves-de-los-cuentos-de-hadas\/\" class=\"block\">\n\t\t\t\t\t\t\n\t\t<figure class=\"h-30 relative mb-1.25 md:h-45.5 md:mb-3 rounded-xl overflow-hidden\">\n\t\t\t\t\t\t\t<div class=\"grid h-full grid-cols-2 gap-x-5\">\n\t\t\t\t\t\t\t\t\t\t\t\t\t\t\t\t\t\t\t\t\t\n\t\t\t\t\t\t<div class=\"relative\">\n\t\t\t\t\t\t\t<img decoding=\"async\" src=\"https:\/\/twistedtales.tv\/wp-content\/themes\/twistedtales\/images\/img-home-post-2.svg\" alt=\"grid image 2\" loading=\"lazy\" class=\"lazyload absolute inset-0 w-full h-full mx-auto object-contain\">\n\t\t\t\t\t\t<\/div>\n\t\t\t\t\t\t\t\t\t\t\t\t\t\t\t\t<div class=\"relative\">\n\t\t\t\t\t\t\t<img decoding=\"async\" src=\"https:\/\/twistedtales.tv\/wp-content\/themes\/twistedtales\/images\/img-home-post-8.svg\" alt=\"grid image 8\" loading=\"lazy\" class=\"lazyload absolute inset-0 w-full h-full mx-auto object-contain\">\n\t\t\t\t\t\t<\/div>\n\t\t\t\t\t\t\t\t\t<\/div>\n\t\t\t\t\t\t\t\t\t\t\n\t\t<\/figure>\n\t\t<h2 class=\"text-[42.66px] leading-[1.1851851852] mb-4 md:text-[54px] md:mb-6\">Palabra de psic\u00f3loga o Tejerse a s\u00ed mismo a trav\u00e9s de los cuentos de hadas<\/h2>\n\t\t<div class=\"relative mb-14 md:mb-9.75 lg:mb-7.75\">\n\t\t\t<div class=\"text-section\">\n\t\t\t\t<p>Escrito por Suzana Krsti\u0107, psic\u00f3loga, terapeuta Gestalt y formadora independiente.<\/p>\n\t\t\t<\/div>\n\t\t<\/div>\n\t<\/a>\n<\/div>\t\t\t\t\r\n\t\t\t\t\t\t\t\t<\/div>\r\n\t<\/div>\r\n\n\n<section>\r\n\t<div class=\"container\">\r\n\t\t<hr class=\"border-t-3\">\r\n\t\t\t\t\t\r\n\t\t\t<header class=\"mb-5.25 md:-mb-2.75 xl:-mb-1 pt-2.75 xl:pt-3.5\">\r\n\t\t\t\t<h2 class=\"font-semibold italic text-[40px]\/none md:text-[50px]\/none xl:text-[40px]\/none\">Heroes<\/h2>\r\n\t\t\t<\/header>\r\n\t\t\t\t\t\t\t\r\n\t\t\t<div class=\"heroes-gallery relative mb-6.25 md:mb-5.5 px-16.25\">\r\n\t\t\t\t<div class=\"swiper max-w-83.5 md:max-w-159 xl:max-w-276 2xl:max-w-277.5 mx-auto\">\r\n\t\t\t\t\t<div class=\"swiper-wrapper\">\r\n\t\t\t\t\t\t\t\r\n\t\t\t\t\t\t\t<div class=\"swiper-slide\">\r\n\t\t\t\t\t\t\t\t<figure>\r\n\t\t\t\t\t\t\t\t\t\t\t\t\t\t\t\t\t\t\t<a href=\"https:\/\/twistedtales.tv\/tales\/bianca\/\" target=\"_self\">\r\n\t\t\t\t\t\t\t\t\t\t\t\t\t\t\t\t\t\t\r\n\t\t\t\t\t\t\t\t\t\t\t\t\t\t\t\t\t\t\t\t\t<img decoding=\"async\" src=\"https:\/\/twistedtales.tv\/wp-content\/uploads\/2025\/07\/img-heroes-gallery-003.webp\" alt=\"\" class=\"lazyload max-w-35.75 md:max-w-none mx-auto\" loading=\"lazy\">\r\n\t\t\t\t\t\t\t\t\t\t\t\t\t\t\t\t\t\t\t\t\t\t\t\t\t\t\t\t\t<\/a>\r\n\t\t\t\t\t\t\t\t\t\t\t\t\t\t\t\t\t\t\r\n\t\t\t\t\t\t\t\t<\/figure>\r\n\t\t\t\t\t\t\t<\/div>\r\n\t\t\t\t\t\t\t\r\n\t\t\t\t\t\t\t<div class=\"swiper-slide\">\r\n\t\t\t\t\t\t\t\t<figure>\r\n\t\t\t\t\t\t\t\t\t\t\t\t\t\t\t\t\t\t\t<a href=\"https:\/\/twistedtales.tv\/tales\/desiree\/\" target=\"_self\">\r\n\t\t\t\t\t\t\t\t\t\t\t\t\t\t\t\t\t\t\r\n\t\t\t\t\t\t\t\t\t\t\t\t\t\t\t\t\t\t\t\t\t<img decoding=\"async\" src=\"https:\/\/twistedtales.tv\/wp-content\/uploads\/2025\/09\/img-heroes-gallery-005.png\" alt=\"\" class=\"lazyload max-w-35.75 md:max-w-none mx-auto\" loading=\"lazy\">\r\n\t\t\t\t\t\t\t\t\t\t\t\t\t\t\t\t\t\t\t\t\t\t\t\t\t\t\t\t\t<\/a>\r\n\t\t\t\t\t\t\t\t\t\t\t\t\t\t\t\t\t\t\r\n\t\t\t\t\t\t\t\t<\/figure>\r\n\t\t\t\t\t\t\t<\/div>\r\n\t\t\t\t\t\t\t\r\n\t\t\t\t\t\t\t<div class=\"swiper-slide\">\r\n\t\t\t\t\t\t\t\t<figure>\r\n\t\t\t\t\t\t\t\t\t\t\t\t\t\t\t\t\t\t\t<a href=\"https:\/\/twistedtales.tv\/tales\/hansel-and-gretel\/\" target=\"_self\">\r\n\t\t\t\t\t\t\t\t\t\t\t\t\t\t\t\t\t\t\r\n\t\t\t\t\t\t\t\t\t\t\t\t\t\t\t\t\t\t\t\t\t<img decoding=\"async\" src=\"https:\/\/twistedtales.tv\/wp-content\/uploads\/2025\/07\/img-heroes-gallery-004.webp\" alt=\"\" class=\"lazyload max-w-35.75 md:max-w-none mx-auto\" loading=\"lazy\">\r\n\t\t\t\t\t\t\t\t\t\t\t\t\t\t\t\t\t\t\t\t\t\t\t\t\t\t\t\t\t<\/a>\r\n\t\t\t\t\t\t\t\t\t\t\t\t\t\t\t\t\t\t\r\n\t\t\t\t\t\t\t\t<\/figure>\r\n\t\t\t\t\t\t\t<\/div>\r\n\t\t\t\t\t\t\t\r\n\t\t\t\t\t\t\t<div class=\"swiper-slide\">\r\n\t\t\t\t\t\t\t\t<figure>\r\n\t\t\t\t\t\t\t\t\t\t\t\t\t\t\t\t\t\t\t<a href=\"https:\/\/twistedtales.tv\/tales\/cinda\/\" target=\"_self\">\r\n\t\t\t\t\t\t\t\t\t\t\t\t\t\t\t\t\t\t\r\n\t\t\t\t\t\t\t\t\t\t\t\t\t\t\t\t\t\t\t\t\t<img decoding=\"async\" src=\"https:\/\/twistedtales.tv\/wp-content\/uploads\/2025\/07\/img-heroes-gallery-001.webp\" alt=\"\" class=\"lazyload max-w-35.75 md:max-w-none mx-auto\" loading=\"lazy\">\r\n\t\t\t\t\t\t\t\t\t\t\t\t\t\t\t\t\t\t\t\t\t\t\t\t\t\t\t\t\t<\/a>\r\n\t\t\t\t\t\t\t\t\t\t\t\t\t\t\t\t\t\t\r\n\t\t\t\t\t\t\t\t<\/figure>\r\n\t\t\t\t\t\t\t<\/div>\r\n\t\t\t\t\t\t\t\r\n\t\t\t\t\t\t\t<div class=\"swiper-slide\">\r\n\t\t\t\t\t\t\t\t<figure>\r\n\t\t\t\t\t\t\t\t\t\t\t\t\t\t\t\t\t\t\t<a href=\"https:\/\/twistedtales.tv\/tales\/allen\/\" target=\"_self\">\r\n\t\t\t\t\t\t\t\t\t\t\t\t\t\t\t\t\t\t\r\n\t\t\t\t\t\t\t\t\t\t\t\t\t\t\t\t\t\t\t\t\t<img decoding=\"async\" src=\"https:\/\/twistedtales.tv\/wp-content\/uploads\/2025\/09\/img-heroes-gallery-004.png\" alt=\"\" class=\"lazyload max-w-35.75 md:max-w-none mx-auto\" loading=\"lazy\">\r\n\t\t\t\t\t\t\t\t\t\t\t\t\t\t\t\t\t\t\t\t\t\t\t\t\t\t\t\t\t<\/a>\r\n\t\t\t\t\t\t\t\t\t\t\t\t\t\t\t\t\t\t\r\n\t\t\t\t\t\t\t\t<\/figure>\r\n\t\t\t\t\t\t\t<\/div>\r\n\t\t\t\t\t\t\t\t\t\t\t<\/div>\r\n\t\t\t\t<\/div>\r\n\t\t\t\t<div class=\"swiper-button-prev\"><\/div>\r\n\t\t\t\t<div class=\"swiper-button-next\"><\/div>\r\n\t\t\t<\/div><!-- \/ heroes-gallery -->\r\n\t\t\t<hr class=\"border-t-3\">\r\n\t\t\t<\/div>\r\n<\/section>\n\n<section class=\"pt-7.75 md:pt-6.5 pb-6.75 md:pb-6.25 xl:pb-8.25 2xl:pb-7\">\n\t<div class=\"container\">\n\t\t<figure class=\"relative min-h-48 group rounded-lg bg-red text-white\">\n\t\t\t\t\t\t\t\t\t\t\n\t\t\t\t<figcaption class=\"pt-5.5 md:pt-7 xl:pt-11 2xl:pt-7 pb-6.75 md:pb-7.5 xl:pb-10.25 2xl:pb-7.75 px-3 sm:px-5 md:px-25 text-center\">\n\t\t\t\t\t\t\t\t\t\t\t<h2 class=\"mb-5.25 xl:mb-5.75 font-bold italic text-[38px]\/none md:text-[48px]\/none\">Explora Twisted Tales en cualquier lugar \u2192 \u00a1Descarga la aplicaci\u00f3n!<\/h2>\n\t\t\t\t\t\t\t\t\t\t\t\t\t\t\t\t\n\t\t\t\t\t\t<ul class=\"flex justify-center gap-2.5 md:gap-3.75\">\n\t\t\t\t\t\t\t\t\t\t\t\t\t\t\t\n\t\t\t\t\t\t\t\t<li>\t\t\t\t\t\t\t\t\t\n\t\t\t\t\t\t\t\t\t\t\t\t\t\t\t\t\t\t\t<a href=\"https:\/\/apps.apple.com\/us\/app\/twisted-tales\/id6449082379\" target=\"_blank\">\n\t\t\t\t\t\t\t\t\t\t\t\t\t\t\t\t\t\t\t\t\t\t\t\t\t\t\t\t\t\t<img decoding=\"async\" src=\"https:\/\/twistedtales.tv\/wp-content\/uploads\/2025\/07\/img-app-store-001.webp\" alt=\"\" class=\"lazyload\" loading=\"lazy\">\n\t\t\t\t\t\t\t\t\t\t\t\t\t\t\t\t\t\t\t\t\n\t\t\t\t\t\t\t\t\t\t\t\t\t\t\t\t\t\t\t<\/a>\n\t\t\t\t\t\t\t\t\t\t\t\t\t\t\t\t\t<\/li>\n\t\t\t\t\t\t\t\t\t\t\t\t\t\t\t\n\t\t\t\t\t\t\t\t<li>\t\t\t\t\t\t\t\t\t\n\t\t\t\t\t\t\t\t\t\t\t\t\t\t\t\t\t\t\t<a href=\"https:\/\/play.google.com\/store\/apps\/details?id=com.itd.twistedtales&#038;pli=1\" target=\"_blank\">\n\t\t\t\t\t\t\t\t\t\t\t\t\t\t\t\t\t\t\t\t\t\t\t\t\t\t\t\t\t\t<img decoding=\"async\" src=\"https:\/\/twistedtales.tv\/wp-content\/uploads\/2025\/07\/img-google-play-001.webp\" alt=\"\" class=\"lazyload\" loading=\"lazy\">\n\t\t\t\t\t\t\t\t\t\t\t\t\t\t\t\t\t\t\t\t\n\t\t\t\t\t\t\t\t\t\t\t\t\t\t\t\t\t\t\t<\/a>\n\t\t\t\t\t\t\t\t\t\t\t\t\t\t\t\t\t<\/li>\n\t\t\t\t\t\t\t\t\t\t\t\t\t<\/ul>\n\t\t\t\t\t\t\t\t\t<\/figcaption>\n\t\t\t\t\t<\/figure>\n\t<\/div>\n<\/section>","protected":false},"excerpt":{"rendered":"","protected":false},"author":2,"featured_media":0,"parent":0,"menu_order":0,"comment_status":"closed","ping_status":"closed","template":"","meta":{"_acf_changed":false,"footnotes":""},"class_list":["post-2180","page","type-page","status-publish","hentry"],"acf":[],"_links":{"self":[{"href":"https:\/\/twistedtales.tv\/es\/wp-json\/wp\/v2\/pages\/2180","targetHints":{"allow":["GET"]}}],"collection":[{"href":"https:\/\/twistedtales.tv\/es\/wp-json\/wp\/v2\/pages"}],"about":[{"href":"https:\/\/twistedtales.tv\/es\/wp-json\/wp\/v2\/types\/page"}],"author":[{"embeddable":true,"href":"https:\/\/twistedtales.tv\/es\/wp-json\/wp\/v2\/users\/2"}],"replies":[{"embeddable":true,"href":"https:\/\/twistedtales.tv\/es\/wp-json\/wp\/v2\/comments?post=2180"}],"version-history":[{"count":2,"href":"https:\/\/twistedtales.tv\/es\/wp-json\/wp\/v2\/pages\/2180\/revisions"}],"predecessor-version":[{"id":4222,"href":"https:\/\/twistedtales.tv\/es\/wp-json\/wp\/v2\/pages\/2180\/revisions\/4222"}],"wp:attachment":[{"href":"https:\/\/twistedtales.tv\/es\/wp-json\/wp\/v2\/media?parent=2180"}],"curies":[{"name":"wp","href":"https:\/\/api.w.org\/{rel}","templated":true}]}}