{"id":1223,"date":"2025-09-24T19:04:35","date_gmt":"2025-09-24T17:04:35","guid":{"rendered":"https:\/\/twistedtales.tv\/donate\/"},"modified":"2026-01-23T14:17:58","modified_gmt":"2026-01-23T13:17:58","slug":"donaciones","status":"publish","type":"page","link":"https:\/\/twistedtales.tv\/es\/donaciones\/","title":{"rendered":"Donaciones"},"content":{"rendered":"\t\t\t\t<article\n\t\t\tclass=\"container about-article mb-10.75\">\n\t\t\t\t\t\t\t<header class=\"border-t-2 italic text-[40px] pt-1 mb-8 md:mb-12.5 md:border-t-[3px] md:text-[50px] lg:text-[40px]\">\n\t\t\t\t\t<strong class=\"font-semibold\">Donaciones<\/strong>\n\t\t\t\t<\/header>\n\t\t\t\t\t\t<div class=\"lg:grid lg:grid-cols-6 lg:gap-6.25\">\n\t\t\t\t<div class=\"space-y-5 lg:space-y-6.25 lg:col-span-4 lg:col-start-2\">\n\t\t\t\t\t\t\t\t\t\t\t<h1>Donaciones<\/h1>\n\t\t\t\t\t\t\t\t\t\t\t\t\t\t\t\t\t\t\t\t\t\t\t\t\t\t\t\t\t\t\t\t\t\t\t\t\t<p style=\"padding-left: 40px;\"><strong>\u00a1Ay\u00fadanos a llevar nuestros cuentos recontados a m\u00e1s ni\u00f1os de todo el mundo!<\/strong><\/p>\n<p><span style=\"font-weight: 400;\">Tu apoyo nos permite crear historias inclusivas, imaginativas e inspiradoras en forma de libros, teatro, animaci\u00f3n y talleres.<\/span><\/p>\n<p style=\"padding-left: 40px;\"><strong>\u00a1Todas las contribuciones son importantes!<br \/>\n<\/strong><\/p>\n<p><span style=\"font-weight: 400;\">Con contribuciones grandes y peque\u00f1as, garantizamos que Twisted Tales TV seguir\u00e1 creciendo. Tu apoyo nos ayudar\u00e1 a financiar nuevos cuentos y talleres educativos, a desarrollar obras teatrales accesibles y expandir nuestras experiencias en forma de audio, RA y transmedia.<\/span><\/p>\n<p><strong>C\u00d3MO DONAR<\/strong><\/p>\n<p><span style=\"font-weight: 400;\">\u2192 Donaciones puntuales o peri\u00f3dicas<br \/>\n<\/span><span style=\"font-weight: 400;\">\u2192 Patrocinios corporativos o institucionales<br \/>\n<\/span><span style=\"font-weight: 400;\">\u2192 Soporte y colaboraci\u00f3n no monetarios<\/span><\/p>\n<p style=\"padding-left: 40px;\"><strong>Despertemos la creatividad, la empat\u00eda y el coraje en la generaci\u00f3n que viene.<\/strong><\/p>\n<p><span style=\"font-weight: 400;\">Haz clic en el coraz\u00f3n de abajo para hacer un donativo puntual.<\/span><\/p>\n<p><a href=\"https:\/\/www.paypal.com\/donate\/?hosted_button_id=MCL2D35C7WWG6\"><img loading=\"lazy\" decoding=\"async\" class=\"alignnone wp-image-992\" src=\"https:\/\/twistedtales.tv\/wp-content\/uploads\/2025\/09\/src.png\" alt=\"\" width=\"78\" height=\"100\" \/><\/a><\/p>\n\t\t\t\t\t\t\t\t\t\t\t\t\t\t\t\t\t\t\t\t\t\t<\/div>\n\t\t\t<\/div>\n\t\t<\/article>\n\t","protected":false},"excerpt":{"rendered":"","protected":false},"author":2,"featured_media":0,"parent":0,"menu_order":0,"comment_status":"closed","ping_status":"closed","template":"","meta":{"_acf_changed":false,"footnotes":""},"class_list":["post-1223","page","type-page","status-publish","hentry"],"acf":[],"_links":{"self":[{"href":"https:\/\/twistedtales.tv\/es\/wp-json\/wp\/v2\/pages\/1223","targetHints":{"allow":["GET"]}}],"collection":[{"href":"https:\/\/twistedtales.tv\/es\/wp-json\/wp\/v2\/pages"}],"about":[{"href":"https:\/\/twistedtales.tv\/es\/wp-json\/wp\/v2\/types\/page"}],"author":[{"embeddable":true,"href":"https:\/\/twistedtales.tv\/es\/wp-json\/wp\/v2\/users\/2"}],"replies":[{"embeddable":true,"href":"https:\/\/twistedtales.tv\/es\/wp-json\/wp\/v2\/comments?post=1223"}],"version-history":[{"count":2,"href":"https:\/\/twistedtales.tv\/es\/wp-json\/wp\/v2\/pages\/1223\/revisions"}],"predecessor-version":[{"id":2391,"href":"https:\/\/twistedtales.tv\/es\/wp-json\/wp\/v2\/pages\/1223\/revisions\/2391"}],"wp:attachment":[{"href":"https:\/\/twistedtales.tv\/es\/wp-json\/wp\/v2\/media?parent=1223"}],"curies":[{"name":"wp","href":"https:\/\/api.w.org\/{rel}","templated":true}]}}