{"id":1222,"date":"2025-09-24T19:03:59","date_gmt":"2025-09-24T17:03:59","guid":{"rendered":"https:\/\/twistedtales.tv\/cookie-policy\/"},"modified":"2026-02-09T13:17:02","modified_gmt":"2026-02-09T12:17:02","slug":"politica-de-cookies","status":"publish","type":"page","link":"https:\/\/twistedtales.tv\/es\/politica-de-cookies\/","title":{"rendered":"Pol\u00edtica de cookies"},"content":{"rendered":"\t\t\t\t<article\n\t\t\tclass=\"container about-article mb-10.75\">\n\t\t\t\t\t\t\t<header class=\"border-t-2 italic text-[40px] pt-1 mb-8 md:mb-12.5 md:border-t-[3px] md:text-[50px] lg:text-[40px]\">\n\t\t\t\t\t<strong class=\"font-semibold\">Pol\u00edtica de cookies<\/strong>\n\t\t\t\t<\/header>\n\t\t\t\t\t\t<div class=\"lg:grid lg:grid-cols-6 lg:gap-6.25\">\n\t\t\t\t<div class=\"space-y-5 lg:space-y-6.25 lg:col-span-4 lg:col-start-2\">\n\t\t\t\t\t\t\t\t\t\t\t<h1>Pol\u00edtica de cookies<\/h1>\n\t\t\t\t\t\t\t\t\t\t\t\t\t\t\t\t\t\t\t\t\t\t\t\t\t\t\t\t\t\t\t\t\t\t\t\t\t<p><strong>\u00bfQU\u00c9 SON LAS COOKIES?<br \/>\n<\/strong><span style=\"font-weight: 400;\">Las cookies son archivos de texto peque\u00f1os que se almacenan en tu dispositivo al visitar un sitio web. Ayudan al sitio web a recordar tus preferencias, mejorar la funcionalidad y a ofrecer una experiencia mejor y m\u00e1s eficiente.<\/span><\/p>\n<p><strong>C\u00d3MO USAMOS LAS COOKIES<br \/>\n<\/strong><span style=\"font-weight: 400;\">Nuestro sitio web utiliza las cookies para:<\/span><\/p>\n<p><b>\u2192 <span style=\"font-weight: 400;\">Cookies estrictamente necesarias: las necesita el sitio web para funcionar correctamente (navegaci\u00f3n, formularios, sesiones). Estas cookies caducan al final de tu visita. Ejemplo:<\/span><\/b>\u00a0<code data-start=\"610\" data-end=\"629\">ASP.NET_SessionId<\/code>.<br \/>\n<b>\u2192 <span style=\"font-weight: 400;\">Cookies anal\u00edticas: son para entender c\u00f3mo interact\u00faan los visitantes con nuestro sitio web y mejoran la experiencia del usuario. Se recoge informaci\u00f3n no identificable. Ejemplo: <\/span><\/b>\u00a0<code data-start=\"803\" data-end=\"808\">_ga<\/code>.<br \/>\n<span style=\"font-weight: 400;\">\u2192 Cookies de v\u00eddeos incrustados: al reproducir v\u00eddeos en nuestro canal oficial de YouTube, se pueden instalar cookies para mejorar tu experiencia de visualizaci\u00f3n. Se utiliza el modo de privacidad mejorada de YouTube para proteger tus datos.<br \/>\n<\/span><span style=\"font-weight: 400;\">\u2192 Cookies de redes sociales: pueden usarse cookies de Facebook y Instagram para personalizar tu interacci\u00f3n con el contenido integrado.<br \/>\n<\/span><span style=\"font-weight: 400;\">\u2192 Cookies de app m\u00f3vil: al acceder a funciones de la app a trav\u00e9s de nuestro sitio web, las cookies pueden guardar tus preferencias y mejorar la funcionalidad.<\/span><\/p>\n<p><strong>GESTI\u00d3N DE COOKIES<br \/>\n<\/strong><span style=\"font-weight: 400;\">No se utilizar\u00e1n las cookies para recopilar informaci\u00f3n relacionada con tu identidad personal. Si quieres, puedes elegir aceptar o rechazar cookies a trav\u00e9s de la configuraci\u00f3n de tu navegador. Ten en cuenta que desactivar cookies puede afectar algunas funciones del sitio web. Si quieres ayuda sobre la configuraci\u00f3n de cookies, visita <\/span> <strong><a class=\"decorated-link\" href=\"http:\/\/www.aboutcookies.org\/\" target=\"_new\" rel=\"noopener\" data-start=\"1502\" data-end=\"1549\">aboutcookies.org \u2192<\/a><\/strong><\/p>\n<p><strong><span style=\"font-weight: 400;\">Si quieres m\u00e1s informaci\u00f3n sobre cookies, consulta las<\/span> <a href=\"http:\/\/www.ico.org.uk\/\" target=\"_blank\" rel=\"noreferrer noopener\">directrices del Supervisor Europeo de Protecci\u00f3n de Datos\u2192<\/a><\/strong><\/p>\n\t\t\t\t\t\t\t\t\t\t\t\t\t\t\t\t\t\t\t\t\t\t<\/div>\n\t\t\t<\/div>\n\t\t<\/article>\n\t\n\n\t<div class=\"lg:grid lg:grid-cols-6 lg:gap-6.25\">\r\n\t\t<figure class=\"lg:col-span-4 lg:col-start-2\">\r\n\t\t\t\t\t\t\t\r\n\t\t\t\t<img decoding=\"async\" src=\"https:\/\/twistedtales.tv\/wp-content\/uploads\/2025\/07\/img-content-section-003.svg\" alt=\"\" class=\"lazyload w-full block\" loading=\"lazy\">\r\n\t\t\t\t\t\t\t\t\t\r\n\t\t<\/figure>\r\n\t<\/div>\r\n","protected":false},"excerpt":{"rendered":"","protected":false},"author":2,"featured_media":0,"parent":0,"menu_order":0,"comment_status":"closed","ping_status":"closed","template":"","meta":{"_acf_changed":false,"footnotes":""},"class_list":["post-1222","page","type-page","status-publish","hentry"],"acf":[],"_links":{"self":[{"href":"https:\/\/twistedtales.tv\/es\/wp-json\/wp\/v2\/pages\/1222","targetHints":{"allow":["GET"]}}],"collection":[{"href":"https:\/\/twistedtales.tv\/es\/wp-json\/wp\/v2\/pages"}],"about":[{"href":"https:\/\/twistedtales.tv\/es\/wp-json\/wp\/v2\/types\/page"}],"author":[{"embeddable":true,"href":"https:\/\/twistedtales.tv\/es\/wp-json\/wp\/v2\/users\/2"}],"replies":[{"embeddable":true,"href":"https:\/\/twistedtales.tv\/es\/wp-json\/wp\/v2\/comments?post=1222"}],"version-history":[{"count":3,"href":"https:\/\/twistedtales.tv\/es\/wp-json\/wp\/v2\/pages\/1222\/revisions"}],"predecessor-version":[{"id":3132,"href":"https:\/\/twistedtales.tv\/es\/wp-json\/wp\/v2\/pages\/1222\/revisions\/3132"}],"wp:attachment":[{"href":"https:\/\/twistedtales.tv\/es\/wp-json\/wp\/v2\/media?parent=1222"}],"curies":[{"name":"wp","href":"https:\/\/api.w.org\/{rel}","templated":true}]}}