{"id":1219,"date":"2025-09-24T19:05:01","date_gmt":"2025-09-24T17:05:01","guid":{"rendered":"https:\/\/twistedtales.tv\/contact\/"},"modified":"2026-02-09T10:55:29","modified_gmt":"2026-02-09T09:55:29","slug":"contacto","status":"publish","type":"page","link":"https:\/\/twistedtales.tv\/es\/contacto\/","title":{"rendered":"Contacto"},"content":{"rendered":"\t\t\t\t<article\n\t\t\tclass=\"container about-article mb-10.75\">\n\t\t\t\t\t\t\t<header class=\"border-t-2 italic text-[40px] pt-1 mb-8 md:mb-12.5 md:border-t-[3px] md:text-[50px] lg:text-[40px]\">\n\t\t\t\t\t<strong class=\"font-semibold\">Contacto<\/strong>\n\t\t\t\t<\/header>\n\t\t\t\t\t\t<div class=\"lg:grid lg:grid-cols-6 lg:gap-6.25\">\n\t\t\t\t<div class=\"space-y-5 lg:space-y-6.25 lg:col-span-4 lg:col-start-2\">\n\t\t\t\t\t\t\t\t\t\t\t<h1>Contacto<\/h1>\n\t\t\t\t\t\t\t\t\t\t\t\t\t\t\t\t\t\t\t\t\t\t\t\t\t\t\t\t\t\t\t\t\t\t\t\t\t<p><strong>Contacta con nosotros<br \/>\n<\/strong><span style=\"font-weight: 400;\">\u00a1Nos encantar\u00eda escuchar tu opini\u00f3n! Si tienes cualquier pregunta, idea o quieres colaborar, puedes contactar con nosotros aqu\u00ed:<\/span><\/p>\n<p><strong>CORREO ELECTR\u00d3NICO<br \/>\n<\/strong><u><a href=\"mailto:twisted@transmedia-design.me\" target=\"_blank\" rel=\"noopener\">twisted@transmedia-design.me \u2192<\/a><\/u><\/p>\n<p><strong>FACEBOOK<\/strong><br \/>\n<u><a href=\"https:\/\/www.facebook.com\/twistedtales.tv\" target=\"_blank\" rel=\"noopener\">twistedtales.tv \u2192<\/a><\/u><\/p>\n<p><strong>INSTAGRAM<\/strong><br \/>\n<u><a href=\"https:\/\/www.instagram.com\/twistedtales.tv\" target=\"_blank\" rel=\"noopener\">twistedtales.tv \u2192<\/a><\/u><\/p>\n<p><span style=\"font-weight: 400;\">Si quieres echarnos una mano, tambi\u00e9n puedes hacer clic en el icono del coraz\u00f3n justo aqu\u00ed debajo.<\/span><\/p>\n<p><a href=\"https:\/\/www.paypal.com\/donate\/?hosted_button_id=MCL2D35C7WWG6\"><img loading=\"lazy\" decoding=\"async\" class=\"alignnone wp-image-992\" src=\"https:\/\/twistedtales.tv\/wp-content\/uploads\/2025\/09\/src.png\" alt=\"\" width=\"71\" height=\"91\" \/><\/a><a href=\"https:\/\/www.paypal.com\/donate\/?hosted_button_id=MCL2D35C7WWG6\">\u00a0<\/a><\/p>\n\t\t\t\t\t\t\t\t\t\t\t\t\t\t\t\t\t\t\t\t\t\t<\/div>\n\t\t\t<\/div>\n\t\t<\/article>\n\t","protected":false},"excerpt":{"rendered":"","protected":false},"author":2,"featured_media":0,"parent":0,"menu_order":0,"comment_status":"closed","ping_status":"closed","template":"","meta":{"_acf_changed":false,"footnotes":""},"class_list":["post-1219","page","type-page","status-publish","hentry"],"acf":[],"_links":{"self":[{"href":"https:\/\/twistedtales.tv\/es\/wp-json\/wp\/v2\/pages\/1219","targetHints":{"allow":["GET"]}}],"collection":[{"href":"https:\/\/twistedtales.tv\/es\/wp-json\/wp\/v2\/pages"}],"about":[{"href":"https:\/\/twistedtales.tv\/es\/wp-json\/wp\/v2\/types\/page"}],"author":[{"embeddable":true,"href":"https:\/\/twistedtales.tv\/es\/wp-json\/wp\/v2\/users\/2"}],"replies":[{"embeddable":true,"href":"https:\/\/twistedtales.tv\/es\/wp-json\/wp\/v2\/comments?post=1219"}],"version-history":[{"count":4,"href":"https:\/\/twistedtales.tv\/es\/wp-json\/wp\/v2\/pages\/1219\/revisions"}],"predecessor-version":[{"id":3076,"href":"https:\/\/twistedtales.tv\/es\/wp-json\/wp\/v2\/pages\/1219\/revisions\/3076"}],"wp:attachment":[{"href":"https:\/\/twistedtales.tv\/es\/wp-json\/wp\/v2\/media?parent=1219"}],"curies":[{"name":"wp","href":"https:\/\/api.w.org\/{rel}","templated":true}]}}