{"id":1217,"date":"2025-09-24T19:02:53","date_gmt":"2025-09-24T17:02:53","guid":{"rendered":"https:\/\/twistedtales.tv\/collaborate-with-us\/"},"modified":"2026-01-23T12:41:58","modified_gmt":"2026-01-23T11:41:58","slug":"colabora-con-nosotros","status":"publish","type":"page","link":"https:\/\/twistedtales.tv\/es\/colabora-con-nosotros\/","title":{"rendered":"Colabora con nosotros"},"content":{"rendered":"\t\t\t\t<article\n\t\t\tclass=\"container about-article mb-10.75\">\n\t\t\t\t\t\t<div class=\"lg:grid lg:grid-cols-6 lg:gap-6.25\">\n\t\t\t\t<div class=\"space-y-5 lg:space-y-6.25 lg:col-span-4 lg:col-start-2\">\n\t\t\t\t\t\t\t\t\t\t\t<h1>\u00bfColaboramos?<\/h1>\n\t\t\t\t\t\t\t\t\t\t\t\t\t\t\t\t\t\t\t\t\t\t\t\t\t\t\t\t\t\t\t\t\t\t\t\t\t<p><span style=\"font-weight: 400;\">Nuestros cuentos recontados son mucho m\u00e1s que historias. Representan un peque\u00f1o universo dise\u00f1ado para repensar el modo en el que los m\u00e1s peque\u00f1os aprenden, imaginan y crecen. Tanto si eres una escuela, una instituci\u00f3n cultural, un museo, eres familia o una empresa de comunicaci\u00f3n, hay muchas formas de viajar juntos.\u00a0<\/span><\/p>\n\t\t\t\t\t\t\t\t\t\t\t\t\t\t\t\t\t\t\t\t\t\t\t\t\t\t\t\t<figure class=\"my-10 lg:mt-17.5 lg:mb-14.5 lg:relative\">\n\t\t\t\t\t\t\t\t\t\t\t\t\t\t\t\t\t\t\t<img decoding=\"async\" src=\"https:\/\/twistedtales.tv\/wp-content\/uploads\/2025\/09\/img-content-section-003-scaled.png\" alt=\"\"\n\t\t\t\t\t\t\t\t\t\t\tloading=\"lazy\" class=\"lazyload rounded-lg block w-full\">\n\t\t\t\t\t\t\t\t\t\t\t\t\t\t\t\t\t\t<figcaption\n\t\t\t\t\t\t\t\t\t\tclass=\"text-[0.5714285714em]\/tight pt-2 xl:pt-0 xl:absolute xl:-top-0.75 xl:-start-52.5 xl:w-50\">\n\t\t\t\t\t\t\t\t\t\t\t\t\t\t\t\t\t\t\t\t\tElementos creados por Dalibor Kazija<br \/>\r\ny ni\u00f1os en Eslovenia<br \/>\r\n\u2192\t\t\t\t\t\t\t\t\t\t\t\t\t\t\t\t\t\t\t<\/figcaption>\n\t\t\t\t\t\t\t\t<\/figure>\n\t\t\t\t\t\t\t\t\t\t\t\t\t\t\t\t\t\t\t\t\t\t\t\t\t\t\t\t<p><strong>PARA ESCUELAS Y PROFESIONALES DE LA EDUCACI\u00d3N<\/strong><\/p>\n<p><span style=\"font-weight: 400;\">\u2192 Trae nuestros talleres de cocreaci\u00f3n a tus aulas<br \/>\n<\/span><span style=\"font-weight: 400;\">\u2192 Accede a nuestras cajas de herramientas y recursos de narraci\u00f3n gratuitos<br \/>\n<\/span><span style=\"font-weight: 400;\">\u2192 Programa una actuaci\u00f3n teatral o la proyecci\u00f3n de una pel\u00edcula<\/span><\/p>\n<p><strong>PARA ORGANIZACIONES CULTURALES Y MUSEOS<\/strong><\/p>\n<p><span style=\"font-weight: 400;\">\u2192 Organiza nuestras exposiciones de realidad aumentada o talleres de aprendizaje digital<br \/>\n<\/span><span style=\"font-weight: 400;\">\u2192 Organiza una proyecci\u00f3n o taller de cocreaci\u00f3n<br \/>\n<\/span><span style=\"font-weight: 400;\">\u2192 Colabora con nosotros en nuestra programaci\u00f3n familiar inclusiva<\/span><\/p>\n<p><strong>PARA PADRES Y COMUNIDADES<\/strong><\/p>\n<p><span style=\"font-weight: 400;\">\u2192 Explora nuestros libros, audiocuentos y nuestra app desde casa<br \/>\n<\/span><span style=\"font-weight: 400;\">\u2192 Organiza sesiones en grupos peque\u00f1os, proyecciones o c\u00edrculos de cuentacuentos<br \/>\n<\/span><span style=\"font-weight: 400;\">\u2192 Comparte tus opiniones y comentarios y forma parte de nuestro proceso de cocreaci\u00f3n<\/span><\/p>\n<p><strong>PARA SOCIOS DE MEDIOS Y CREATIVOS<\/strong><\/p>\n<p><span style=\"font-weight: 400;\">\u2192 Distribuye nuestras pel\u00edculas, libros o actuaciones<br \/>\n<\/span><span style=\"font-weight: 400;\">\u2192 Colabora con nuestros proyectos transmedia que impulsan el cambio<br \/>\n<\/span><span style=\"font-weight: 400;\">\u2192 Ay\u00fadanos a llevar historias inclusivas y valientes a nuevos p\u00fablicos<\/span><\/p>\n<p><strong>CREEMOS JUNTOS<\/strong><\/p>\n<p><span style=\"font-weight: 400;\">Buscamos constantemente nuevos socios que compartan nuestra visi\u00f3n sobre el poder de los cuentos para cambiar el mundo.<\/span><\/p>\n<p style=\"padding-left: 40px;\"><strong><a href=\"mailto:twisted@transmedia-design.me\">CONTACTA CON NOSOTROS \u2192<\/a><\/strong><\/p>\n\t\t\t\t\t\t\t\t\t\t\t\t\t\t\t\t\t\t\t\t\t\t<\/div>\n\t\t\t<\/div>\n\t\t<\/article>\n\t\n\n\t<div class=\"lg:grid lg:grid-cols-6 lg:gap-6.25\">\r\n\t\t<figure class=\"lg:col-span-4 lg:col-start-2\">\r\n\t\t\t\t\t\t\t\r\n\t\t\t\t<img decoding=\"async\" src=\"https:\/\/twistedtales.tv\/wp-content\/uploads\/2025\/07\/img-content-section-003.svg\" alt=\"\" class=\"lazyload w-full block\" loading=\"lazy\">\r\n\t\t\t\t\t\t\t\t\t\r\n\t\t<\/figure>\r\n\t<\/div>\r\n","protected":false},"excerpt":{"rendered":"","protected":false},"author":2,"featured_media":0,"parent":0,"menu_order":0,"comment_status":"closed","ping_status":"closed","template":"","meta":{"_acf_changed":false,"footnotes":""},"class_list":["post-1217","page","type-page","status-publish","hentry"],"acf":[],"_links":{"self":[{"href":"https:\/\/twistedtales.tv\/es\/wp-json\/wp\/v2\/pages\/1217","targetHints":{"allow":["GET"]}}],"collection":[{"href":"https:\/\/twistedtales.tv\/es\/wp-json\/wp\/v2\/pages"}],"about":[{"href":"https:\/\/twistedtales.tv\/es\/wp-json\/wp\/v2\/types\/page"}],"author":[{"embeddable":true,"href":"https:\/\/twistedtales.tv\/es\/wp-json\/wp\/v2\/users\/2"}],"replies":[{"embeddable":true,"href":"https:\/\/twistedtales.tv\/es\/wp-json\/wp\/v2\/comments?post=1217"}],"version-history":[{"count":3,"href":"https:\/\/twistedtales.tv\/es\/wp-json\/wp\/v2\/pages\/1217\/revisions"}],"predecessor-version":[{"id":2383,"href":"https:\/\/twistedtales.tv\/es\/wp-json\/wp\/v2\/pages\/1217\/revisions\/2383"}],"wp:attachment":[{"href":"https:\/\/twistedtales.tv\/es\/wp-json\/wp\/v2\/media?parent=1217"}],"curies":[{"name":"wp","href":"https:\/\/api.w.org\/{rel}","templated":true}]}}