{"id":1213,"date":"2025-07-09T08:30:41","date_gmt":"2025-07-09T06:30:41","guid":{"rendered":"https:\/\/twistedtales.tv\/tales\/"},"modified":"2026-01-27T11:17:13","modified_gmt":"2026-01-27T10:17:13","slug":"tales","status":"publish","type":"page","link":"https:\/\/twistedtales.tv\/es\/tales\/","title":{"rendered":"Cuentos"},"content":{"rendered":"\t\t\t\t<article\n\t\t\tclass=\"container about-article mb-10.75\">\n\t\t\t\t\t\t\t<header class=\"border-t-2 italic text-[40px] pt-1 mb-8 md:mb-12.5 md:border-t-[3px] md:text-[50px] lg:text-[40px]\">\n\t\t\t\t\t<strong class=\"font-semibold\">Cuentos<\/strong>\n\t\t\t\t<\/header>\n\t\t\t\t\t\t<div class=\"lg:grid lg:grid-cols-6 lg:gap-6.25\">\n\t\t\t\t<div class=\"space-y-5 lg:space-y-6.25 lg:col-span-4 lg:col-start-2\">\n\t\t\t\t\t\t\t\t\t\t\t\t\t\t\t\t\t\t\t\t\t\t\t\t\t\t\t\t\t\t\t\t\t\t\t\t\t<p><span style=\"font-weight: 400;\">Con Twisted Tales, los cuentos de hadas ya no est\u00e1n anclados en el pasado. Reformulamos las historias que todo el mundo ama para volver a contarlas con una lecci\u00f3n de amor, coraje y empat\u00eda.<\/span><\/p>\n<p><span style=\"font-weight: 400;\">Aqu\u00ed, tus personajes favoritos tienen una nueva voz, nuevos retos, nuevos sue\u00f1os. Las ni\u00f1as dan forma a su propio destino y los ni\u00f1os escuchan a su coraz\u00f3n, en vez de perseguir los sue\u00f1os de su padre. La belleza no se basa en la imagen y los obst\u00e1culos nunca se superan con magia: se afrontan con cari\u00f1o, valent\u00eda y con la ayuda de los amigos que siempre est\u00e1n a tu lado.<\/span><\/p>\n<p><span style=\"font-weight: 400;\">Ven a conocer a Cinda, Alen, Bianca, Desir\u00e9e y a muchos m\u00e1s personajes heroicos que no olvidar\u00e1s jam\u00e1s. Todos los cuentos son distintos, pero comparten una idea: \u00bfy si se pudiesen contar de nuevo los cuentos de hadas que todos nos sabemos de memoria?<\/span><\/p>\n\t\t\t\t\t\t\t\t\t\t\t\t\t\t\t\t\t\t\t\t\t\t<\/div>\n\t\t\t<\/div>\n\t\t<\/article>\n\t\n\n\t<div class=\"container mb-15 lg:mb-29.25 grid gap-6.25 md:grid-cols-2 xl:grid-cols-3 lg:gap-x-6.25 lg:gap-y-10.5\">\r\n\t\t\t\t\t<a href=\"https:\/\/twistedtales.tv\/es\/cuentos\/filip\/\" class=\"block post-item-el border-t-2 border-b-2 lg:border-t-[3px] lg:border-b-[3px] pt-9.25 pb-4\">\r\n\t<figure class=\"mb-8.5\">\r\n\t\t\t\t\t\t\t\t\t\r\n\t\t<img decoding=\"async\" src=\"https:\/\/twistedtales.tv\/wp-content\/uploads\/2025\/07\/tales-1024x448.png\" alt=\"Filip y el teatro de papel\" loading=\"lazy\" class=\"lazyload object-cover rounded-lg w-full aspect-[393\/202]\">\t\t\r\n\t\t\r\n\t<\/figure>\t\r\n\t<strong class=\"block uppercase font-semibold text-4xl lg:text-[1.9285714286em]\/[1.1851851852]\">Filip y el teatro de papel<\/strong>\r\n<\/a>\r\n\t\t\t\t\r\n\t\t\t\t\t<a href=\"https:\/\/twistedtales.tv\/es\/cuentos\/meera\/\" class=\"block post-item-el border-t-2 border-b-2 lg:border-t-[3px] lg:border-b-[3px] pt-9.25 pb-4\">\r\n\t<figure class=\"mb-8.5\">\r\n\t\t\t\t\t\t\t\t\t\r\n\t\t<img decoding=\"async\" src=\"https:\/\/twistedtales.tv\/wp-content\/uploads\/2025\/07\/tales-1024x448.png\" alt=\"Mira del mar de Coral\" loading=\"lazy\" class=\"lazyload object-cover rounded-lg w-full aspect-[393\/202]\">\t\t\r\n\t\t\r\n\t<\/figure>\t\r\n\t<strong class=\"block uppercase font-semibold text-4xl lg:text-[1.9285714286em]\/[1.1851851852]\">Mira del mar de Coral<\/strong>\r\n<\/a>\r\n\t\t\t\t\r\n\t\t\t\t\t<a href=\"https:\/\/twistedtales.tv\/es\/cuentos\/pocahontas-se-aburre\/\" class=\"block post-item-el border-t-2 border-b-2 lg:border-t-[3px] lg:border-b-[3px] pt-9.25 pb-4\">\r\n\t<figure class=\"mb-8.5\">\r\n\t\t\t\t\t\t\t\t\t\r\n\t\t<img decoding=\"async\" src=\"https:\/\/twistedtales.tv\/wp-content\/uploads\/2025\/07\/tales-1024x448.png\" alt=\"Pocahontas se aburre\" loading=\"lazy\" class=\"lazyload object-cover rounded-lg w-full aspect-[393\/202]\">\t\t\r\n\t\t\r\n\t<\/figure>\t\r\n\t<strong class=\"block uppercase font-semibold text-4xl lg:text-[1.9285714286em]\/[1.1851851852]\">Pocahontas se aburre<\/strong>\r\n<\/a>\r\n\t\t\t\t\r\n\t\t\t\t\t<a href=\"https:\/\/twistedtales.tv\/es\/cuentos\/cinda\/\" class=\"block post-item-el border-t-2 border-b-2 lg:border-t-[3px] lg:border-b-[3px] pt-9.25 pb-4\">\r\n\t<figure class=\"mb-8.5\">\r\n\t\t\t\t\t\t\t\t\t\r\n\t\t<img decoding=\"async\" src=\"https:\/\/twistedtales.tv\/wp-content\/uploads\/2025\/07\/img-tales-5.webp\" alt=\"Cinda Real\" loading=\"lazy\" class=\"lazyload object-cover rounded-lg w-full aspect-[393\/202]\">\t\t\r\n\t\t\r\n\t<\/figure>\t\r\n\t<strong class=\"block uppercase font-semibold text-4xl lg:text-[1.9285714286em]\/[1.1851851852]\">Cinda Real<\/strong>\r\n<\/a>\r\n\t\t\t\t\r\n\t\t\t\t\t<a href=\"https:\/\/twistedtales.tv\/es\/cuentos\/desiree-y-la-reina-de-las-nieves\/\" class=\"block post-item-el border-t-2 border-b-2 lg:border-t-[3px] lg:border-b-[3px] pt-9.25 pb-4\">\r\n\t<figure class=\"mb-8.5\">\r\n\t\t\t\t\t\t\t\t\t\r\n\t\t<img decoding=\"async\" src=\"https:\/\/twistedtales.tv\/wp-content\/uploads\/2025\/07\/tales-1024x448.png\" alt=\"Desir\u00e9e y la Reina de las Nieves\" loading=\"lazy\" class=\"lazyload object-cover rounded-lg w-full aspect-[393\/202]\">\t\t\r\n\t\t\r\n\t<\/figure>\t\r\n\t<strong class=\"block uppercase font-semibold text-4xl lg:text-[1.9285714286em]\/[1.1851851852]\">Desir\u00e9e y la Reina de las Nieves<\/strong>\r\n<\/a>\r\n\t\t\t\t\r\n\t\t\t\t\t<a href=\"https:\/\/twistedtales.tv\/es\/cuentos\/allen\/\" class=\"block post-item-el border-t-2 border-b-2 lg:border-t-[3px] lg:border-b-[3px] pt-9.25 pb-4\">\r\n\t<figure class=\"mb-8.5\">\r\n\t\t\t\t\t\t\t\t\t\r\n\t\t<img decoding=\"async\" src=\"https:\/\/twistedtales.tv\/wp-content\/uploads\/2025\/07\/tales-1024x448.png\" alt=\"Alen y la l\u00e1mpara m\u00e1gica\" loading=\"lazy\" class=\"lazyload object-cover rounded-lg w-full aspect-[393\/202]\">\t\t\r\n\t\t\r\n\t<\/figure>\t\r\n\t<strong class=\"block uppercase font-semibold text-4xl lg:text-[1.9285714286em]\/[1.1851851852]\">Alen y la l\u00e1mpara m\u00e1gica<\/strong>\r\n<\/a>\r\n\t\t\t\t\r\n\t\t\t\t\t<a href=\"https:\/\/twistedtales.tv\/es\/cuentos\/el-segundo-encuentro-de-caperucita-y-el-lobo\/\" class=\"block post-item-el border-t-2 border-b-2 lg:border-t-[3px] lg:border-b-[3px] pt-9.25 pb-4\">\r\n\t<figure class=\"mb-8.5\">\r\n\t\t\t\t\t\t\t\t\t\r\n\t\t<img decoding=\"async\" src=\"https:\/\/twistedtales.tv\/wp-content\/uploads\/2025\/07\/tales2-1024x448.png\" alt=\"El segundo encuentro de Caperucita y el lobo\" loading=\"lazy\" class=\"lazyload object-cover rounded-lg w-full aspect-[393\/202]\">\t\t\r\n\t\t\r\n\t<\/figure>\t\r\n\t<strong class=\"block uppercase font-semibold text-4xl lg:text-[1.9285714286em]\/[1.1851851852]\">El segundo encuentro de Caperucita y el lobo<\/strong>\r\n<\/a>\r\n\t\t\t\t\r\n\t\t\t\t\t<a href=\"https:\/\/twistedtales.tv\/es\/cuentos\/los-nuevos-hansel-y-gretel\/\" class=\"block post-item-el border-t-2 border-b-2 lg:border-t-[3px] lg:border-b-[3px] pt-9.25 pb-4\">\r\n\t<figure class=\"mb-8.5\">\r\n\t\t\t\t\t\t\t\t\t\r\n\t\t<img decoding=\"async\" src=\"https:\/\/twistedtales.tv\/wp-content\/uploads\/2025\/07\/tales2-1024x448.png\" alt=\"Los nuevos Hansel y Gretel\" loading=\"lazy\" class=\"lazyload object-cover rounded-lg w-full aspect-[393\/202]\">\t\t\r\n\t\t\r\n\t<\/figure>\t\r\n\t<strong class=\"block uppercase font-semibold text-4xl lg:text-[1.9285714286em]\/[1.1851851852]\">Los nuevos Hansel y Gretel<\/strong>\r\n<\/a>\r\n\t\t\t\t\r\n\t\t\t\t\t<\/div>\r\n","protected":false},"excerpt":{"rendered":"","protected":false},"author":2,"featured_media":0,"parent":0,"menu_order":0,"comment_status":"closed","ping_status":"closed","template":"","meta":{"_acf_changed":false,"footnotes":""},"class_list":["post-1213","page","type-page","status-publish","hentry"],"acf":[],"_links":{"self":[{"href":"https:\/\/twistedtales.tv\/es\/wp-json\/wp\/v2\/pages\/1213","targetHints":{"allow":["GET"]}}],"collection":[{"href":"https:\/\/twistedtales.tv\/es\/wp-json\/wp\/v2\/pages"}],"about":[{"href":"https:\/\/twistedtales.tv\/es\/wp-json\/wp\/v2\/types\/page"}],"author":[{"embeddable":true,"href":"https:\/\/twistedtales.tv\/es\/wp-json\/wp\/v2\/users\/2"}],"replies":[{"embeddable":true,"href":"https:\/\/twistedtales.tv\/es\/wp-json\/wp\/v2\/comments?post=1213"}],"version-history":[{"count":7,"href":"https:\/\/twistedtales.tv\/es\/wp-json\/wp\/v2\/pages\/1213\/revisions"}],"predecessor-version":[{"id":2525,"href":"https:\/\/twistedtales.tv\/es\/wp-json\/wp\/v2\/pages\/1213\/revisions\/2525"}],"wp:attachment":[{"href":"https:\/\/twistedtales.tv\/es\/wp-json\/wp\/v2\/media?parent=1213"}],"curies":[{"name":"wp","href":"https:\/\/api.w.org\/{rel}","templated":true}]}}