{"id":1205,"date":"2025-07-08T12:29:20","date_gmt":"2025-07-08T10:29:20","guid":{"rendered":"https:\/\/twistedtales.tv\/about\/"},"modified":"2026-02-09T13:05:13","modified_gmt":"2026-02-09T12:05:13","slug":"quienes-somos","status":"publish","type":"page","link":"https:\/\/twistedtales.tv\/es\/quienes-somos\/","title":{"rendered":"Qui\u00e9nes somos"},"content":{"rendered":"\t\t\t\t<article\n\t\t\tclass=\"container about-article mb-10.75\">\n\t\t\t\t\t\t\t<header class=\"border-t-2 italic text-[40px] pt-1 mb-8 md:mb-12.5 md:border-t-[3px] md:text-[50px] lg:text-[40px]\">\n\t\t\t\t\t<strong class=\"font-semibold\">Qui\u00e9nes somos<\/strong>\n\t\t\t\t<\/header>\n\t\t\t\t\t\t<div class=\"lg:grid lg:grid-cols-6 lg:gap-6.25\">\n\t\t\t\t<div class=\"space-y-5 lg:space-y-6.25 lg:col-span-4 lg:col-start-2\">\n\t\t\t\t\t\t\t\t\t\t\t<h1>Twisted Tales TV<\/h1>\n\t\t\t\t\t\t\t\t\t\t\t\t\t\t\t\t\t\t\t\t\t\t\t\t\t\t\t\t\t\t\t\t\t\t\t\t\t<p style=\"padding-left: 40px;\"><em><span style=\"font-weight: 400;\"><i><strong>\u00abNo todo estaba perdido. Todav\u00eda hab\u00eda esperanza. Para el crecimiento. Para la vida. Y para hacer realidad los sue\u00f1os imposibles\u00bb.<\/strong> \u2013<\/i> <i>Extracto de <\/i><\/span><u><a href=\"https:\/\/twistedtales.tv\/es\/cuentos\/meera\/\" target=\"_blank\" rel=\"noopener\"><span style=\"font-weight: 400;\">Meera\u2019s journey in the Coral Sea<\/span><\/a><\/u><\/em><\/p>\n<p><span style=\"font-weight: 400;\">Con nuestros cuentos recontados queremos demostrar que las historias son mucho m\u00e1s que palabras escritas sobre papel: moldean nuestra forma de ver el mundo y nos inspiran a imaginar mundos nuevos. Lo que pasa es que las historias con las que muchos crecimos ya no reflejan la vida de los ni\u00f1os de ahora: est\u00e1n repletas de t\u00f3picos obsoletos, lecciones caducadas e ideas simplistas de c\u00f3mo son los h\u00e9roes de verdad. Nosotros nos hemos propuesto cambiar esta concepci\u00f3n. <\/span><\/p>\n<p><strong>\u00a1Fuera los viejos clich\u00e9s y que entren lecciones frescas de amor, coraje y empat\u00eda!<\/strong><\/p>\n<p>&nbsp;<\/p>\n<p><br style=\"font-weight: 400;\" \/><br style=\"font-weight: 400;\" \/><\/p>\n\t\t\t\t\t\t\t\t\t\t\t\t\t\t\t\t\t\t\t\t\t\t\t\t\t\t\t\t<figure class=\"my-10 lg:mt-17.5 lg:mb-14.5 lg:relative\">\n\t\t\t\t\t\t\t\t\t\t\t\t\t\t\t\t\t\t\t<img decoding=\"async\" src=\"https:\/\/twistedtales.tv\/wp-content\/uploads\/2025\/07\/img-about-2.webp\" alt=\"\"\n\t\t\t\t\t\t\t\t\t\t\tloading=\"lazy\" class=\"lazyload rounded-lg block w-full\">\n\t\t\t\t\t\t\t\t\t\t\t\t\t\t\t\t\t\t<figcaption\n\t\t\t\t\t\t\t\t\t\tclass=\"text-[0.5714285714em]\/tight pt-2 xl:pt-0 xl:absolute xl:-top-0.75 xl:-start-52.5 xl:w-50\">\n\t\t\t\t\t\t\t\t\t\t\t\t\t\t\t\t\t\t\t\t\tEl estreno de Cinda Real <br \/>\r\ncon cocreadores en Eslovenia <br \/>\r\n\u2192\t\t\t\t\t\t\t\t\t\t\t\t\t\t\t\t\t\t\t<\/figcaption>\n\t\t\t\t\t\t\t\t<\/figure>\n\t\t\t\t\t\t\t\t\t\t\t\t\t\t\t\t\t\t\t\t\t\t\t\t\t\t\t\t<p><strong>NUESTRO UNIVERSO<\/strong><u><b><\/b><\/u><\/p>\n<p><span style=\"font-weight: 400;\">Twisted Tales TV es mucho m\u00e1s que una colecci\u00f3n de cuentos. Es un gran universo en el que confluyen la narraci\u00f3n, la educaci\u00f3n, los juegos y la imaginaci\u00f3n. Las historias se cuentan a trav\u00e9s de libros, teatro, animaci\u00f3n, audio, exposiciones y talleres. Cada cuento no solo invita a los ni\u00f1os a escuchar, sino tambi\u00e9n a participar, imaginar y crear.<\/span><u><b><\/b><\/u><\/p>\n<p><strong>NUESTRO ENFOQUE<\/strong><\/p>\n<p><span style=\"font-weight: 400;\">La cocreaci\u00f3n es el alma de Twisted Tales TV. Somos cuentacuentos y cocreadores. Nuestros cuentos est\u00e1n creados por escritores, ilustradores, educadores y ni\u00f1os con un gran talento; sus dibujos, voces e ideas inspiran los personajes y escenarios de los cuentos recontados.<\/span><u><b><\/b><\/u><\/p>\n<p><span style=\"font-weight: 400;\">El m\u00e9todo fue dise\u00f1ado por psic\u00f3logos y mediadores para fomentar principios fundamentales de la humanidad en la infancia.<\/span><\/p>\n<p style=\"padding-left: 40px;\"><strong><u><a href=\"https:\/\/twistedtales.tv\/es\/categoria\/educacion\/\">M\u00e1s informaci\u00f3n sobre nuestro enfoque \u2192\u00a0<\/a><\/u><\/strong><\/p>\n<p>&nbsp;<\/p>\n\t\t\t\t\t\t\t\t\t\t\t\t\t\t\t\t\t\t\t\t\t\t\t\t\t\t\t\t<figure class=\"my-10 lg:mt-17.5 lg:mb-14.5 lg:relative\">\n\t\t\t\t\t\t\t\t\t\t\t\t\t\t\t\t\t\t\t<img decoding=\"async\" src=\"https:\/\/twistedtales.tv\/wp-content\/uploads\/2025\/09\/img-content-section-003-scaled.png\" alt=\"\"\n\t\t\t\t\t\t\t\t\t\t\tloading=\"lazy\" class=\"lazyload rounded-lg block w-full\">\n\t\t\t\t\t\t\t\t\t\t\t\t\t\t\t\t\t\t<figcaption\n\t\t\t\t\t\t\t\t\t\tclass=\"text-[0.5714285714em]\/tight pt-2 xl:pt-0 xl:absolute xl:-top-0.75 xl:-start-52.5 xl:w-50\">\n\t\t\t\t\t\t\t\t\t\t\t\t\t\t\t\t\t\t\t\t\tElementos creados por Oleg Morovi\u0107 <br \/>\r\ny ni\u00f1os de Eslovenia <br \/>\r\n\u2192\t\t\t\t\t\t\t\t\t\t\t\t\t\t\t\t\t\t\t<\/figcaption>\n\t\t\t\t\t\t\t\t<\/figure>\n\t\t\t\t\t\t\t\t\t\t\t\t\t\t\t\t\t\t\t\t\t\t\t\t\t\t\t\t<p><strong>NUESTRAS TEM\u00c1TICAS<\/strong><\/p>\n<p>Puede que nuestros personajes vivan en mundos de hadas, pero sus problemas son muy reales. Cada cuento explora con detenimiento asuntos que los ni\u00f1os deber\u00e1n afrontar en la vida real: el sentimiento de pertenencia, la identidad, la diferencia, la amistad, la p\u00e9rdida, la esperanza. Al abordarlos en nuestras historias, damos a los ni\u00f1os la oportunidad de verse reflejados y generamos un espacio para que las familias puedan hablar en confianza sobre los mismos.<\/p>\n<p><strong>NUESTRO EQUIPO<\/strong><\/p>\n<p>Somos un equipo de so\u00f1adores, educadores, psic\u00f3logos y artistas que damos luz a historias en muchos formatos y experiencias. Pero nuestros colaboradores m\u00e1s importantes siempre ser\u00e1n los m\u00e1s peque\u00f1os. Su creatividad, honestidad y punto de vista moldean todo lo que creamos.<\/p>\n\t\t\t\t\t\t\t\t\t\t\t\t\t\t\t\t\t\t\t\t\t\t<\/div>\n\t\t\t<\/div>\n\t\t<\/article>\n\t\n\n<section class=\"container team-block\">\r\n\t<div class=\"lg:px-52.5\">\r\n\t\t\t\t\t<h2 class=\"uppercase text-4xl mb-10 lg:text-[1.9285714286em]\/[1.1851851852] lg:mb-21\">Conoce al equipo<\/h2>\r\n\t\t\t\t\r\n\t\t\t\t\t<div class=\"grid grid-cols-2 gap-x-6.25 gap-y-13.75 mb-20 md:grid-cols-3 lg:grid-cols-4 lg:mb-42 lg:-mx-50.5 xl:grid-cols-6 2xl:grid-cols-7\">\r\n\t\t\t\t\t\t\t\t\t<figure class=\"flex flex-col gap-y-3.25 items-center text-center\">\n\t\t\t\t\n\t\t<img decoding=\"async\" src=\"https:\/\/twistedtales.tv\/wp-content\/uploads\/2025\/07\/img-team-1.webp\" alt=\"Sara Bo\u017eani\u0107\" loading=\"lazy\" class=\"lazyload aspect-square h-auto w-34.25 max-w-full rounded-full object-cover\">\n\t\t<figcaption>\n\t\t<strong class=\"block text-[0.7714285714em]\/tight\">Sara <br>Bo\u017eani\u0107<\/strong>\n\t\t\t\t\t<em class=\"block italic text-[0.6428571429em]\/normal -mt-[0.1666666667em]\"> Eslovenia<\/em>\n\t\t\t\t\n\t<\/figcaption>\n<\/figure>\n\t\t\t\t\r\n\t\t\t\t\t\t\t\t\t<figure class=\"flex flex-col gap-y-3.25 items-center text-center\">\n\t\t\t\t\n\t\t<img decoding=\"async\" src=\"https:\/\/twistedtales.tv\/wp-content\/uploads\/2025\/07\/img-team-2-2.webp\" alt=\"Miljana Dragi\u010devi\u0107\" loading=\"lazy\" class=\"lazyload aspect-square h-auto w-34.25 max-w-full rounded-full object-cover\">\n\t\t<figcaption>\n\t\t<strong class=\"block text-[0.7714285714em]\/tight\">Miljana <br>Dragi\u010devi\u0107<\/strong>\n\t\t\t\t\t<em class=\"block italic text-[0.6428571429em]\/normal -mt-[0.1666666667em]\">Croacia<\/em>\n\t\t\t\t\n\t<\/figcaption>\n<\/figure>\n\t\t\t\t\r\n\t\t\t\t\t\t\t\t\t<figure class=\"flex flex-col gap-y-3.25 items-center text-center\">\n\t\t\t\t\n\t\t<img decoding=\"async\" src=\"https:\/\/twistedtales.tv\/wp-content\/uploads\/2025\/07\/img-team-3.webp\" alt=\"Mateja Filipovi\u0107-Sandalj\" loading=\"lazy\" class=\"lazyload aspect-square h-auto w-34.25 max-w-full rounded-full object-cover\">\n\t\t<figcaption>\n\t\t<strong class=\"block text-[0.7714285714em]\/tight\">Mateja <br>Filipovi\u0107-Sandalj<\/strong>\n\t\t\t\t\t<em class=\"block italic text-[0.6428571429em]\/normal -mt-[0.1666666667em]\">Croacia<\/em>\n\t\t\t\t\n\t<\/figcaption>\n<\/figure>\n\t\t\t\t\r\n\t\t\t\t\t\t\t\t\t<figure class=\"flex flex-col gap-y-3.25 items-center text-center\">\n\t\t\t\t\n\t\t<img decoding=\"async\" src=\"https:\/\/twistedtales.tv\/wp-content\/uploads\/2025\/07\/img-team-4.webp\" alt=\"Robert Ferencek\" loading=\"lazy\" class=\"lazyload aspect-square h-auto w-34.25 max-w-full rounded-full object-cover\">\n\t\t<figcaption>\n\t\t<strong class=\"block text-[0.7714285714em]\/tight\">Robert <br>Ferencek<\/strong>\n\t\t\t\t\t<em class=\"block italic text-[0.6428571429em]\/normal -mt-[0.1666666667em]\">Eslovenia <\/em>\n\t\t\t\t\n\t<\/figcaption>\n<\/figure>\n\t\t\t\t\r\n\t\t\t\t\t\t\t\t\t<figure class=\"flex flex-col gap-y-3.25 items-center text-center\">\n\t\t\t\t\n\t\t<img decoding=\"async\" src=\"https:\/\/twistedtales.tv\/wp-content\/uploads\/2025\/07\/img-team-5.webp\" alt=\"Oleg Morovi\u0107\" loading=\"lazy\" class=\"lazyload aspect-square h-auto w-34.25 max-w-full rounded-full object-cover\">\n\t\t<figcaption>\n\t\t<strong class=\"block text-[0.7714285714em]\/tight\">Oleg <br>Morovi\u0107<\/strong>\n\t\t\t\t\t<em class=\"block italic text-[0.6428571429em]\/normal -mt-[0.1666666667em]\">Croacia<\/em>\n\t\t\t\t\n\t<\/figcaption>\n<\/figure>\n\t\t\t\t\r\n\t\t\t\t\t\t\t\t\t<figure class=\"flex flex-col gap-y-3.25 items-center text-center\">\n\t\t\t\t\n\t\t<img decoding=\"async\" src=\"https:\/\/twistedtales.tv\/wp-content\/uploads\/2025\/07\/img-team-6.webp\" alt=\"Matej Kon\u010dan\" loading=\"lazy\" class=\"lazyload aspect-square h-auto w-34.25 max-w-full rounded-full object-cover\">\n\t\t<figcaption>\n\t\t<strong class=\"block text-[0.7714285714em]\/tight\">Matej <br>Kon\u010dan<\/strong>\n\t\t\t\t\t<em class=\"block italic text-[0.6428571429em]\/normal -mt-[0.1666666667em]\">Eslovenia <\/em>\n\t\t\t\t\n\t<\/figcaption>\n<\/figure>\n\t\t\t\t\r\n\t\t\t\t\t\t\t\t\t<figure class=\"flex flex-col gap-y-3.25 items-center text-center\">\n\t\t\t\t\n\t\t<img decoding=\"async\" src=\"https:\/\/twistedtales.tv\/wp-content\/uploads\/2025\/07\/img-team-7.webp\" alt=\"Luis Mata Almeida\" loading=\"lazy\" class=\"lazyload aspect-square h-auto w-34.25 max-w-full rounded-full object-cover\">\n\t\t<figcaption>\n\t\t<strong class=\"block text-[0.7714285714em]\/tight\">Luis <br>Mata Almeida<\/strong>\n\t\t\t\t\t<em class=\"block italic text-[0.6428571429em]\/normal -mt-[0.1666666667em]\">Portugal<\/em>\n\t\t\t\t\n\t<\/figcaption>\n<\/figure>\n\t\t\t\t\r\n\t\t\t\t\t\t\t\t\t<figure class=\"flex flex-col gap-y-3.25 items-center text-center\">\n\t\t\t\t\n\t\t<img decoding=\"async\" src=\"https:\/\/twistedtales.tv\/wp-content\/uploads\/2025\/07\/img-team-8.webp\" alt=\"Bojana Pavi\u0107\" loading=\"lazy\" class=\"lazyload aspect-square h-auto w-34.25 max-w-full rounded-full object-cover\">\n\t\t<figcaption>\n\t\t<strong class=\"block text-[0.7714285714em]\/tight\">Bojana <br>Pavi\u0107<\/strong>\n\t\t\t\t\t<em class=\"block italic text-[0.6428571429em]\/normal -mt-[0.1666666667em]\">Bosnia y Herzegovina<\/em>\n\t\t\t\t\n\t<\/figcaption>\n<\/figure>\n\t\t\t\t\r\n\t\t\t\t\t\t\t\t\t<figure class=\"flex flex-col gap-y-3.25 items-center text-center\">\n\t\t\t\t\n\t\t<img decoding=\"async\" src=\"https:\/\/twistedtales.tv\/wp-content\/uploads\/2025\/07\/img-team-9.webp\" alt=\"Mladen Djuki\u0107\" loading=\"lazy\" class=\"lazyload aspect-square h-auto w-34.25 max-w-full rounded-full object-cover\">\n\t\t<figcaption>\n\t\t<strong class=\"block text-[0.7714285714em]\/tight\">Mladen <br>Djuki\u0107<\/strong>\n\t\t\t\t\t<em class=\"block italic text-[0.6428571429em]\/normal -mt-[0.1666666667em]\">Bosnia y Herzegovina<\/em>\n\t\t\t\t\n\t<\/figcaption>\n<\/figure>\n\t\t\t\t\r\n\t\t\t\t\t\t\t\t\t<figure class=\"flex flex-col gap-y-3.25 items-center text-center\">\n\t\t\t\t\n\t\t<img decoding=\"async\" src=\"https:\/\/twistedtales.tv\/wp-content\/uploads\/2025\/07\/img-team-10.webp\" alt=\"Marko Pejovi\u0107\" loading=\"lazy\" class=\"lazyload aspect-square h-auto w-34.25 max-w-full rounded-full object-cover\">\n\t\t<figcaption>\n\t\t<strong class=\"block text-[0.7714285714em]\/tight\">Marko <br>Pejovi\u0107<\/strong>\n\t\t\t\t\t<em class=\"block italic text-[0.6428571429em]\/normal -mt-[0.1666666667em]\">Serbia<\/em>\n\t\t\t\t\n\t<\/figcaption>\n<\/figure>\n\t\t\t\t\r\n\t\t\t\t\t\t\t\t\t<figure class=\"flex flex-col gap-y-3.25 items-center text-center\">\n\t\t\t\t\n\t\t<img decoding=\"async\" src=\"https:\/\/twistedtales.tv\/wp-content\/uploads\/2025\/07\/img-team-11.webp\" alt=\"Marie-France Blais\" loading=\"lazy\" class=\"lazyload aspect-square h-auto w-34.25 max-w-full rounded-full object-cover\">\n\t\t<figcaption>\n\t\t<strong class=\"block text-[0.7714285714em]\/tight\">Marie-France <br>Blais<\/strong>\n\t\t\t\t\t<em class=\"block italic text-[0.6428571429em]\/normal -mt-[0.1666666667em]\">Malezia<\/em>\n\t\t\t\t\n\t<\/figcaption>\n<\/figure>\n\t\t\t\t\r\n\t\t\t\t\t\t\t\t\t<figure class=\"flex flex-col gap-y-3.25 items-center text-center\">\n\t\t\t\t\n\t\t<img decoding=\"async\" src=\"https:\/\/twistedtales.tv\/wp-content\/uploads\/2025\/07\/img-team-12.webp\" alt=\"Ana Mati\u0107\" loading=\"lazy\" class=\"lazyload aspect-square h-auto w-34.25 max-w-full rounded-full object-cover\">\n\t\t<figcaption>\n\t\t<strong class=\"block text-[0.7714285714em]\/tight\">Ana <br>Mati\u0107<\/strong>\n\t\t\t\t\t<em class=\"block italic text-[0.6428571429em]\/normal -mt-[0.1666666667em]\">Montenegro<\/em>\n\t\t\t\t\n\t<\/figcaption>\n<\/figure>\n\t\t\t\t\r\n\t\t\t\t\t\t\t\t\t<figure class=\"flex flex-col gap-y-3.25 items-center text-center\">\n\t\t\t\t\n\t\t<img decoding=\"async\" src=\"https:\/\/twistedtales.tv\/wp-content\/uploads\/2025\/07\/img-team-13.webp\" alt=\"Robert Aleksi\u0107\" loading=\"lazy\" class=\"lazyload aspect-square h-auto w-34.25 max-w-full rounded-full object-cover\">\n\t\t<figcaption>\n\t\t<strong class=\"block text-[0.7714285714em]\/tight\">Robert <br>Aleksi\u0107<\/strong>\n\t\t\t\t\t<em class=\"block italic text-[0.6428571429em]\/normal -mt-[0.1666666667em]\">Montenegro<\/em>\n\t\t\t\t\n\t<\/figcaption>\n<\/figure>\n\t\t\t\t\r\n\t\t\t\t\t\t\t\t\t<figure class=\"flex flex-col gap-y-3.25 items-center text-center\">\n\t\t\t\t\n\t\t<img decoding=\"async\" src=\"https:\/\/twistedtales.tv\/wp-content\/uploads\/2025\/07\/img-team-7.webp\" alt=\"Kalina Maleska\" loading=\"lazy\" class=\"lazyload aspect-square h-auto w-34.25 max-w-full rounded-full object-cover\">\n\t\t<figcaption>\n\t\t<strong class=\"block text-[0.7714285714em]\/tight\">Kalina <br>Maleska<\/strong>\n\t\t\t\t\t<em class=\"block italic text-[0.6428571429em]\/normal -mt-[0.1666666667em]\">Macedonia<\/em>\n\t\t\t\t\n\t<\/figcaption>\n<\/figure>\n\t\t\t\t\r\n\t\t\t\t\t\t\t\t\t<figure class=\"flex flex-col gap-y-3.25 items-center text-center\">\n\t\t\t\t\n\t\t<img decoding=\"async\" src=\"https:\/\/twistedtales.tv\/wp-content\/uploads\/2025\/07\/img-team-8-1.webp\" alt=\"Alessandra Schmidt\" loading=\"lazy\" class=\"lazyload aspect-square h-auto w-34.25 max-w-full rounded-full object-cover\">\n\t\t<figcaption>\n\t\t<strong class=\"block text-[0.7714285714em]\/tight\">Alessandra <br>Schmidt<\/strong>\n\t\t\t\t\t<em class=\"block italic text-[0.6428571429em]\/normal -mt-[0.1666666667em]\">Spain<\/em>\n\t\t\t\t\n\t<\/figcaption>\n<\/figure>\n\t\t\t\t\r\n\t\t\t\t\t\t\t\t\t<figure class=\"flex flex-col gap-y-3.25 items-center text-center\">\n\t\t\t\t\n\t\t<img decoding=\"async\" src=\"https:\/\/twistedtales.tv\/wp-content\/uploads\/2025\/07\/img-team-6.webp\" alt=\"Guillem Camprodon\" loading=\"lazy\" class=\"lazyload aspect-square h-auto w-34.25 max-w-full rounded-full object-cover\">\n\t\t<figcaption>\n\t\t<strong class=\"block text-[0.7714285714em]\/tight\">Guillem <br>Camprodon<\/strong>\n\t\t\t\t\t<em class=\"block italic text-[0.6428571429em]\/normal -mt-[0.1666666667em]\">Espa\u00f1a<\/em>\n\t\t\t\t\n\t<\/figcaption>\n<\/figure>\n\t\t\t\t\r\n\t\t\t\t\t\t\t\t\t<figure class=\"flex flex-col gap-y-3.25 items-center text-center\">\n\t\t\t\t\n\t\t<img decoding=\"async\" src=\"https:\/\/twistedtales.tv\/wp-content\/uploads\/2025\/07\/img-team-10.webp\" alt=\"Sally Bourdon\" loading=\"lazy\" class=\"lazyload aspect-square h-auto w-34.25 max-w-full rounded-full object-cover\">\n\t\t<figcaption>\n\t\t<strong class=\"block text-[0.7714285714em]\/tight\">Sally <br>Bourdon<\/strong>\n\t\t\t\t\t<em class=\"block italic text-[0.6428571429em]\/normal -mt-[0.1666666667em]\">Espa\u00f1a<\/em>\n\t\t\t\t\n\t<\/figcaption>\n<\/figure>\n\t\t\t\t\r\n\t\t\t\t\t\t\t\t\t<figure class=\"flex flex-col gap-y-3.25 items-center text-center\">\n\t\t\t\t\n\t\t<img decoding=\"async\" src=\"https:\/\/twistedtales.tv\/wp-content\/uploads\/2025\/07\/img-team-5-1.webp\" alt=\"Andreja Lapuh\" loading=\"lazy\" class=\"lazyload aspect-square h-auto w-34.25 max-w-full rounded-full object-cover\">\n\t\t<figcaption>\n\t\t<strong class=\"block text-[0.7714285714em]\/tight\">Andreja <br>Lapuh<\/strong>\n\t\t\t\t\t<em class=\"block italic text-[0.6428571429em]\/normal -mt-[0.1666666667em]\">Eslovenia<\/em>\n\t\t\t\t\n\t<\/figcaption>\n<\/figure>\n\t\t\t\t\r\n\t\t\t\t\t\t\t\t\t<figure class=\"flex flex-col gap-y-3.25 items-center text-center\">\n\t\t\t\t\n\t\t<img decoding=\"async\" src=\"https:\/\/twistedtales.tv\/wp-content\/uploads\/2025\/07\/img-team-3.webp\" alt=\"Suzana Krsti\u0107\" loading=\"lazy\" class=\"lazyload aspect-square h-auto w-34.25 max-w-full rounded-full object-cover\">\n\t\t<figcaption>\n\t\t<strong class=\"block text-[0.7714285714em]\/tight\">Suzana <br>Krsti\u0107<\/strong>\n\t\t\t\t\t<em class=\"block italic text-[0.6428571429em]\/normal -mt-[0.1666666667em]\">Serbia<\/em>\n\t\t\t\t\n\t<\/figcaption>\n<\/figure>\n\t\t\t\t\r\n\t\t\t\t\t\t\t\t\t<figure class=\"flex flex-col gap-y-3.25 items-center text-center\">\n\t\t\t\t\n\t\t<img decoding=\"async\" src=\"https:\/\/twistedtales.tv\/wp-content\/uploads\/2025\/07\/img-team-1.webp\" alt=\"Milica Ponjavi\u0107\" loading=\"lazy\" class=\"lazyload aspect-square h-auto w-34.25 max-w-full rounded-full object-cover\">\n\t\t<figcaption>\n\t\t<strong class=\"block text-[0.7714285714em]\/tight\">Milica <br>Ponjavi\u0107<\/strong>\n\t\t\t\t\t<em class=\"block italic text-[0.6428571429em]\/normal -mt-[0.1666666667em]\">Serbia<\/em>\n\t\t\t\t\n\t<\/figcaption>\n<\/figure>\n\t\t\t\t\r\n\t\t\t\t\t\t\t\t\t\t\t<\/div>\r\n\t\t\t<\/div>\r\n<\/section>\r\n\n\n\t\t\t\t<article\n\t\t\tclass=\"container about-article mb-10.75\">\n\t\t\t\t\t\t<div class=\"lg:grid lg:grid-cols-6 lg:gap-6.25\">\n\t\t\t\t<div class=\"space-y-5 lg:space-y-6.25 lg:col-span-4 lg:col-start-2\">\n\t\t\t\t\t\t\t\t\t\t\t<h1>\u00bfNos acompa\u00f1as?<\/h1>\n\t\t\t\t\t\t\t\t\t\t\t\t\t\t\t\t\t\t\t\t\t\t\t\t\t\t\t\t\t\t\t\t\t\t\t\t\t<p><span style=\"font-weight: 400;\">Tanto si eres padre, madre o tutor; educador, o sencillamente un amante de los cuentos, te invitamos a explorar nuestros cuentos recontados. Disfruta de un cuento escuchado o de una obra teatral en familia, organiza un taller en tu comunidad o ay\u00fadanos a elaborar nuestro pr\u00f3ximo cuento\u00a0<\/span><\/p>\n\t\t\t\t\t\t\t\t\t\t\t\t\t\t\t\t\t\t\t\t\t\t<\/div>\n\t\t\t<\/div>\n\t\t<\/article>\n\t","protected":false},"excerpt":{"rendered":"","protected":false},"author":2,"featured_media":0,"parent":0,"menu_order":0,"comment_status":"closed","ping_status":"closed","template":"","meta":{"_acf_changed":false,"footnotes":""},"class_list":["post-1205","page","type-page","status-publish","hentry"],"acf":[],"_links":{"self":[{"href":"https:\/\/twistedtales.tv\/es\/wp-json\/wp\/v2\/pages\/1205","targetHints":{"allow":["GET"]}}],"collection":[{"href":"https:\/\/twistedtales.tv\/es\/wp-json\/wp\/v2\/pages"}],"about":[{"href":"https:\/\/twistedtales.tv\/es\/wp-json\/wp\/v2\/types\/page"}],"author":[{"embeddable":true,"href":"https:\/\/twistedtales.tv\/es\/wp-json\/wp\/v2\/users\/2"}],"replies":[{"embeddable":true,"href":"https:\/\/twistedtales.tv\/es\/wp-json\/wp\/v2\/comments?post=1205"}],"version-history":[{"count":6,"href":"https:\/\/twistedtales.tv\/es\/wp-json\/wp\/v2\/pages\/1205\/revisions"}],"predecessor-version":[{"id":3125,"href":"https:\/\/twistedtales.tv\/es\/wp-json\/wp\/v2\/pages\/1205\/revisions\/3125"}],"wp:attachment":[{"href":"https:\/\/twistedtales.tv\/es\/wp-json\/wp\/v2\/media?parent=1205"}],"curies":[{"name":"wp","href":"https:\/\/api.w.org\/{rel}","templated":true}]}}