{"id":2173,"date":"2025-09-24T19:04:35","date_gmt":"2025-09-24T17:04:35","guid":{"rendered":"https:\/\/twistedtales.tv\/donate\/"},"modified":"2026-02-09T13:21:00","modified_gmt":"2026-02-09T12:21:00","slug":"spenden","status":"publish","type":"page","link":"https:\/\/twistedtales.tv\/de\/spenden\/","title":{"rendered":"Spenden"},"content":{"rendered":"\t\t\t\t<article\n\t\t\tclass=\"container about-article mb-10.75\">\n\t\t\t\t\t\t\t<header class=\"border-t-2 italic text-[40px] pt-1 mb-8 md:mb-12.5 md:border-t-[3px] md:text-[50px] lg:text-[40px]\">\n\t\t\t\t\t<strong class=\"font-semibold\">Spenden<\/strong>\n\t\t\t\t<\/header>\n\t\t\t\t\t\t<div class=\"lg:grid lg:grid-cols-6 lg:gap-6.25\">\n\t\t\t\t<div class=\"space-y-5 lg:space-y-6.25 lg:col-span-4 lg:col-start-2\">\n\t\t\t\t\t\t\t\t\t\t\t<h1>Spenden<\/h1>\n\t\t\t\t\t\t\t\t\t\t\t\t\t\t\t\t\t\t\t\t\t\t\t\t\t\t\t\t\t\t\t\t\t\t\t\t\t<p style=\"padding-left: 40px;\"><strong>Helfen Sie uns, Twisted Tales noch mehr Kindern auf der ganzen Welt zug\u00e4nglich zu machen!<br \/>\n<\/strong><\/p>\n<p><span style=\"font-weight: 400;\">Mit Ihrer Unterst\u00fctzung schaffen wir integrative, fantasievolle und inspirierende Geschichten in B\u00fcchern, Theaterst\u00fccken, Animationsfilmen und Workshops.<\/span><\/p>\n<p style=\"padding-left: 40px;\"><strong>Jeder Beitrag z\u00e4hlt!<\/strong><\/p>\n<p><span style=\"font-weight: 400;\">Mit gro\u00dfen und kleinen Spenden k\u00f6nnen wir sicherstellen, dass Twisted Tales TV sich weiterentwickelt. Ihre Unterst\u00fctzung hilft uns, neue Geschichten und p\u00e4dagogische Workshops zu finanzieren, barrierefreie Theaterauff\u00fchrungen zu entwickeln und unsere Audio-, AR- und Transmedia-Erlebnisse zu erweitern.<\/span><\/p>\n<p><strong>SO SPENDEN SIE<\/strong><\/p>\n<p><span style=\"font-weight: 400;\">\u2192 Einmalige oder wiederkehrende Spenden<br \/>\n<\/span><span style=\"font-weight: 400;\">\u2192 Sponsoring durch Unternehmen oder Institutionen<br \/>\n<\/span><span style=\"font-weight: 400;\">\u2192 Sachspenden und Kollaborationen<\/span><\/p>\n<p style=\"padding-left: 40px;\"><strong>Wecken wir Kreativit\u00e4t, Empathie und Mut in der n\u00e4chsten Generation.<br \/>\n<\/strong><\/p>\n<p><span style=\"font-weight: 400;\">Klicken Sie auf das Herz unten, um eine einmalige Spende zu t\u00e4tigen.<\/span><\/p>\n<p><a href=\"https:\/\/www.paypal.com\/donate\/?hosted_button_id=MCL2D35C7WWG6\"><img loading=\"lazy\" decoding=\"async\" class=\"alignnone wp-image-992\" src=\"https:\/\/twistedtales.tv\/wp-content\/uploads\/2025\/09\/src.png\" alt=\"\" width=\"78\" height=\"100\" \/><\/a><\/p>\n\t\t\t\t\t\t\t\t\t\t\t\t\t\t\t\t\t\t\t\t\t\t<\/div>\n\t\t\t<\/div>\n\t\t<\/article>\n\t","protected":false},"excerpt":{"rendered":"","protected":false},"author":2,"featured_media":0,"parent":0,"menu_order":0,"comment_status":"closed","ping_status":"closed","template":"","meta":{"_acf_changed":false,"footnotes":""},"class_list":["post-2173","page","type-page","status-publish","hentry"],"acf":[],"_links":{"self":[{"href":"https:\/\/twistedtales.tv\/de\/wp-json\/wp\/v2\/pages\/2173","targetHints":{"allow":["GET"]}}],"collection":[{"href":"https:\/\/twistedtales.tv\/de\/wp-json\/wp\/v2\/pages"}],"about":[{"href":"https:\/\/twistedtales.tv\/de\/wp-json\/wp\/v2\/types\/page"}],"author":[{"embeddable":true,"href":"https:\/\/twistedtales.tv\/de\/wp-json\/wp\/v2\/users\/2"}],"replies":[{"embeddable":true,"href":"https:\/\/twistedtales.tv\/de\/wp-json\/wp\/v2\/comments?post=2173"}],"version-history":[{"count":2,"href":"https:\/\/twistedtales.tv\/de\/wp-json\/wp\/v2\/pages\/2173\/revisions"}],"predecessor-version":[{"id":3134,"href":"https:\/\/twistedtales.tv\/de\/wp-json\/wp\/v2\/pages\/2173\/revisions\/3134"}],"wp:attachment":[{"href":"https:\/\/twistedtales.tv\/de\/wp-json\/wp\/v2\/media?parent=2173"}],"curies":[{"name":"wp","href":"https:\/\/api.w.org\/{rel}","templated":true}]}}