{"id":2169,"date":"2025-09-24T19:03:59","date_gmt":"2025-09-24T17:03:59","guid":{"rendered":"https:\/\/twistedtales.tv\/cookie-policy\/"},"modified":"2026-02-09T13:09:56","modified_gmt":"2026-02-09T12:09:56","slug":"cookie-richtlinie","status":"publish","type":"page","link":"https:\/\/twistedtales.tv\/de\/cookie-richtlinie\/","title":{"rendered":"Cookie-richtlinie"},"content":{"rendered":"\t\t\t\t<article\n\t\t\tclass=\"container about-article mb-10.75\">\n\t\t\t\t\t\t\t<header class=\"border-t-2 italic text-[40px] pt-1 mb-8 md:mb-12.5 md:border-t-[3px] md:text-[50px] lg:text-[40px]\">\n\t\t\t\t\t<strong class=\"font-semibold\">Cookie-Richtlinie<\/strong>\n\t\t\t\t<\/header>\n\t\t\t\t\t\t<div class=\"lg:grid lg:grid-cols-6 lg:gap-6.25\">\n\t\t\t\t<div class=\"space-y-5 lg:space-y-6.25 lg:col-span-4 lg:col-start-2\">\n\t\t\t\t\t\t\t\t\t\t\t<h1>Cookie-Richtlinie<\/h1>\n\t\t\t\t\t\t\t\t\t\t\t\t\t\t\t\t\t\t\t\t\t\t\t\t\t\t\t\t\t\t\t\t\t\t\t\t\t<p><strong>WAS SIND COOKIES?<br \/>\n<\/strong><span style=\"font-weight: 400;\">Cookies sind kleine Textdateien, die beim Besuch einer Website auf Ihrem Ger\u00e4t gespeichert werden. Sie helfen der Website, sich Ihre Pr\u00e4ferenzen zu merken, die Funktionalit\u00e4t zu verbessern und ein besseres, effizienteres Surferlebnis zu bieten.<\/span><\/p>\n<p><strong>WIE WIR COOKIES VERWENDEN<br \/>\n<\/strong><span style=\"font-weight: 400;\">Unsere Website verwendet Cookies zu folgenden Zwecken:<\/span><\/p>\n<p><span style=\"font-weight: 400;\">\u2192 Unbedingt erforderliche Cookies: Diese sind f\u00fcr das ordnungsgem\u00e4\u00dfe Funktionieren der Website erforderlich (Navigation, Formulare, Sitzungen). Diese Cookies verfallen am Ende Ihres Besuchs. Beispiel: <strong>ASP.NET_SessionId.<\/strong><br \/>\n<\/span><span style=\"font-weight: 400;\">\u2192 Analyse-Cookies: Analyse-Cookies helfen uns zu verstehen, wie Besucher*innen mit unserer Website interagieren, und um die Nutzererfahrung zu verbessern. Es werden keine personenbezogenen Daten erfasst. Beispiel:<strong> _ga.<\/strong><br \/>\n<\/span><span style=\"font-weight: 400;\">\u2192 Cookies f\u00fcr eingebettete Videos: Wenn Sie Videos von unserem offiziellen YouTube-Kanal abspielen, k\u00f6nnen Cookies gesetzt werden, um Ihr Seherlebnis zu verbessern. Zum Schutz Ihrer Daten wird der datenschutzoptimierte Modus von YouTube verwendet.<br \/>\n<\/span><span style=\"font-weight: 400;\">\u2192 Cookies f\u00fcr soziale Medien: Facebook- und Instagram-Cookies k\u00f6nnen verwendet werden, um Ihre Interaktion mit eingebetteten Inhalten zu personalisieren.<br \/>\n<\/span><span style=\"font-weight: 400;\">\u2192 Cookies f\u00fcr mobile Apps: Wenn Sie \u00fcber die Website auf App-Funktionen zugreifen, k\u00f6nnen Cookies Ihre Einstellungen speichern und die Funktionalit\u00e4t verbessern.<\/span><\/p>\n<p><strong>VERWALTUNG VON COOKIES<br \/>\n<\/strong><span style=\"font-weight: 400;\">Cookies werden nicht verwendet, um Informationen \u00fcber Ihre pers\u00f6nliche Identit\u00e4t zu sammeln. Wenn Sie m\u00f6chten, k\u00f6nnen Sie Cookies \u00fcber Ihre Browsereinstellungen akzeptieren oder ablehnen. Beachten Sie jedoch, dass die Deaktivierung von Cookies einige Funktionen der Website beeintr\u00e4chtigen kann. Eine Anleitung zum Anpassen der Cookie-Einstellungen finden Sie unter <\/span><strong><a class=\"decorated-link\" href=\"http:\/\/www.aboutcookies.org\/\" target=\"_new\" rel=\"noopener\" data-start=\"1502\" data-end=\"1549\">aboutcookies.org \u2192<\/a><\/strong><\/p>\n<p>Weitere Informationen zu Cookies finden Sie in den <strong><a href=\"http:\/\/www.ico.org.uk\/\" target=\"_blank\" rel=\"noreferrer noopener\">Richtlinien des Information Commissioner \u2192<\/a><\/strong><\/p>\n\t\t\t\t\t\t\t\t\t\t\t\t\t\t\t\t\t\t\t\t\t\t<\/div>\n\t\t\t<\/div>\n\t\t<\/article>\n\t\n\n\t<div class=\"lg:grid lg:grid-cols-6 lg:gap-6.25\">\r\n\t\t<figure class=\"lg:col-span-4 lg:col-start-2\">\r\n\t\t\t\t\t\t\t\r\n\t\t\t\t<img decoding=\"async\" src=\"https:\/\/twistedtales.tv\/wp-content\/uploads\/2025\/07\/img-content-section-003.svg\" alt=\"\" class=\"lazyload w-full block\" loading=\"lazy\">\r\n\t\t\t\t\t\t\t\t\t\r\n\t\t<\/figure>\r\n\t<\/div>\r\n","protected":false},"excerpt":{"rendered":"","protected":false},"author":2,"featured_media":0,"parent":0,"menu_order":0,"comment_status":"closed","ping_status":"closed","template":"","meta":{"_acf_changed":false,"footnotes":""},"class_list":["post-2169","page","type-page","status-publish","hentry"],"acf":[],"_links":{"self":[{"href":"https:\/\/twistedtales.tv\/de\/wp-json\/wp\/v2\/pages\/2169","targetHints":{"allow":["GET"]}}],"collection":[{"href":"https:\/\/twistedtales.tv\/de\/wp-json\/wp\/v2\/pages"}],"about":[{"href":"https:\/\/twistedtales.tv\/de\/wp-json\/wp\/v2\/types\/page"}],"author":[{"embeddable":true,"href":"https:\/\/twistedtales.tv\/de\/wp-json\/wp\/v2\/users\/2"}],"replies":[{"embeddable":true,"href":"https:\/\/twistedtales.tv\/de\/wp-json\/wp\/v2\/comments?post=2169"}],"version-history":[{"count":3,"href":"https:\/\/twistedtales.tv\/de\/wp-json\/wp\/v2\/pages\/2169\/revisions"}],"predecessor-version":[{"id":3128,"href":"https:\/\/twistedtales.tv\/de\/wp-json\/wp\/v2\/pages\/2169\/revisions\/3128"}],"wp:attachment":[{"href":"https:\/\/twistedtales.tv\/de\/wp-json\/wp\/v2\/media?parent=2169"}],"curies":[{"name":"wp","href":"https:\/\/api.w.org\/{rel}","templated":true}]}}