{"id":2162,"date":"2025-09-24T19:05:01","date_gmt":"2025-09-24T17:05:01","guid":{"rendered":"https:\/\/twistedtales.tv\/contact\/"},"modified":"2026-02-09T10:54:44","modified_gmt":"2026-02-09T09:54:44","slug":"kontakt","status":"publish","type":"page","link":"https:\/\/twistedtales.tv\/de\/kontakt\/","title":{"rendered":"Kontakt"},"content":{"rendered":"\t\t\t\t<article\n\t\t\tclass=\"container about-article mb-10.75\">\n\t\t\t\t\t\t\t<header class=\"border-t-2 italic text-[40px] pt-1 mb-8 md:mb-12.5 md:border-t-[3px] md:text-[50px] lg:text-[40px]\">\n\t\t\t\t\t<strong class=\"font-semibold\">Kontakt <\/strong>\n\t\t\t\t<\/header>\n\t\t\t\t\t\t<div class=\"lg:grid lg:grid-cols-6 lg:gap-6.25\">\n\t\t\t\t<div class=\"space-y-5 lg:space-y-6.25 lg:col-span-4 lg:col-start-2\">\n\t\t\t\t\t\t\t\t\t\t\t<h1>Kontakt <\/h1>\n\t\t\t\t\t\t\t\t\t\t\t\t\t\t\t\t\t\t\t\t\t\t\t\t\t\t\t\t\t\t\t\t\t\t\t\t\t<p><span style=\"font-weight: 400;\"><strong>Kontakt<\/strong><br \/>\n<\/span><span style=\"font-weight: 400;\">Wir freuen uns, von Euch\/Ihnen zu h\u00f6ren! F\u00fcr Fragen, Ideen, Anfragen zur Zusammenarbeit \u2013 so erreicht man uns: <\/span><\/p>\n<p><strong>E-MAIL<\/strong><br \/>\n<u><a href=\"mailto:twisted@transmedia-design.me\" target=\"_blank\" rel=\"noopener\">twisted@transmedia-design.me \u2192<\/a><\/u><\/p>\n<p><strong>FACEBOOK<\/strong><br \/>\n<u><a href=\"https:\/\/www.facebook.com\/twistedtales.tv\" target=\"_blank\" rel=\"noopener\">twistedtales.tv \u2192<\/a><\/u><\/p>\n<p><strong>INSTAGRAM<\/strong><br \/>\n<u><a href=\"https:\/\/www.instagram.com\/twistedtales.tv\" target=\"_blank\" rel=\"noopener\">twistedtales.tv \u2192<\/a><\/u><\/p>\n<p><span style=\"font-weight: 400;\">Wenn Sie uns unterst\u00fctzen m\u00f6chten, k\u00f6nnen Sie dies auch tun, indem Sie auf das Herz-Symbol unten klicken.<\/span><\/p>\n<p><a href=\"https:\/\/www.paypal.com\/donate\/?hosted_button_id=MCL2D35C7WWG6\"><img loading=\"lazy\" decoding=\"async\" class=\"alignnone wp-image-992\" src=\"https:\/\/twistedtales.tv\/wp-content\/uploads\/2025\/09\/src.png\" alt=\"\" width=\"71\" height=\"91\" \/><\/a><a href=\"https:\/\/www.paypal.com\/donate\/?hosted_button_id=MCL2D35C7WWG6\">\u00a0<\/a><\/p>\n\t\t\t\t\t\t\t\t\t\t\t\t\t\t\t\t\t\t\t\t\t\t<\/div>\n\t\t\t<\/div>\n\t\t<\/article>\n\t","protected":false},"excerpt":{"rendered":"","protected":false},"author":2,"featured_media":0,"parent":0,"menu_order":0,"comment_status":"closed","ping_status":"closed","template":"","meta":{"_acf_changed":false,"footnotes":""},"class_list":["post-2162","page","type-page","status-publish","hentry"],"acf":[],"_links":{"self":[{"href":"https:\/\/twistedtales.tv\/de\/wp-json\/wp\/v2\/pages\/2162","targetHints":{"allow":["GET"]}}],"collection":[{"href":"https:\/\/twistedtales.tv\/de\/wp-json\/wp\/v2\/pages"}],"about":[{"href":"https:\/\/twistedtales.tv\/de\/wp-json\/wp\/v2\/types\/page"}],"author":[{"embeddable":true,"href":"https:\/\/twistedtales.tv\/de\/wp-json\/wp\/v2\/users\/2"}],"replies":[{"embeddable":true,"href":"https:\/\/twistedtales.tv\/de\/wp-json\/wp\/v2\/comments?post=2162"}],"version-history":[{"count":2,"href":"https:\/\/twistedtales.tv\/de\/wp-json\/wp\/v2\/pages\/2162\/revisions"}],"predecessor-version":[{"id":3072,"href":"https:\/\/twistedtales.tv\/de\/wp-json\/wp\/v2\/pages\/2162\/revisions\/3072"}],"wp:attachment":[{"href":"https:\/\/twistedtales.tv\/de\/wp-json\/wp\/v2\/media?parent=2162"}],"curies":[{"name":"wp","href":"https:\/\/api.w.org\/{rel}","templated":true}]}}