{"id":2157,"date":"2025-09-24T19:02:53","date_gmt":"2025-09-24T17:02:53","guid":{"rendered":"https:\/\/twistedtales.tv\/collaborate-with-us\/"},"modified":"2026-01-27T12:30:40","modified_gmt":"2026-01-27T11:30:40","slug":"kooperieren-sie-mit-uns","status":"publish","type":"page","link":"https:\/\/twistedtales.tv\/de\/kooperieren-sie-mit-uns\/","title":{"rendered":"Kooperieren sie mit uns"},"content":{"rendered":"\t\t\t\t<article\n\t\t\tclass=\"container about-article mb-10.75\">\n\t\t\t\t\t\t<div class=\"lg:grid lg:grid-cols-6 lg:gap-6.25\">\n\t\t\t\t<div class=\"space-y-5 lg:space-y-6.25 lg:col-span-4 lg:col-start-2\">\n\t\t\t\t\t\t\t\t\t\t\t<h1>Wir freuen uns \u00fcber Kooperationen<\/h1>\n\t\t\t\t\t\t\t\t\t\t\t\t\t\t\t\t\t\t\t\t\t\t\t\t\t\t\t\t\t\t\t\t\t\t\t\t\t<p><span style=\"font-weight: 400;\">Bei Twisted Tales geht es nicht nur um Geschichten. Es ist ein kleines Universum, das die Art, wie Kinder lernen, denken und wachsen, neu gestalten will. Ob als Schule, Kultureinrichtung, Museum, Eltern oder Medienunternehmen: Es gibt viele M\u00f6glichkeiten, sich uns anzuschlie\u00dfen. <\/span><\/p>\n\t\t\t\t\t\t\t\t\t\t\t\t\t\t\t\t\t\t\t\t\t\t\t\t\t\t\t\t<figure class=\"my-10 lg:mt-17.5 lg:mb-14.5 lg:relative\">\n\t\t\t\t\t\t\t\t\t\t\t\t\t\t\t\t\t\t\t<img decoding=\"async\" src=\"https:\/\/twistedtales.tv\/wp-content\/uploads\/2025\/09\/img-content-section-003-scaled.png\" alt=\"\"\n\t\t\t\t\t\t\t\t\t\t\tloading=\"lazy\" class=\"lazyload rounded-lg block w-full\">\n\t\t\t\t\t\t\t\t\t\t\t\t\t\t\t\t\t\t<figcaption\n\t\t\t\t\t\t\t\t\t\tclass=\"text-[0.5714285714em]\/tight pt-2 xl:pt-0 xl:absolute xl:-top-0.75 xl:-start-52.5 xl:w-50\">\n\t\t\t\t\t\t\t\t\t\t\t\t\t\t\t\t\t\t\t\t\tElemente erstellt von Dalibor Kazija<br \/>\r\nund Kindern in Slowenien<br \/>\r\n\u2192\t\t\t\t\t\t\t\t\t\t\t\t\t\t\t\t\t\t\t<\/figcaption>\n\t\t\t\t\t\t\t\t<\/figure>\n\t\t\t\t\t\t\t\t\t\t\t\t\t\t\t\t\t\t\t\t\t\t\t\t\t\t\t\t<p><strong>F\u00dcR SCHULEN UND P\u00c4DAGOG*INNEN<\/strong><\/p>\n<p><span style=\"font-weight: 400;\">\u2192 Holen Sie sich die Mitgestaltungs-Workshops in die Schule<br \/>\n<\/span><span style=\"font-weight: 400;\">\u2192 Erhalten Sie kostenlosen Zugriff auf Toolkits und Ressourcen rund um das Geschichtenerz\u00e4hlen<br \/>\n<\/span><span style=\"font-weight: 400;\">\u2192 Organisieren Sie eine Theaterauff\u00fchrung oder eine Filmvorf\u00fchrung<\/span><\/p>\n<p><strong>F\u00dcR KULTUREINRICHTUNGEN ODER MUSEEN<\/strong><\/p>\n<p><span style=\"font-weight: 400;\">\u2192 Richten Sie unsere AR-Ausstellungen oder Medienkompetenz-Workshops aus<br \/>\n<\/span><span style=\"font-weight: 400;\">\u2192 Richten Sie eine Filmvorf\u00fchrung oder einen Mitgestaltungs-Workshop aus<br \/>\n<\/span><span style=\"font-weight: 400;\">\u2192 Entwickeln Sie mit uns gemeinsam inklusive Programme f\u00fcr Kinder und Familien<\/span><\/p>\n<p><strong>F\u00dcR ELTERN UND GRUPPEN<\/strong><\/p>\n<p><span style=\"font-weight: 400;\">\u2192<\/span> <span style=\"font-weight: 400;\">Entdecken Sie unsere B\u00fccher, H\u00f6rspiele und unsere App zu Hause<br \/>\n<\/span><span style=\"font-weight: 400;\">\u2192 Organisieren Sie Workshops f\u00fcr kleine Gruppen, Filmvorf\u00fchrungen oder Erz\u00e4hlkreise<br \/>\n<\/span><span style=\"font-weight: 400;\">\u2192 Teilen Sie uns Ihr Feedback mit und werden Sie Teil unseres Mitgestaltungs-Prozesses<\/span><\/p>\n<p><strong>F\u00dcR MEDIEN- UND KREATIVPARTNER<\/strong><\/p>\n<p><span style=\"font-weight: 400;\">\u2192 Verbreiten Sie unsere Filme, B\u00fccher oder Auff\u00fchrungen<br \/>\n<\/span><span style=\"font-weight: 400;\">\u2192<\/span><span style=\"font-weight: 400;\"> A<\/span><span style=\"font-weight: 400;\">rbeiten Sie mit uns an transmedialen Projekten, die Ver\u00e4nderungen bewirken<br \/>\n<\/span><span style=\"font-weight: 400;\">\u2192<\/span> <span style=\"font-weight: 400;\">Helfen Sie uns, mit inklusiven, mutigen Geschichten neue Zielgruppen zu erreichen<\/span><\/p>\n<p><strong>SCHAFFEN WIR ETWAS GEMEINSAM<\/strong><\/p>\n<p><span style=\"font-weight: 400;\">Wir sind st\u00e4ndig auf der Suche nach Partnern, die wie wir daran glauben, dass Geschichten die Welt ver\u00e4ndern k\u00f6nnen<\/span><\/p>\n<p style=\"padding-left: 40px;\"><a href=\"mailto:twisted@transmedia-design.me\"><strong>KONTAKTIEREN SIE UNS \u2192<\/strong><\/a><\/p>\n\t\t\t\t\t\t\t\t\t\t\t\t\t\t\t\t\t\t\t\t\t\t<\/div>\n\t\t\t<\/div>\n\t\t<\/article>\n\t\n\n\t<div class=\"lg:grid lg:grid-cols-6 lg:gap-6.25\">\r\n\t\t<figure class=\"lg:col-span-4 lg:col-start-2\">\r\n\t\t\t\t\t\t\t\r\n\t\t\t\t<img decoding=\"async\" src=\"https:\/\/twistedtales.tv\/wp-content\/uploads\/2025\/07\/img-content-section-003.svg\" alt=\"\" class=\"lazyload w-full block\" loading=\"lazy\">\r\n\t\t\t\t\t\t\t\t\t\r\n\t\t<\/figure>\r\n\t<\/div>\r\n","protected":false},"excerpt":{"rendered":"","protected":false},"author":2,"featured_media":0,"parent":0,"menu_order":0,"comment_status":"closed","ping_status":"closed","template":"","meta":{"_acf_changed":false,"footnotes":""},"class_list":["post-2157","page","type-page","status-publish","hentry"],"acf":[],"_links":{"self":[{"href":"https:\/\/twistedtales.tv\/de\/wp-json\/wp\/v2\/pages\/2157","targetHints":{"allow":["GET"]}}],"collection":[{"href":"https:\/\/twistedtales.tv\/de\/wp-json\/wp\/v2\/pages"}],"about":[{"href":"https:\/\/twistedtales.tv\/de\/wp-json\/wp\/v2\/types\/page"}],"author":[{"embeddable":true,"href":"https:\/\/twistedtales.tv\/de\/wp-json\/wp\/v2\/users\/2"}],"replies":[{"embeddable":true,"href":"https:\/\/twistedtales.tv\/de\/wp-json\/wp\/v2\/comments?post=2157"}],"version-history":[{"count":1,"href":"https:\/\/twistedtales.tv\/de\/wp-json\/wp\/v2\/pages\/2157\/revisions"}],"predecessor-version":[{"id":2537,"href":"https:\/\/twistedtales.tv\/de\/wp-json\/wp\/v2\/pages\/2157\/revisions\/2537"}],"wp:attachment":[{"href":"https:\/\/twistedtales.tv\/de\/wp-json\/wp\/v2\/media?parent=2157"}],"curies":[{"name":"wp","href":"https:\/\/api.w.org\/{rel}","templated":true}]}}