{"id":2149,"date":"2025-07-08T12:29:20","date_gmt":"2025-07-08T10:29:20","guid":{"rendered":"https:\/\/twistedtales.tv\/about\/"},"modified":"2026-02-09T12:54:22","modified_gmt":"2026-02-09T11:54:22","slug":"ueber-uns","status":"publish","type":"page","link":"https:\/\/twistedtales.tv\/de\/ueber-uns\/","title":{"rendered":"\u00dcber Uns"},"content":{"rendered":"\t\t\t\t<article\n\t\t\tclass=\"container about-article mb-10.75\">\n\t\t\t\t\t\t\t<header class=\"border-t-2 italic text-[40px] pt-1 mb-8 md:mb-12.5 md:border-t-[3px] md:text-[50px] lg:text-[40px]\">\n\t\t\t\t\t<strong class=\"font-semibold\">\u00dcber twisted tales<\/strong>\n\t\t\t\t<\/header>\n\t\t\t\t\t\t<div class=\"lg:grid lg:grid-cols-6 lg:gap-6.25\">\n\t\t\t\t<div class=\"space-y-5 lg:space-y-6.25 lg:col-span-4 lg:col-start-2\">\n\t\t\t\t\t\t\t\t\t\t\t<h1>Twisted Tales TV<\/h1>\n\t\t\t\t\t\t\t\t\t\t\t\t\t\t\t\t\t\t\t\t\t\t\t\t\t\t\t\t\t\t\t\t\t\t\t\t\t<p style=\"padding-left: 40px;\"><em><b>\u201c\u201eEs war nicht alles verloren. Es gab noch Hoffnung. F\u00fcr das Werden. F\u00fcr das Leben. Und daf\u00fcr, dass unm\u00f6gliche Tr\u00e4ume wahr werden.\u201c <\/b><span style=\"font-weight: 400;\">&#8211; Aus <\/span><u><a href=\"https:\/\/twistedtales.tv\/de\/geschichten\/meera\/\" target=\"_blank\" rel=\"noopener\"><span style=\"font-weight: 400;\"><i>Meera vom Korallenmeer<\/i><\/span><\/a><\/u><\/em><\/p>\n<p><span style=\"font-weight: 400;\">Wir bei Twisted Tales glauben, dass Geschichten mehr sind als blo\u00df Worte auf Papier. Sie pr\u00e4gen unsere Sicht auf die Welt und inspirieren uns dazu, neue Welten zu erfinden. Aber viele der Geschichten, mit denen wir aufgewachsen sind, passen nicht mehr zum Leben der Kinder von heute. Sie sind voller alter Klischees, \u00fcberholter Lektionen und eng gefasster Vorstellungen davon, wie ein Held auszusehen hat. Das wollen wir \u00e4ndern.\u00a0<\/span><\/p>\n<p><b>Fort mit den staubigen Klischees, her mit den Lektionen \u00fcber Liebe, Mut und Empathie!<\/b><\/p>\n\t\t\t\t\t\t\t\t\t\t\t\t\t\t\t\t\t\t\t\t\t\t\t\t\t\t\t\t<figure class=\"my-10 lg:mt-17.5 lg:mb-14.5 lg:relative\">\n\t\t\t\t\t\t\t\t\t\t\t\t\t\t\t\t\t\t\t<img decoding=\"async\" src=\"https:\/\/twistedtales.tv\/wp-content\/uploads\/2025\/07\/img-about-2.webp\" alt=\"\"\n\t\t\t\t\t\t\t\t\t\t\tloading=\"lazy\" class=\"lazyload rounded-lg block w-full\">\n\t\t\t\t\t\t\t\t\t\t\t\t\t\t\t\t\t\t<figcaption\n\t\t\t\t\t\t\t\t\t\tclass=\"text-[0.5714285714em]\/tight pt-2 xl:pt-0 xl:absolute xl:-top-0.75 xl:-start-52.5 xl:w-50\">\n\t\t\t\t\t\t\t\t\t\t\t\t\t\t\t\t\t\t\t\t\tDie Premiere von Cinda Real<br \/>\r\nmit den Mitwirkenden in Slowenien <br \/>\r\n\u2192\t\t\t\t\t\t\t\t\t\t\t\t\t\t\t\t\t\t\t<\/figcaption>\n\t\t\t\t\t\t\t\t<\/figure>\n\t\t\t\t\t\t\t\t\t\t\t\t\t\t\t\t\t\t\t\t\t\t\t\t\t\t\t\t<p><strong>DAS UNIVERSUM\u00a0<\/strong><\/p>\n<p><span style=\"font-weight: 400;\">Twisted Tales TV ist mehr als eine Geschichtensammlung. Es ist ein ganzes Universum, wo Erz\u00e4hlkunst, Bildung, Spiel und Fantasie zusammenkommen. Die M\u00e4rchen in Form von B\u00fcchern, Theater- und H\u00f6rspielen, Ausstellungen und Workshops animieren Kinder nicht nur zum Zuh\u00f6ren, sondern auch zum Mitmachen, Ausdenken und Gestalten.\u00a0<\/span><\/p>\n<p><strong>DER ANSATZ<\/strong><\/p>\n<p><span style=\"font-weight: 400;\">Im Mittelpunkt von Twisted Tales steht das Geschichtenerz\u00e4hlen und Mitgestalten. Unsere M\u00e4rchen werden von talentierten Autor*innen, Illustrator*innen, P\u00e4dagog*innen und Kindern gestaltet, deren Zeichnungen, Stimmen und Ideen die Figuren und Welten von Twisted Tales inspirieren.\u00a0<\/span><\/p>\n<p><span style=\"font-weight: 400;\">Unsere von Psycholog*innen und P\u00e4dagog*innen entwickelte Methode hat das Ziel, Kinder in ihrem Verst\u00e4ndnis grundlegender menschlicher Werte zu unterst\u00fctzen.\u00a0<\/span><\/p>\n<p style=\"padding-left: 40px;\"><strong><u><a href=\"https:\/\/twistedtales.tv\/de\/categorie\/lernen\/\">Mehr \u00fcber unseren Ansatz \u2192\u00a0<\/a><\/u><\/strong><\/p>\n<p>&nbsp;<\/p>\n\t\t\t\t\t\t\t\t\t\t\t\t\t\t\t\t\t\t\t\t\t\t\t\t\t\t\t\t<figure class=\"my-10 lg:mt-17.5 lg:mb-14.5 lg:relative\">\n\t\t\t\t\t\t\t\t\t\t\t\t\t\t\t\t\t\t\t<img decoding=\"async\" src=\"https:\/\/twistedtales.tv\/wp-content\/uploads\/2025\/09\/img-content-section-003-scaled.png\" alt=\"\"\n\t\t\t\t\t\t\t\t\t\t\tloading=\"lazy\" class=\"lazyload rounded-lg block w-full\">\n\t\t\t\t\t\t\t\t\t\t\t\t\t\t\t\t\t\t<figcaption\n\t\t\t\t\t\t\t\t\t\tclass=\"text-[0.5714285714em]\/tight pt-2 xl:pt-0 xl:absolute xl:-top-0.75 xl:-start-52.5 xl:w-50\">\n\t\t\t\t\t\t\t\t\t\t\t\t\t\t\t\t\t\t\t\t\tDie Elemente wurden von Oleg Morovi\u0107 <br \/>\r\ngemeinsam mit Kindern in Slowenien gestaltet <br \/>\r\n\u2192<br \/>\r\n\t\t\t\t\t\t\t\t\t\t\t\t\t\t\t\t\t\t\t<\/figcaption>\n\t\t\t\t\t\t\t\t<\/figure>\n\t\t\t\t\t\t\t\t\t\t\t\t\t\t\t\t\t\t\t\t\t\t\t\t\t\t\t\t<p><strong>THEMEN<\/strong><\/p>\n<p><span style=\"font-weight: 400;\">Unsere Figuren leben zwar in M\u00e4rchenwelten, ihre Probleme sind jedoch durchaus real. In den M\u00e4rchen geht es um Themen, die Kindern auch im wahren Leben begegnen: Zugeh\u00f6rigkeit, Identit\u00e4t, Differenz, Freundschaft, Verlust und Hoffnung. Indem wir diese Themen in unseren Geschichten thematisieren, geben wir Kindern die M\u00f6glichkeit, sich selbst darin wiederzufinden, und schaffen R\u00e4ume, in denen Familien wichtige Gespr\u00e4che f\u00fchren k\u00f6nnen.\u00a0<\/span><\/p>\n<p><strong>TEAM<\/strong><\/p>\n<p><span style=\"font-weight: 400;\">Wir sind ein Team von Tr\u00e4umer*innen, P\u00e4dagog*innen, Psycholog*innen und K\u00fcnstler*innen, die Geschichten in allen Formaten und Erlebnisformen zum Leben erwecken. Unsere wichtigsten Mitwirkenden sind jedoch immer die Kinder. Ihre Kreativit\u00e4t, ihre Ehrlichkeit und ihre Perspektiven leiten unser gesamtes Schaffen.\u00a0<\/span><\/p>\n<p>&nbsp;<\/p>\n\t\t\t\t\t\t\t\t\t\t\t\t\t\t\t\t\t\t\t\t\t\t<\/div>\n\t\t\t<\/div>\n\t\t<\/article>\n\t\n\n<section class=\"container team-block\">\r\n\t<div class=\"lg:px-52.5\">\r\n\t\t\t\t\t<h2 class=\"uppercase text-4xl mb-10 lg:text-[1.9285714286em]\/[1.1851851852] lg:mb-21\">Lernt das team kennen<\/h2>\r\n\t\t\t\t\r\n\t\t\t\t\t<div class=\"grid grid-cols-2 gap-x-6.25 gap-y-13.75 mb-20 md:grid-cols-3 lg:grid-cols-4 lg:mb-42 lg:-mx-50.5 xl:grid-cols-6 2xl:grid-cols-7\">\r\n\t\t\t\t\t\t\t\t\t<figure class=\"flex flex-col gap-y-3.25 items-center text-center\">\n\t\t\t\t\n\t\t<img decoding=\"async\" src=\"https:\/\/twistedtales.tv\/wp-content\/uploads\/2025\/07\/img-team-1.webp\" alt=\"Sara Bo\u017eani\u0107\" loading=\"lazy\" class=\"lazyload aspect-square h-auto w-34.25 max-w-full rounded-full object-cover\">\n\t\t<figcaption>\n\t\t<strong class=\"block text-[0.7714285714em]\/tight\">Sara <br>Bo\u017eani\u0107<\/strong>\n\t\t\t\t\t<em class=\"block italic text-[0.6428571429em]\/normal -mt-[0.1666666667em]\">Slowenien<\/em>\n\t\t\t\t\n\t<\/figcaption>\n<\/figure>\n\t\t\t\t\r\n\t\t\t\t\t\t\t\t\t<figure class=\"flex flex-col gap-y-3.25 items-center text-center\">\n\t\t\t\t\n\t\t<img decoding=\"async\" src=\"https:\/\/twistedtales.tv\/wp-content\/uploads\/2025\/07\/img-team-2-2.webp\" alt=\"Miljana Dragi\u010devi\u0107\" loading=\"lazy\" class=\"lazyload aspect-square h-auto w-34.25 max-w-full rounded-full object-cover\">\n\t\t<figcaption>\n\t\t<strong class=\"block text-[0.7714285714em]\/tight\">Miljana <br>Dragi\u010devi\u0107<\/strong>\n\t\t\t\t\t<em class=\"block italic text-[0.6428571429em]\/normal -mt-[0.1666666667em]\"> Kroatien<\/em>\n\t\t\t\t\n\t<\/figcaption>\n<\/figure>\n\t\t\t\t\r\n\t\t\t\t\t\t\t\t\t<figure class=\"flex flex-col gap-y-3.25 items-center text-center\">\n\t\t\t\t\n\t\t<img decoding=\"async\" src=\"https:\/\/twistedtales.tv\/wp-content\/uploads\/2025\/07\/img-team-3.webp\" alt=\"Mateja Filipovi\u0107-Sandalj\" loading=\"lazy\" class=\"lazyload aspect-square h-auto w-34.25 max-w-full rounded-full object-cover\">\n\t\t<figcaption>\n\t\t<strong class=\"block text-[0.7714285714em]\/tight\">Mateja <br>Filipovi\u0107-Sandalj<\/strong>\n\t\t\t\t\t<em class=\"block italic text-[0.6428571429em]\/normal -mt-[0.1666666667em]\"> Kroatien<\/em>\n\t\t\t\t\n\t<\/figcaption>\n<\/figure>\n\t\t\t\t\r\n\t\t\t\t\t\t\t\t\t<figure class=\"flex flex-col gap-y-3.25 items-center text-center\">\n\t\t\t\t\n\t\t<img decoding=\"async\" src=\"https:\/\/twistedtales.tv\/wp-content\/uploads\/2025\/07\/img-team-4.webp\" alt=\"Robert Ferencek\" loading=\"lazy\" class=\"lazyload aspect-square h-auto w-34.25 max-w-full rounded-full object-cover\">\n\t\t<figcaption>\n\t\t<strong class=\"block text-[0.7714285714em]\/tight\">Robert <br>Ferencek<\/strong>\n\t\t\t\t\t<em class=\"block italic text-[0.6428571429em]\/normal -mt-[0.1666666667em]\">Slowenien<\/em>\n\t\t\t\t\n\t<\/figcaption>\n<\/figure>\n\t\t\t\t\r\n\t\t\t\t\t\t\t\t\t<figure class=\"flex flex-col gap-y-3.25 items-center text-center\">\n\t\t\t\t\n\t\t<img decoding=\"async\" src=\"https:\/\/twistedtales.tv\/wp-content\/uploads\/2025\/07\/img-team-5.webp\" alt=\"Oleg Morovi\u0107\" loading=\"lazy\" class=\"lazyload aspect-square h-auto w-34.25 max-w-full rounded-full object-cover\">\n\t\t<figcaption>\n\t\t<strong class=\"block text-[0.7714285714em]\/tight\">Oleg <br>Morovi\u0107<\/strong>\n\t\t\t\t\t<em class=\"block italic text-[0.6428571429em]\/normal -mt-[0.1666666667em]\">Kroatien<\/em>\n\t\t\t\t\n\t<\/figcaption>\n<\/figure>\n\t\t\t\t\r\n\t\t\t\t\t\t\t\t\t<figure class=\"flex flex-col gap-y-3.25 items-center text-center\">\n\t\t\t\t\n\t\t<img decoding=\"async\" src=\"https:\/\/twistedtales.tv\/wp-content\/uploads\/2025\/07\/img-team-6.webp\" alt=\"Matej Kon\u010dan\" loading=\"lazy\" class=\"lazyload aspect-square h-auto w-34.25 max-w-full rounded-full object-cover\">\n\t\t<figcaption>\n\t\t<strong class=\"block text-[0.7714285714em]\/tight\">Matej <br>Kon\u010dan<\/strong>\n\t\t\t\t\t<em class=\"block italic text-[0.6428571429em]\/normal -mt-[0.1666666667em]\">Slowenien<\/em>\n\t\t\t\t\n\t<\/figcaption>\n<\/figure>\n\t\t\t\t\r\n\t\t\t\t\t\t\t\t\t<figure class=\"flex flex-col gap-y-3.25 items-center text-center\">\n\t\t\t\t\n\t\t<img decoding=\"async\" src=\"https:\/\/twistedtales.tv\/wp-content\/uploads\/2025\/07\/img-team-7.webp\" alt=\"Luis Mata Almeida\" loading=\"lazy\" class=\"lazyload aspect-square h-auto w-34.25 max-w-full rounded-full object-cover\">\n\t\t<figcaption>\n\t\t<strong class=\"block text-[0.7714285714em]\/tight\">Luis <br>Mata Almeida<\/strong>\n\t\t\t\t\t<em class=\"block italic text-[0.6428571429em]\/normal -mt-[0.1666666667em]\">Portugal<\/em>\n\t\t\t\t\n\t<\/figcaption>\n<\/figure>\n\t\t\t\t\r\n\t\t\t\t\t\t\t\t\t<figure class=\"flex flex-col gap-y-3.25 items-center text-center\">\n\t\t\t\t\n\t\t<img decoding=\"async\" src=\"https:\/\/twistedtales.tv\/wp-content\/uploads\/2025\/07\/img-team-8.webp\" alt=\"Bojana Pavi\u0107\" loading=\"lazy\" class=\"lazyload aspect-square h-auto w-34.25 max-w-full rounded-full object-cover\">\n\t\t<figcaption>\n\t\t<strong class=\"block text-[0.7714285714em]\/tight\">Bojana <br>Pavi\u0107<\/strong>\n\t\t\t\t\t<em class=\"block italic text-[0.6428571429em]\/normal -mt-[0.1666666667em]\">Bosnien und Herzegowina<\/em>\n\t\t\t\t\n\t<\/figcaption>\n<\/figure>\n\t\t\t\t\r\n\t\t\t\t\t\t\t\t\t<figure class=\"flex flex-col gap-y-3.25 items-center text-center\">\n\t\t\t\t\n\t\t<img decoding=\"async\" src=\"https:\/\/twistedtales.tv\/wp-content\/uploads\/2025\/07\/img-team-9.webp\" alt=\"Mladen Djuki\u0107\" loading=\"lazy\" class=\"lazyload aspect-square h-auto w-34.25 max-w-full rounded-full object-cover\">\n\t\t<figcaption>\n\t\t<strong class=\"block text-[0.7714285714em]\/tight\">Mladen <br>Djuki\u0107<\/strong>\n\t\t\t\t\t<em class=\"block italic text-[0.6428571429em]\/normal -mt-[0.1666666667em]\">Bosnien und Herzegowina<\/em>\n\t\t\t\t\n\t<\/figcaption>\n<\/figure>\n\t\t\t\t\r\n\t\t\t\t\t\t\t\t\t<figure class=\"flex flex-col gap-y-3.25 items-center text-center\">\n\t\t\t\t\n\t\t<img decoding=\"async\" src=\"https:\/\/twistedtales.tv\/wp-content\/uploads\/2025\/07\/img-team-10.webp\" alt=\"Marko Pejovi\u0107\" loading=\"lazy\" class=\"lazyload aspect-square h-auto w-34.25 max-w-full rounded-full object-cover\">\n\t\t<figcaption>\n\t\t<strong class=\"block text-[0.7714285714em]\/tight\">Marko <br>Pejovi\u0107<\/strong>\n\t\t\t\t\t<em class=\"block italic text-[0.6428571429em]\/normal -mt-[0.1666666667em]\">Serbien<\/em>\n\t\t\t\t\n\t<\/figcaption>\n<\/figure>\n\t\t\t\t\r\n\t\t\t\t\t\t\t\t\t<figure class=\"flex flex-col gap-y-3.25 items-center text-center\">\n\t\t\t\t\n\t\t<img decoding=\"async\" src=\"https:\/\/twistedtales.tv\/wp-content\/uploads\/2025\/07\/img-team-11.webp\" alt=\"Marie-France Blais\" loading=\"lazy\" class=\"lazyload aspect-square h-auto w-34.25 max-w-full rounded-full object-cover\">\n\t\t<figcaption>\n\t\t<strong class=\"block text-[0.7714285714em]\/tight\">Marie-France <br>Blais<\/strong>\n\t\t\t\t\t<em class=\"block italic text-[0.6428571429em]\/normal -mt-[0.1666666667em]\">Malezia<\/em>\n\t\t\t\t\n\t<\/figcaption>\n<\/figure>\n\t\t\t\t\r\n\t\t\t\t\t\t\t\t\t<figure class=\"flex flex-col gap-y-3.25 items-center text-center\">\n\t\t\t\t\n\t\t<img decoding=\"async\" src=\"https:\/\/twistedtales.tv\/wp-content\/uploads\/2025\/07\/img-team-12.webp\" alt=\"Ana Mati\u0107\" loading=\"lazy\" class=\"lazyload aspect-square h-auto w-34.25 max-w-full rounded-full object-cover\">\n\t\t<figcaption>\n\t\t<strong class=\"block text-[0.7714285714em]\/tight\">Ana <br>Mati\u0107<\/strong>\n\t\t\t\t\t<em class=\"block italic text-[0.6428571429em]\/normal -mt-[0.1666666667em]\">Montenegro<\/em>\n\t\t\t\t\n\t<\/figcaption>\n<\/figure>\n\t\t\t\t\r\n\t\t\t\t\t\t\t\t\t<figure class=\"flex flex-col gap-y-3.25 items-center text-center\">\n\t\t\t\t\n\t\t<img decoding=\"async\" src=\"https:\/\/twistedtales.tv\/wp-content\/uploads\/2025\/07\/img-team-13.webp\" alt=\"Robert Aleksi\u0107\" loading=\"lazy\" class=\"lazyload aspect-square h-auto w-34.25 max-w-full rounded-full object-cover\">\n\t\t<figcaption>\n\t\t<strong class=\"block text-[0.7714285714em]\/tight\">Robert <br>Aleksi\u0107<\/strong>\n\t\t\t\t\t<em class=\"block italic text-[0.6428571429em]\/normal -mt-[0.1666666667em]\">Montenegro<\/em>\n\t\t\t\t\n\t<\/figcaption>\n<\/figure>\n\t\t\t\t\r\n\t\t\t\t\t\t\t\t\t<figure class=\"flex flex-col gap-y-3.25 items-center text-center\">\n\t\t\t\t\n\t\t<img decoding=\"async\" src=\"https:\/\/twistedtales.tv\/wp-content\/uploads\/2025\/07\/img-team-7.webp\" alt=\"Kalina Maleska\" loading=\"lazy\" class=\"lazyload aspect-square h-auto w-34.25 max-w-full rounded-full object-cover\">\n\t\t<figcaption>\n\t\t<strong class=\"block text-[0.7714285714em]\/tight\">Kalina <br>Maleska<\/strong>\n\t\t\t\t\t<em class=\"block italic text-[0.6428571429em]\/normal -mt-[0.1666666667em]\">Mazedonien<\/em>\n\t\t\t\t\n\t<\/figcaption>\n<\/figure>\n\t\t\t\t\r\n\t\t\t\t\t\t\t\t\t<figure class=\"flex flex-col gap-y-3.25 items-center text-center\">\n\t\t\t\t\n\t\t<img decoding=\"async\" src=\"https:\/\/twistedtales.tv\/wp-content\/uploads\/2025\/07\/img-team-8-1.webp\" alt=\"Alessandra Schmidt\" loading=\"lazy\" class=\"lazyload aspect-square h-auto w-34.25 max-w-full rounded-full object-cover\">\n\t\t<figcaption>\n\t\t<strong class=\"block text-[0.7714285714em]\/tight\">Alessandra <br>Schmidt<\/strong>\n\t\t\t\t\t<em class=\"block italic text-[0.6428571429em]\/normal -mt-[0.1666666667em]\">Spanien<\/em>\n\t\t\t\t\n\t<\/figcaption>\n<\/figure>\n\t\t\t\t\r\n\t\t\t\t\t\t\t\t\t<figure class=\"flex flex-col gap-y-3.25 items-center text-center\">\n\t\t\t\t\n\t\t<img decoding=\"async\" src=\"https:\/\/twistedtales.tv\/wp-content\/uploads\/2025\/07\/img-team-6.webp\" alt=\"Guillem Camprodon\" loading=\"lazy\" class=\"lazyload aspect-square h-auto w-34.25 max-w-full rounded-full object-cover\">\n\t\t<figcaption>\n\t\t<strong class=\"block text-[0.7714285714em]\/tight\">Guillem <br>Camprodon<\/strong>\n\t\t\t\t\t<em class=\"block italic text-[0.6428571429em]\/normal -mt-[0.1666666667em]\">Spanien<\/em>\n\t\t\t\t\n\t<\/figcaption>\n<\/figure>\n\t\t\t\t\r\n\t\t\t\t\t\t\t\t\t<figure class=\"flex flex-col gap-y-3.25 items-center text-center\">\n\t\t\t\t\n\t\t<img decoding=\"async\" src=\"https:\/\/twistedtales.tv\/wp-content\/uploads\/2025\/07\/img-team-10.webp\" alt=\"Sally Bourdon\" loading=\"lazy\" class=\"lazyload aspect-square h-auto w-34.25 max-w-full rounded-full object-cover\">\n\t\t<figcaption>\n\t\t<strong class=\"block text-[0.7714285714em]\/tight\">Sally <br>Bourdon<\/strong>\n\t\t\t\t\t<em class=\"block italic text-[0.6428571429em]\/normal -mt-[0.1666666667em]\">Spanien<\/em>\n\t\t\t\t\n\t<\/figcaption>\n<\/figure>\n\t\t\t\t\r\n\t\t\t\t\t\t\t\t\t<figure class=\"flex flex-col gap-y-3.25 items-center text-center\">\n\t\t\t\t\n\t\t<img decoding=\"async\" src=\"https:\/\/twistedtales.tv\/wp-content\/uploads\/2025\/07\/img-team-5-1.webp\" alt=\"Andreja Lapuh\" loading=\"lazy\" class=\"lazyload aspect-square h-auto w-34.25 max-w-full rounded-full object-cover\">\n\t\t<figcaption>\n\t\t<strong class=\"block text-[0.7714285714em]\/tight\">Andreja <br>Lapuh<\/strong>\n\t\t\t\t\t<em class=\"block italic text-[0.6428571429em]\/normal -mt-[0.1666666667em]\">Slowenien<\/em>\n\t\t\t\t\n\t<\/figcaption>\n<\/figure>\n\t\t\t\t\r\n\t\t\t\t\t\t\t\t\t<figure class=\"flex flex-col gap-y-3.25 items-center text-center\">\n\t\t\t\t\n\t\t<img decoding=\"async\" src=\"https:\/\/twistedtales.tv\/wp-content\/uploads\/2025\/07\/img-team-3.webp\" alt=\"Suzana Krsti\u0107\" loading=\"lazy\" class=\"lazyload aspect-square h-auto w-34.25 max-w-full rounded-full object-cover\">\n\t\t<figcaption>\n\t\t<strong class=\"block text-[0.7714285714em]\/tight\">Suzana <br>Krsti\u0107<\/strong>\n\t\t\t\t\t<em class=\"block italic text-[0.6428571429em]\/normal -mt-[0.1666666667em]\">Serbien<\/em>\n\t\t\t\t\n\t<\/figcaption>\n<\/figure>\n\t\t\t\t\r\n\t\t\t\t\t\t\t\t\t<figure class=\"flex flex-col gap-y-3.25 items-center text-center\">\n\t\t\t\t\n\t\t<img decoding=\"async\" src=\"https:\/\/twistedtales.tv\/wp-content\/uploads\/2025\/07\/img-team-1.webp\" alt=\"Milica Ponjavi\u0107\" loading=\"lazy\" class=\"lazyload aspect-square h-auto w-34.25 max-w-full rounded-full object-cover\">\n\t\t<figcaption>\n\t\t<strong class=\"block text-[0.7714285714em]\/tight\">Milica <br>Ponjavi\u0107<\/strong>\n\t\t\t\t\t<em class=\"block italic text-[0.6428571429em]\/normal -mt-[0.1666666667em]\">Serbien<\/em>\n\t\t\t\t\n\t<\/figcaption>\n<\/figure>\n\t\t\t\t\r\n\t\t\t\t\t\t\t\t\t\t\t<\/div>\r\n\t\t\t<\/div>\r\n<\/section>\r\n\n\n\t\t\t\t<article\n\t\t\tclass=\"container about-article mb-10.75\">\n\t\t\t\t\t\t<div class=\"lg:grid lg:grid-cols-6 lg:gap-6.25\">\n\t\t\t\t<div class=\"space-y-5 lg:space-y-6.25 lg:col-span-4 lg:col-start-2\">\n\t\t\t\t\t\t\t\t\t\t\t<h1>Begleitet uns auf unserer Reise! <\/h1>\n\t\t\t\t\t\t\t\t\t\t\t\t\t\t\t\t\t\t\t\t\t\t\t\t\t\t\t\t\t\t\t\t\t\t\t\t\t<p><span style=\"font-weight: 400;\">Ob ihr selbst Kinder habt, unterrichtet oder einfach nur Geschichten liebt \u2013 wir laden euch ein, Twisted Tales zu entdecken. H\u00f6rt euch mit euren Kindern zusammen eine Geschichte an, besucht eine Auff\u00fchrung, holt einen Workshop in eure Community oder unterst\u00fctzt die Entstehung unseres n\u00e4chsten M\u00e4rchens.\u00a0<\/span><\/p>\n\t\t\t\t\t\t\t\t\t\t\t\t\t\t\t\t\t\t\t\t\t\t<\/div>\n\t\t\t<\/div>\n\t\t<\/article>\n\t","protected":false},"excerpt":{"rendered":"","protected":false},"author":2,"featured_media":0,"parent":0,"menu_order":0,"comment_status":"closed","ping_status":"closed","template":"","meta":{"_acf_changed":false,"footnotes":""},"class_list":["post-2149","page","type-page","status-publish","hentry"],"acf":[],"_links":{"self":[{"href":"https:\/\/twistedtales.tv\/de\/wp-json\/wp\/v2\/pages\/2149","targetHints":{"allow":["GET"]}}],"collection":[{"href":"https:\/\/twistedtales.tv\/de\/wp-json\/wp\/v2\/pages"}],"about":[{"href":"https:\/\/twistedtales.tv\/de\/wp-json\/wp\/v2\/types\/page"}],"author":[{"embeddable":true,"href":"https:\/\/twistedtales.tv\/de\/wp-json\/wp\/v2\/users\/2"}],"replies":[{"embeddable":true,"href":"https:\/\/twistedtales.tv\/de\/wp-json\/wp\/v2\/comments?post=2149"}],"version-history":[{"count":4,"href":"https:\/\/twistedtales.tv\/de\/wp-json\/wp\/v2\/pages\/2149\/revisions"}],"predecessor-version":[{"id":3121,"href":"https:\/\/twistedtales.tv\/de\/wp-json\/wp\/v2\/pages\/2149\/revisions\/3121"}],"wp:attachment":[{"href":"https:\/\/twistedtales.tv\/de\/wp-json\/wp\/v2\/media?parent=2149"}],"curies":[{"name":"wp","href":"https:\/\/api.w.org\/{rel}","templated":true}]}}